{"id":960,"date":"2020-11-19T13:35:39","date_gmt":"2020-11-19T12:35:39","guid":{"rendered":"https:\/\/santaeulariaculturaijoventut.com\/enlaces-de-interes\/"},"modified":"2021-11-16T08:12:08","modified_gmt":"2021-11-16T07:12:08","slug":"enlaces-de-interes","status":"publish","type":"page","link":"https:\/\/santaeulariaculturaijoventut.com\/es\/cuidinfants\/enlaces-de-interes\/","title":{"rendered":"Enlaces de inter\u00e9s"},"content":{"rendered":"<h4>\n\t\tEnlaces de inter\u00e9s\n\t<\/h4>\n\tLibro de cocina \u201cDel camp a la cuina\u201d y enlaces programa radio infantil \u201cCiutadans del futur i d\u2019avui\u201d:<br \/>\n<a href=\"http:\/\/www.santaeulalia.net\/index.php\/es\/participacion-ciudadana-es\/participacion-infantil-y-juvenil\" target=\"_blank\" rel=\"noopener noreferrer\">http:\/\/www.santaeulalia.net\/index.php\/es\/participacion-ciudadana-es\/participacion-infantil-y-juvenil<\/a>\nCuento \u201cCa Na Inf\u00e0ncia\u201c:<br \/>\n<a href=\"https:\/\/docs.google.com\/presentation\/d\/1-qsz3WB5z8cnuH4sv8uQh4GJPD2BQ_S-ly9zWyxHj3o\/edit#slide=id.p3\" target=\"_blank\" rel=\"noopener noreferrer\">https:\/\/docs.google.com\/presentation\/d\/1-qsz3WB5z8cnuH4sv8uQh4GJPD2BQ_S-ly9zWyxHj3o\/edit#slide=id.p3<\/a>\n\t\t\t<img decoding=\"async\" src=\"https:\/\/santaeulariaculturaijoventut.com\/wp-content\/uploads\/2020\/11\/enlaces.jpg\" title=\"enlaces\" alt=\"\" \/>\t\t\t\t\t\t\t\n\t\t\t\t\tPlay Video\n","protected":false},"excerpt":{"rendered":"<p>Enlaces de inter\u00e9s Libro de cocina \u201cDel camp a la cuina\u201d y enlaces programa radio infantil \u201cCiutadans del futur i d\u2019avui\u201d: http:\/\/www.santaeulalia.net\/index.php\/es\/participacion-ciudadana-es\/participacion-infantil-y-juvenil Cuento \u201cCa Na Inf\u00e0ncia\u201c: https:\/\/docs.google.com\/presentation\/d\/1-qsz3WB5z8cnuH4sv8uQh4GJPD2BQ_S-ly9zWyxHj3o\/edit#slide=id.p3 Play Video<\/p>\n","protected":false},"author":1,"featured_media":0,"parent":961,"menu_order":60,"comment_status":"closed","ping_status":"closed","template":"","meta":{"footnotes":""},"categories":[75,76],"tags":[],"folder":[72],"yoast_head":"<!-- This site is optimized with the Yoast SEO plugin v23.9 - https:\/\/yoast.com\/wordpress\/plugins\/seo\/ -->\n<title>Enlaces de inter\u00e9s - Cultura i Joventut, Santa Eul\u00e0ria des Riu<\/title>\n<meta name=\"robots\" content=\"noindex, nofollow\" \/>\n<meta property=\"og:locale\" content=\"es_ES\" \/>\n<meta property=\"og:type\" content=\"article\" \/>\n<meta property=\"og:title\" content=\"Enlaces de inter\u00e9s - Cultura i Joventut, Santa Eul\u00e0ria des Riu\" \/>\n<meta property=\"og:description\" content=\"Enlaces de inter\u00e9s Libro de cocina \u201cDel camp a la cuina\u201d y enlaces programa radio infantil \u201cCiutadans del futur i d\u2019avui\u201d: http:\/\/www.santaeulalia.net\/index.php\/es\/participacion-ciudadana-es\/participacion-infantil-y-juvenil Cuento \u201cCa Na Inf\u00e0ncia\u201c: https:\/\/docs.google.com\/presentation\/d\/1-qsz3WB5z8cnuH4sv8uQh4GJPD2BQ_S-ly9zWyxHj3o\/edit#slide=id.p3 Play Video\" \/>\n<meta property=\"og:url\" content=\"https:\/\/santaeulariaculturaijoventut.com\/es\/cuidinfants\/enlaces-de-interes\/\" \/>\n<meta property=\"og:site_name\" content=\"Cultura i Joventut, Santa Eul\u00e0ria des Riu\" \/>\n<meta property=\"article:modified_time\" content=\"2021-11-16T07:12:08+00:00\" \/>\n<meta property=\"og:image\" content=\"https:\/\/santaeulariaculturaijoventut.com\/wp-content\/uploads\/2020\/11\/enlaces.jpg\" \/>\n<meta name=\"twitter:card\" content=\"summary_large_image\" \/>\n<script type=\"application\/ld+json\" class=\"yoast-schema-graph\">{\"@context\":\"https:\/\/schema.org\",\"@graph\":[{\"@type\":\"WebPage\",\"@id\":\"https:\/\/santaeulariaculturaijoventut.com\/es\/cuidinfants\/enlaces-de-interes\/\",\"url\":\"https:\/\/santaeulariaculturaijoventut.com\/es\/cuidinfants\/enlaces-de-interes\/\",\"name\":\"Enlaces de inter\u00e9s - Cultura i Joventut, Santa Eul\u00e0ria des Riu\",\"isPartOf\":{\"@id\":\"https:\/\/santaeulariaculturaijoventut.com\/ca\/#website\"},\"primaryImageOfPage\":{\"@id\":\"https:\/\/santaeulariaculturaijoventut.com\/es\/cuidinfants\/enlaces-de-interes\/#primaryimage\"},\"image\":{\"@id\":\"https:\/\/santaeulariaculturaijoventut.com\/es\/cuidinfants\/enlaces-de-interes\/#primaryimage\"},\"thumbnailUrl\":\"https:\/\/santaeulariaculturaijoventut.com\/wp-content\/uploads\/2020\/11\/enlaces.jpg\",\"datePublished\":\"2020-11-19T12:35:39+00:00\",\"dateModified\":\"2021-11-16T07:12:08+00:00\",\"breadcrumb\":{\"@id\":\"https:\/\/santaeulariaculturaijoventut.com\/es\/cuidinfants\/enlaces-de-interes\/#breadcrumb\"},\"inLanguage\":\"es\",\"potentialAction\":[{\"@type\":\"ReadAction\",\"target\":[\"https:\/\/santaeulariaculturaijoventut.com\/es\/cuidinfants\/enlaces-de-interes\/\"]}]},{\"@type\":\"ImageObject\",\"inLanguage\":\"es\",\"@id\":\"https:\/\/santaeulariaculturaijoventut.com\/es\/cuidinfants\/enlaces-de-interes\/#primaryimage\",\"url\":\"https:\/\/santaeulariaculturaijoventut.com\/wp-content\/uploads\/2020\/11\/enlaces.jpg\",\"contentUrl\":\"https:\/\/santaeulariaculturaijoventut.com\/wp-content\/uploads\/2020\/11\/enlaces.jpg\"},{\"@type\":\"BreadcrumbList\",\"@id\":\"https:\/\/santaeulariaculturaijoventut.com\/es\/cuidinfants\/enlaces-de-interes\/#breadcrumb\",\"itemListElement\":[{\"@type\":\"ListItem\",\"position\":1,\"name\":\"Inici\",\"item\":\"https:\/\/santaeulariaculturaijoventut.com\/es\/escola-de-pasqua\/informacio-escola-de-pasqua\/\"},{\"@type\":\"ListItem\",\"position\":2,\"name\":\"Cuidinfants Edici\u00f3n 2020\",\"item\":\"https:\/\/santaeulariaculturaijoventut.com\/es\/cuidinfants\/\"},{\"@type\":\"ListItem\",\"position\":3,\"name\":\"Enlaces de inter\u00e9s\"}]},{\"@type\":\"WebSite\",\"@id\":\"https:\/\/santaeulariaculturaijoventut.com\/ca\/#website\",\"url\":\"https:\/\/santaeulariaculturaijoventut.com\/ca\/\",\"name\":\"Cultura i Joventut, Santa Eul\u00e0ria des Riu\",\"description\":\"Cultura i Joventut, Santa Eul\u00e0ria des Riu\",\"potentialAction\":[{\"@type\":\"SearchAction\",\"target\":{\"@type\":\"EntryPoint\",\"urlTemplate\":\"https:\/\/santaeulariaculturaijoventut.com\/ca\/?s={search_term_string}\"},\"query-input\":{\"@type\":\"PropertyValueSpecification\",\"valueRequired\":true,\"valueName\":\"search_term_string\"}}],\"inLanguage\":\"es\"}]}<\/script>\n<!-- \/ Yoast SEO plugin. -->","yoast_head_json":{"title":"Enlaces de inter\u00e9s - Cultura i Joventut, Santa Eul\u00e0ria des Riu","robots":{"index":"noindex","follow":"nofollow"},"og_locale":"es_ES","og_type":"article","og_title":"Enlaces de inter\u00e9s - Cultura i Joventut, Santa Eul\u00e0ria des Riu","og_description":"Enlaces de inter\u00e9s Libro de cocina \u201cDel camp a la cuina\u201d y enlaces programa radio infantil \u201cCiutadans del futur i d\u2019avui\u201d: http:\/\/www.santaeulalia.net\/index.php\/es\/participacion-ciudadana-es\/participacion-infantil-y-juvenil Cuento \u201cCa Na Inf\u00e0ncia\u201c: https:\/\/docs.google.com\/presentation\/d\/1-qsz3WB5z8cnuH4sv8uQh4GJPD2BQ_S-ly9zWyxHj3o\/edit#slide=id.p3 Play Video","og_url":"https:\/\/santaeulariaculturaijoventut.com\/es\/cuidinfants\/enlaces-de-interes\/","og_site_name":"Cultura i Joventut, Santa Eul\u00e0ria des Riu","article_modified_time":"2021-11-16T07:12:08+00:00","og_image":[{"url":"https:\/\/santaeulariaculturaijoventut.com\/wp-content\/uploads\/2020\/11\/enlaces.jpg"}],"twitter_card":"summary_large_image","schema":{"@context":"https:\/\/schema.org","@graph":[{"@type":"WebPage","@id":"https:\/\/santaeulariaculturaijoventut.com\/es\/cuidinfants\/enlaces-de-interes\/","url":"https:\/\/santaeulariaculturaijoventut.com\/es\/cuidinfants\/enlaces-de-interes\/","name":"Enlaces de inter\u00e9s - Cultura i Joventut, Santa Eul\u00e0ria des Riu","isPartOf":{"@id":"https:\/\/santaeulariaculturaijoventut.com\/ca\/#website"},"primaryImageOfPage":{"@id":"https:\/\/santaeulariaculturaijoventut.com\/es\/cuidinfants\/enlaces-de-interes\/#primaryimage"},"image":{"@id":"https:\/\/santaeulariaculturaijoventut.com\/es\/cuidinfants\/enlaces-de-interes\/#primaryimage"},"thumbnailUrl":"https:\/\/santaeulariaculturaijoventut.com\/wp-content\/uploads\/2020\/11\/enlaces.jpg","datePublished":"2020-11-19T12:35:39+00:00","dateModified":"2021-11-16T07:12:08+00:00","breadcrumb":{"@id":"https:\/\/santaeulariaculturaijoventut.com\/es\/cuidinfants\/enlaces-de-interes\/#breadcrumb"},"inLanguage":"es","potentialAction":[{"@type":"ReadAction","target":["https:\/\/santaeulariaculturaijoventut.com\/es\/cuidinfants\/enlaces-de-interes\/"]}]},{"@type":"ImageObject","inLanguage":"es","@id":"https:\/\/santaeulariaculturaijoventut.com\/es\/cuidinfants\/enlaces-de-interes\/#primaryimage","url":"https:\/\/santaeulariaculturaijoventut.com\/wp-content\/uploads\/2020\/11\/enlaces.jpg","contentUrl":"https:\/\/santaeulariaculturaijoventut.com\/wp-content\/uploads\/2020\/11\/enlaces.jpg"},{"@type":"BreadcrumbList","@id":"https:\/\/santaeulariaculturaijoventut.com\/es\/cuidinfants\/enlaces-de-interes\/#breadcrumb","itemListElement":[{"@type":"ListItem","position":1,"name":"Inici","item":"https:\/\/santaeulariaculturaijoventut.com\/es\/escola-de-pasqua\/informacio-escola-de-pasqua\/"},{"@type":"ListItem","position":2,"name":"Cuidinfants Edici\u00f3n 2020","item":"https:\/\/santaeulariaculturaijoventut.com\/es\/cuidinfants\/"},{"@type":"ListItem","position":3,"name":"Enlaces de inter\u00e9s"}]},{"@type":"WebSite","@id":"https:\/\/santaeulariaculturaijoventut.com\/ca\/#website","url":"https:\/\/santaeulariaculturaijoventut.com\/ca\/","name":"Cultura i Joventut, Santa Eul\u00e0ria des Riu","description":"Cultura i Joventut, Santa Eul\u00e0ria des Riu","potentialAction":[{"@type":"SearchAction","target":{"@type":"EntryPoint","urlTemplate":"https:\/\/santaeulariaculturaijoventut.com\/ca\/?s={search_term_string}"},"query-input":{"@type":"PropertyValueSpecification","valueRequired":true,"valueName":"search_term_string"}}],"inLanguage":"es"}]}},"_links":{"self":[{"href":"https:\/\/santaeulariaculturaijoventut.com\/es\/wp-json\/wp\/v2\/pages\/960"}],"collection":[{"href":"https:\/\/santaeulariaculturaijoventut.com\/es\/wp-json\/wp\/v2\/pages"}],"about":[{"href":"https:\/\/santaeulariaculturaijoventut.com\/es\/wp-json\/wp\/v2\/types\/page"}],"author":[{"embeddable":true,"href":"https:\/\/santaeulariaculturaijoventut.com\/es\/wp-json\/wp\/v2\/users\/1"}],"replies":[{"embeddable":true,"href":"https:\/\/santaeulariaculturaijoventut.com\/es\/wp-json\/wp\/v2\/comments?post=960"}],"version-history":[{"count":1,"href":"https:\/\/santaeulariaculturaijoventut.com\/es\/wp-json\/wp\/v2\/pages\/960\/revisions"}],"predecessor-version":[{"id":4442,"href":"https:\/\/santaeulariaculturaijoventut.com\/es\/wp-json\/wp\/v2\/pages\/960\/revisions\/4442"}],"up":[{"embeddable":true,"href":"https:\/\/santaeulariaculturaijoventut.com\/es\/wp-json\/wp\/v2\/pages\/961"}],"wp:attachment":[{"href":"https:\/\/santaeulariaculturaijoventut.com\/es\/wp-json\/wp\/v2\/media?parent=960"}],"wp:term":[{"taxonomy":"category","embeddable":true,"href":"https:\/\/santaeulariaculturaijoventut.com\/es\/wp-json\/wp\/v2\/categories?post=960"},{"taxonomy":"post_tag","embeddable":true,"href":"https:\/\/santaeulariaculturaijoventut.com\/es\/wp-json\/wp\/v2\/tags?post=960"},{"taxonomy":"folder","embeddable":true,"href":"https:\/\/santaeulariaculturaijoventut.com\/es\/wp-json\/wp\/v2\/folder?post=960"}],"curies":[{"name":"wp","href":"https:\/\/api.w.org\/{rel}","templated":true}]}}