{"id":959,"date":"2020-11-19T13:33:57","date_gmt":"2020-11-19T12:33:57","guid":{"rendered":"https:\/\/santaeulariaculturaijoventut.com\/consejo-infantil-y-juvenil\/"},"modified":"2021-11-16T08:12:05","modified_gmt":"2021-11-16T07:12:05","slug":"consejo-infantil-y-juvenil","status":"publish","type":"page","link":"https:\/\/santaeulariaculturaijoventut.com\/es\/cuidinfants\/consejo-infantil-y-juvenil\/","title":{"rendered":"Consejo Infantil y Juvenil"},"content":{"rendered":"<h4>\n\t\tConsejo de Participaci\u00f3n Infantil y Juvenil\n\t<\/h4>\n\t<p><strong>\u00bfQu\u00e9 es y qui\u00e9nes son sus representantes?<\/strong><\/p>\n<p>Uno de los \u00f3rganos fundamentales que impuls\u00f3 el Ayuntamiento de Santa Eul\u00e0ria des Riu, con la colaboraci\u00f3n de los centros educativos, fue la creaci\u00f3n del Consejo de Participaci\u00f3n Infantil y Juvenil. Este consejo de participaci\u00f3n est\u00e1 formado por 2 representantes titulares y 2 representantes suplentes de todos los centros de educaci\u00f3n primaria y secundaria del municipio de Santa Eul\u00e0ria, as\u00ed como de los centros de educaci\u00f3n secundaria de otros municipios pero que reciben alumnado del municipio de Santa Eul\u00e0ria.<\/p>\n<p>Cada curso escolar se celebran dos Plenos Infantiles y Juveniles, uno en el mes de diciembre y otro en el mes de junio, en los que los representantes del Consejo de Participaci\u00f3n se re\u00fanen con la alcaldesa y el equipo de gobierno del Ayuntamiento para hacer propuestas de mejora y tratar temas de inter\u00e9s para los m\u00e1s peque\u00f1os.<\/p>\n<p>Adem\u00e1s de los dos plenos infantiles, los ni\u00f1os y las ni\u00f1as representantes se re\u00fanen con los t\u00e9cnicos del Ayuntamiento para preparar propuestas, proyectos y trabajar la participaci\u00f3n infantil y juvenil.<\/p>\n<p><strong>Escalando en la participaci\u00f3n. <\/strong> A nivel auton\u00f3mico y estatal se est\u00e1n impulsando espacios de encuentro que trascienden el \u00e1mbito municipal. A trav\u00e9s de estos espacios, los ni\u00f1os y ni\u00f1as de consejos locales de participaci\u00f3n tienen la oportunidad de interactuar y compartir sus propuestas con otros compa\u00f1eros de consejos.<\/p>\n<p>Los espacios en los que participan cada a\u00f1o representantes del Consejo de Participaci\u00f3n Infantil y Juvenil son:<\/p>\n<p><strong>&#8211; Parlament Infantil de les Illes Balears.<\/strong> Con motivo del D\u00eda Universal de la Infancia, UNICEF Comit\u00e9 Baleares y la Oficina Balear de la Infancia y la Adolescencia organizan conjuntamente con el Parlament de les Illes Balears el Parlament Infantil de les Illes Balears.<\/p>\n<p><strong>&#8211; Encuentros estatales de participaci\u00f3n infantil y juvenil.<\/strong> Ni\u00f1os, ni\u00f1as y adolescentes de los consejos de participaci\u00f3n de todo el territorio espa\u00f1ol tienen una cita cada dos a\u00f1os en los encuentros estatales. Tras realizar un valioso trabajo previo en sus localidades, el fin de semana del encuentro comparten sus conclusiones y propuestas sobre las tem\u00e1ticas planteadas.<\/p>\n<p><strong>&#8211; Congresos de Ciudades Amigas de la Infancia:<\/strong> El Programa Ciudades Amigas de la Infancia organiza cada dos a\u00f1os un encuentro (Congresos de Ciudades Amigas de la Infancia) para compartir ideas y experiencias entre diferentes agentes sociales y generar conocimiento y propuestas eficaces para el avance de los derechos de la infancia.<\/p>\n\t\t\t\t<a\n\t\t\thref=\"https:\/\/santaeulariaculturaijoventut.com\/wp-content\/uploads\/2020\/11\/IMG-20201118-WA0005.jpg\"\n\t\t\t\t\t\tdata-fancybox=\"images\" \n\t\t\ttitle=\"IMG-20201118-WA0005\" \n\t\t\t\t\t\tdata-description=\"\" \n\t\t\titemprop=\"contentUrl\"\n\t\t>\n\t\t<img decoding=\"async\" src=\"https:\/\/santaeulariaculturaijoventut.com\/wp-content\/uploads\/2020\/11\/IMG-20201118-WA0005-300x225.jpg\" alt=\"\" data-no-lazy=\"1\" itemprop=\"thumbnail\" \/>\n\t\t\t<!-- Overlay Wrapper -->\n\t\t\t <!-- Overlay Wrapper Closed -->\n\t\t\t\t<\/a>\n\t\t\t\t\t\t\t<meta itemprop=\"width\" content=\"300\" \/>\n\t\t\t<meta itemprop=\"height\" content=\"225\" \/>\n\t\t\t\t<a\n\t\t\thref=\"https:\/\/santaeulariaculturaijoventut.com\/wp-content\/uploads\/2020\/11\/IMG-20201118-WA0006.jpg\"\n\t\t\t\t\t\tdata-fancybox=\"images\" \n\t\t\ttitle=\"IMG-20201118-WA0006\" \n\t\t\t\t\t\tdata-description=\"\" \n\t\t\titemprop=\"contentUrl\"\n\t\t>\n\t\t<img decoding=\"async\" src=\"https:\/\/santaeulariaculturaijoventut.com\/wp-content\/uploads\/2020\/11\/IMG-20201118-WA0006-300x225.jpg\" alt=\"\" data-no-lazy=\"1\" itemprop=\"thumbnail\" \/>\n\t\t\t<!-- Overlay Wrapper -->\n\t\t\t <!-- Overlay Wrapper Closed -->\n\t\t\t\t<\/a>\n\t\t\t\t\t\t\t<meta itemprop=\"width\" content=\"300\" \/>\n\t\t\t<meta itemprop=\"height\" content=\"225\" \/>\n\t\t\t\t<a\n\t\t\thref=\"https:\/\/santaeulariaculturaijoventut.com\/wp-content\/uploads\/2020\/11\/IMG-20201118-WA0007.jpg\"\n\t\t\t\t\t\tdata-fancybox=\"images\" \n\t\t\ttitle=\"IMG-20201118-WA0007\" \n\t\t\t\t\t\tdata-description=\"\" \n\t\t\titemprop=\"contentUrl\"\n\t\t>\n\t\t<img decoding=\"async\" src=\"https:\/\/santaeulariaculturaijoventut.com\/wp-content\/uploads\/2020\/11\/IMG-20201118-WA0007-300x225.jpg\" alt=\"\" data-no-lazy=\"1\" itemprop=\"thumbnail\" \/>\n\t\t\t<!-- Overlay Wrapper -->\n\t\t\t <!-- Overlay Wrapper Closed -->\n\t\t\t\t<\/a>\n\t\t\t\t\t\t\t<meta itemprop=\"width\" content=\"300\" \/>\n\t\t\t<meta itemprop=\"height\" content=\"225\" \/>\n\t\t\t\t<a\n\t\t\thref=\"https:\/\/santaeulariaculturaijoventut.com\/wp-content\/uploads\/2020\/11\/IMG-20201118-WA0008.jpg\"\n\t\t\t\t\t\tdata-fancybox=\"images\" \n\t\t\ttitle=\"IMG-20201118-WA0008\" \n\t\t\t\t\t\tdata-description=\"\" \n\t\t\titemprop=\"contentUrl\"\n\t\t>\n\t\t<img decoding=\"async\" src=\"https:\/\/santaeulariaculturaijoventut.com\/wp-content\/uploads\/2020\/11\/IMG-20201118-WA0008-300x225.jpg\" alt=\"\" data-no-lazy=\"1\" itemprop=\"thumbnail\" \/>\n\t\t\t<!-- Overlay Wrapper -->\n\t\t\t <!-- Overlay Wrapper Closed -->\n\t\t\t\t<\/a>\n\t\t\t\t\t\t\t<meta itemprop=\"width\" content=\"300\" \/>\n\t\t\t<meta itemprop=\"height\" content=\"225\" \/>\n\t\t\t\t<a\n\t\t\thref=\"https:\/\/santaeulariaculturaijoventut.com\/wp-content\/uploads\/2020\/11\/IMG-20201118-WA0009.jpg\"\n\t\t\t\t\t\tdata-fancybox=\"images\" \n\t\t\ttitle=\"IMG-20201118-WA0009\" \n\t\t\t\t\t\tdata-description=\"\" \n\t\t\titemprop=\"contentUrl\"\n\t\t>\n\t\t<img decoding=\"async\" src=\"https:\/\/santaeulariaculturaijoventut.com\/wp-content\/uploads\/2020\/11\/IMG-20201118-WA0009-300x225.jpg\" alt=\"\" data-no-lazy=\"1\" itemprop=\"thumbnail\" \/>\n\t\t\t<!-- Overlay Wrapper -->\n\t\t\t <!-- Overlay Wrapper Closed -->\n\t\t\t\t<\/a>\n\t\t\t\t\t\t\t<meta itemprop=\"width\" content=\"300\" \/>\n\t\t\t<meta itemprop=\"height\" content=\"225\" \/>\n\t\t\t\t<a\n\t\t\thref=\"https:\/\/santaeulariaculturaijoventut.com\/wp-content\/uploads\/2020\/11\/IMG-20201118-WA0010.jpg\"\n\t\t\t\t\t\tdata-fancybox=\"images\" \n\t\t\ttitle=\"IMG-20201118-WA0010\" \n\t\t\t\t\t\tdata-description=\"\" \n\t\t\titemprop=\"contentUrl\"\n\t\t>\n\t\t<img decoding=\"async\" src=\"https:\/\/santaeulariaculturaijoventut.com\/wp-content\/uploads\/2020\/11\/IMG-20201118-WA0010-300x225.jpg\" alt=\"\" data-no-lazy=\"1\" itemprop=\"thumbnail\" \/>\n\t\t\t<!-- Overlay Wrapper -->\n\t\t\t <!-- Overlay Wrapper Closed -->\n\t\t\t\t<\/a>\n\t\t\t\t\t\t\t<meta itemprop=\"width\" content=\"300\" \/>\n\t\t\t<meta itemprop=\"height\" content=\"225\" \/>\n\t\t\t\t<a\n\t\t\thref=\"https:\/\/santaeulariaculturaijoventut.com\/wp-content\/uploads\/2020\/11\/IMG-20201118-WA0011.jpg\"\n\t\t\t\t\t\tdata-fancybox=\"images\" \n\t\t\ttitle=\"IMG-20201118-WA0011\" \n\t\t\t\t\t\tdata-description=\"\" \n\t\t\titemprop=\"contentUrl\"\n\t\t>\n\t\t<img decoding=\"async\" src=\"https:\/\/santaeulariaculturaijoventut.com\/wp-content\/uploads\/2020\/11\/IMG-20201118-WA0011-300x225.jpg\" alt=\"\" data-no-lazy=\"1\" itemprop=\"thumbnail\" \/>\n\t\t\t<!-- Overlay Wrapper -->\n\t\t\t <!-- Overlay Wrapper Closed -->\n\t\t\t\t<\/a>\n\t\t\t\t\t\t\t<meta itemprop=\"width\" content=\"300\" \/>\n\t\t\t<meta itemprop=\"height\" content=\"225\" \/>\n\t","protected":false},"excerpt":{"rendered":"<p>Consejo de Participaci\u00f3n Infantil y Juvenil \u00bfQu\u00e9 es y qui\u00e9nes son sus representantes? Uno de los \u00f3rganos fundamentales que impuls\u00f3 el Ayuntamiento de Santa Eul\u00e0ria des Riu, con la colaboraci\u00f3n de los centros educativos, fue la creaci\u00f3n del Consejo de Participaci\u00f3n Infantil y Juvenil. Este consejo de participaci\u00f3n est\u00e1 formado por 2 representantes titulares y&hellip;<\/p>\n","protected":false},"author":1,"featured_media":0,"parent":961,"menu_order":50,"comment_status":"closed","ping_status":"closed","template":"","meta":{"footnotes":""},"categories":[75,76],"tags":[],"folder":[72],"yoast_head":"<!-- This site is optimized with the Yoast SEO plugin v23.9 - https:\/\/yoast.com\/wordpress\/plugins\/seo\/ -->\n<title>Consejo Infantil y Juvenil - Cultura i Joventut, Santa Eul\u00e0ria des Riu<\/title>\n<meta name=\"description\" content=\"Uno de los \u00f3rganos fundamentales que impuls\u00f3 el Ayuntamiento de Santa Eul\u00e0ria des Riu fue la creaci\u00f3n del Consejo de Participaci\u00f3n Infantil y Juvenil.\" \/>\n<meta name=\"robots\" content=\"noindex, nofollow\" \/>\n<meta property=\"og:locale\" content=\"es_ES\" \/>\n<meta property=\"og:type\" content=\"article\" \/>\n<meta property=\"og:title\" content=\"Consejo Infantil y Juvenil - Cultura i Joventut, Santa Eul\u00e0ria des Riu\" \/>\n<meta property=\"og:description\" content=\"Uno de los \u00f3rganos fundamentales que impuls\u00f3 el Ayuntamiento de Santa Eul\u00e0ria des Riu fue la creaci\u00f3n del Consejo de Participaci\u00f3n Infantil y Juvenil.\" \/>\n<meta property=\"og:url\" content=\"https:\/\/santaeulariaculturaijoventut.com\/es\/cuidinfants\/consejo-infantil-y-juvenil\/\" \/>\n<meta property=\"og:site_name\" content=\"Cultura i Joventut, Santa Eul\u00e0ria des Riu\" \/>\n<meta property=\"article:modified_time\" content=\"2021-11-16T07:12:05+00:00\" \/>\n<meta property=\"og:image\" content=\"https:\/\/santaeulariaculturaijoventut.com\/wp-content\/uploads\/2020\/11\/IMG-20201118-WA0005-300x225.jpg\" \/>\n<meta name=\"twitter:card\" content=\"summary_large_image\" \/>\n<meta name=\"twitter:label1\" content=\"Tiempo de lectura\" \/>\n\t<meta name=\"twitter:data1\" content=\"2 minutos\" \/>\n<script type=\"application\/ld+json\" class=\"yoast-schema-graph\">{\"@context\":\"https:\/\/schema.org\",\"@graph\":[{\"@type\":\"WebPage\",\"@id\":\"https:\/\/santaeulariaculturaijoventut.com\/es\/cuidinfants\/consejo-infantil-y-juvenil\/\",\"url\":\"https:\/\/santaeulariaculturaijoventut.com\/es\/cuidinfants\/consejo-infantil-y-juvenil\/\",\"name\":\"Consejo Infantil y Juvenil - Cultura i Joventut, Santa Eul\u00e0ria des Riu\",\"isPartOf\":{\"@id\":\"https:\/\/santaeulariaculturaijoventut.com\/ca\/#website\"},\"primaryImageOfPage\":{\"@id\":\"https:\/\/santaeulariaculturaijoventut.com\/es\/cuidinfants\/consejo-infantil-y-juvenil\/#primaryimage\"},\"image\":{\"@id\":\"https:\/\/santaeulariaculturaijoventut.com\/es\/cuidinfants\/consejo-infantil-y-juvenil\/#primaryimage\"},\"thumbnailUrl\":\"https:\/\/santaeulariaculturaijoventut.com\/wp-content\/uploads\/2020\/11\/IMG-20201118-WA0005-300x225.jpg\",\"datePublished\":\"2020-11-19T12:33:57+00:00\",\"dateModified\":\"2021-11-16T07:12:05+00:00\",\"description\":\"Uno de los \u00f3rganos fundamentales que impuls\u00f3 el Ayuntamiento de Santa Eul\u00e0ria des Riu fue la creaci\u00f3n del Consejo de Participaci\u00f3n Infantil y Juvenil.\",\"breadcrumb\":{\"@id\":\"https:\/\/santaeulariaculturaijoventut.com\/es\/cuidinfants\/consejo-infantil-y-juvenil\/#breadcrumb\"},\"inLanguage\":\"es\",\"potentialAction\":[{\"@type\":\"ReadAction\",\"target\":[\"https:\/\/santaeulariaculturaijoventut.com\/es\/cuidinfants\/consejo-infantil-y-juvenil\/\"]}]},{\"@type\":\"ImageObject\",\"inLanguage\":\"es\",\"@id\":\"https:\/\/santaeulariaculturaijoventut.com\/es\/cuidinfants\/consejo-infantil-y-juvenil\/#primaryimage\",\"url\":\"https:\/\/santaeulariaculturaijoventut.com\/wp-content\/uploads\/2020\/11\/IMG-20201118-WA0005-300x225.jpg\",\"contentUrl\":\"https:\/\/santaeulariaculturaijoventut.com\/wp-content\/uploads\/2020\/11\/IMG-20201118-WA0005-300x225.jpg\"},{\"@type\":\"BreadcrumbList\",\"@id\":\"https:\/\/santaeulariaculturaijoventut.com\/es\/cuidinfants\/consejo-infantil-y-juvenil\/#breadcrumb\",\"itemListElement\":[{\"@type\":\"ListItem\",\"position\":1,\"name\":\"Inici\",\"item\":\"https:\/\/santaeulariaculturaijoventut.com\/es\/escoles-estiu\/informacio-escoles-destiu\/\"},{\"@type\":\"ListItem\",\"position\":2,\"name\":\"Cuidinfants Edici\u00f3n 2020\",\"item\":\"https:\/\/santaeulariaculturaijoventut.com\/es\/cuidinfants\/\"},{\"@type\":\"ListItem\",\"position\":3,\"name\":\"Consejo Infantil y Juvenil\"}]},{\"@type\":\"WebSite\",\"@id\":\"https:\/\/santaeulariaculturaijoventut.com\/ca\/#website\",\"url\":\"https:\/\/santaeulariaculturaijoventut.com\/ca\/\",\"name\":\"Cultura i Joventut, Santa Eul\u00e0ria des Riu\",\"description\":\"Cultura i Joventut, Santa Eul\u00e0ria des Riu\",\"potentialAction\":[{\"@type\":\"SearchAction\",\"target\":{\"@type\":\"EntryPoint\",\"urlTemplate\":\"https:\/\/santaeulariaculturaijoventut.com\/ca\/?s={search_term_string}\"},\"query-input\":{\"@type\":\"PropertyValueSpecification\",\"valueRequired\":true,\"valueName\":\"search_term_string\"}}],\"inLanguage\":\"es\"}]}<\/script>\n<!-- \/ Yoast SEO plugin. -->","yoast_head_json":{"title":"Consejo Infantil y Juvenil - Cultura i Joventut, Santa Eul\u00e0ria des Riu","description":"Uno de los \u00f3rganos fundamentales que impuls\u00f3 el Ayuntamiento de Santa Eul\u00e0ria des Riu fue la creaci\u00f3n del Consejo de Participaci\u00f3n Infantil y Juvenil.","robots":{"index":"noindex","follow":"nofollow"},"og_locale":"es_ES","og_type":"article","og_title":"Consejo Infantil y Juvenil - Cultura i Joventut, Santa Eul\u00e0ria des Riu","og_description":"Uno de los \u00f3rganos fundamentales que impuls\u00f3 el Ayuntamiento de Santa Eul\u00e0ria des Riu fue la creaci\u00f3n del Consejo de Participaci\u00f3n Infantil y Juvenil.","og_url":"https:\/\/santaeulariaculturaijoventut.com\/es\/cuidinfants\/consejo-infantil-y-juvenil\/","og_site_name":"Cultura i Joventut, Santa Eul\u00e0ria des Riu","article_modified_time":"2021-11-16T07:12:05+00:00","og_image":[{"url":"https:\/\/santaeulariaculturaijoventut.com\/wp-content\/uploads\/2020\/11\/IMG-20201118-WA0005-300x225.jpg"}],"twitter_card":"summary_large_image","twitter_misc":{"Tiempo de lectura":"2 minutos"},"schema":{"@context":"https:\/\/schema.org","@graph":[{"@type":"WebPage","@id":"https:\/\/santaeulariaculturaijoventut.com\/es\/cuidinfants\/consejo-infantil-y-juvenil\/","url":"https:\/\/santaeulariaculturaijoventut.com\/es\/cuidinfants\/consejo-infantil-y-juvenil\/","name":"Consejo Infantil y Juvenil - Cultura i Joventut, Santa Eul\u00e0ria des Riu","isPartOf":{"@id":"https:\/\/santaeulariaculturaijoventut.com\/ca\/#website"},"primaryImageOfPage":{"@id":"https:\/\/santaeulariaculturaijoventut.com\/es\/cuidinfants\/consejo-infantil-y-juvenil\/#primaryimage"},"image":{"@id":"https:\/\/santaeulariaculturaijoventut.com\/es\/cuidinfants\/consejo-infantil-y-juvenil\/#primaryimage"},"thumbnailUrl":"https:\/\/santaeulariaculturaijoventut.com\/wp-content\/uploads\/2020\/11\/IMG-20201118-WA0005-300x225.jpg","datePublished":"2020-11-19T12:33:57+00:00","dateModified":"2021-11-16T07:12:05+00:00","description":"Uno de los \u00f3rganos fundamentales que impuls\u00f3 el Ayuntamiento de Santa Eul\u00e0ria des Riu fue la creaci\u00f3n del Consejo de Participaci\u00f3n Infantil y Juvenil.","breadcrumb":{"@id":"https:\/\/santaeulariaculturaijoventut.com\/es\/cuidinfants\/consejo-infantil-y-juvenil\/#breadcrumb"},"inLanguage":"es","potentialAction":[{"@type":"ReadAction","target":["https:\/\/santaeulariaculturaijoventut.com\/es\/cuidinfants\/consejo-infantil-y-juvenil\/"]}]},{"@type":"ImageObject","inLanguage":"es","@id":"https:\/\/santaeulariaculturaijoventut.com\/es\/cuidinfants\/consejo-infantil-y-juvenil\/#primaryimage","url":"https:\/\/santaeulariaculturaijoventut.com\/wp-content\/uploads\/2020\/11\/IMG-20201118-WA0005-300x225.jpg","contentUrl":"https:\/\/santaeulariaculturaijoventut.com\/wp-content\/uploads\/2020\/11\/IMG-20201118-WA0005-300x225.jpg"},{"@type":"BreadcrumbList","@id":"https:\/\/santaeulariaculturaijoventut.com\/es\/cuidinfants\/consejo-infantil-y-juvenil\/#breadcrumb","itemListElement":[{"@type":"ListItem","position":1,"name":"Inici","item":"https:\/\/santaeulariaculturaijoventut.com\/es\/escoles-estiu\/informacio-escoles-destiu\/"},{"@type":"ListItem","position":2,"name":"Cuidinfants Edici\u00f3n 2020","item":"https:\/\/santaeulariaculturaijoventut.com\/es\/cuidinfants\/"},{"@type":"ListItem","position":3,"name":"Consejo Infantil y Juvenil"}]},{"@type":"WebSite","@id":"https:\/\/santaeulariaculturaijoventut.com\/ca\/#website","url":"https:\/\/santaeulariaculturaijoventut.com\/ca\/","name":"Cultura i Joventut, Santa Eul\u00e0ria des Riu","description":"Cultura i Joventut, Santa Eul\u00e0ria des Riu","potentialAction":[{"@type":"SearchAction","target":{"@type":"EntryPoint","urlTemplate":"https:\/\/santaeulariaculturaijoventut.com\/ca\/?s={search_term_string}"},"query-input":{"@type":"PropertyValueSpecification","valueRequired":true,"valueName":"search_term_string"}}],"inLanguage":"es"}]}},"_links":{"self":[{"href":"https:\/\/santaeulariaculturaijoventut.com\/es\/wp-json\/wp\/v2\/pages\/959"}],"collection":[{"href":"https:\/\/santaeulariaculturaijoventut.com\/es\/wp-json\/wp\/v2\/pages"}],"about":[{"href":"https:\/\/santaeulariaculturaijoventut.com\/es\/wp-json\/wp\/v2\/types\/page"}],"author":[{"embeddable":true,"href":"https:\/\/santaeulariaculturaijoventut.com\/es\/wp-json\/wp\/v2\/users\/1"}],"replies":[{"embeddable":true,"href":"https:\/\/santaeulariaculturaijoventut.com\/es\/wp-json\/wp\/v2\/comments?post=959"}],"version-history":[{"count":1,"href":"https:\/\/santaeulariaculturaijoventut.com\/es\/wp-json\/wp\/v2\/pages\/959\/revisions"}],"predecessor-version":[{"id":4441,"href":"https:\/\/santaeulariaculturaijoventut.com\/es\/wp-json\/wp\/v2\/pages\/959\/revisions\/4441"}],"up":[{"embeddable":true,"href":"https:\/\/santaeulariaculturaijoventut.com\/es\/wp-json\/wp\/v2\/pages\/961"}],"wp:attachment":[{"href":"https:\/\/santaeulariaculturaijoventut.com\/es\/wp-json\/wp\/v2\/media?parent=959"}],"wp:term":[{"taxonomy":"category","embeddable":true,"href":"https:\/\/santaeulariaculturaijoventut.com\/es\/wp-json\/wp\/v2\/categories?post=959"},{"taxonomy":"post_tag","embeddable":true,"href":"https:\/\/santaeulariaculturaijoventut.com\/es\/wp-json\/wp\/v2\/tags?post=959"},{"taxonomy":"folder","embeddable":true,"href":"https:\/\/santaeulariaculturaijoventut.com\/es\/wp-json\/wp\/v2\/folder?post=959"}],"curies":[{"name":"wp","href":"https:\/\/api.w.org\/{rel}","templated":true}]}}