{"id":958,"date":"2020-11-19T13:11:55","date_gmt":"2020-11-19T12:11:55","guid":{"rendered":"https:\/\/santaeulariaculturaijoventut.com\/ciudad-amiga-de-la-infancia\/"},"modified":"2021-11-16T08:12:02","modified_gmt":"2021-11-16T07:12:02","slug":"ciudad-amiga-de-la-infancia","status":"publish","type":"page","link":"https:\/\/santaeulariaculturaijoventut.com\/es\/cuidinfants\/ciudad-amiga-de-la-infancia\/","title":{"rendered":"Ciudad Amiga de la Infancia"},"content":{"rendered":"<h4>\n\t\tCiudad Amiga de la Infancia\n\t<\/h4>\n\t<p>El municipio de Santa Eul\u00e0ria des Riu recibi\u00f3 el reconocimiento de UNICEF como Ciudad Amiga de la Infancia en 2012. Este reconocimiento se otorga a aquellos municipios comprometidos con el cumplimiento de los derechos de ni\u00f1os, ni\u00f1as y adolescentes de acuerdo con la Convenci\u00f3n sobre el Derechos del Ni\u00f1o (CDN).<\/p>\n<p>Ser una Ciudad Amiga de la infancia significa trasladar la CDN a nivel local, reconociendo a los ni\u00f1os y ni\u00f1as su derecho a que sus voces, ideas y opiniones sean escuchadas y tenidas en cuenta, a que se cree un mejor espacio de convivencia para toda la ciudadan\u00eda, a recibir servicios b\u00e1sicos, como por ejemplo sanidad y educaci\u00f3n, a estar protegidos, a poder estar seguros, a contar con espacios de encuentro y juego para compartir, a participar en acontecimientos sociales y culturales, a tener las mismas oportunidades&#8230;<\/p>\n<p>&nbsp;<\/p>\n<p><a href=\"https:\/\/www.unicef.es\/\" target=\"_blank\" rel=\"noopener noreferrer\"><img loading=\"lazy\" decoding=\"async\" src=\"https:\/\/santaeulariaculturaijoventut.com\/wp-content\/uploads\/2020\/11\/0001_Unicef-300x73.png\" alt=\"\" width=\"300\" height=\"73\" \/><\/a><\/p>\n\t\t\t\t\t\t\t\t\t<a href=\"https:\/\/santaeulariaculturaijoventut.com\/wp-content\/uploads\/2020\/11\/alcaldessa.jpg\" target=\"_self\" itemprop=\"url\" rel=\"noopener noreferrer\">\n\t\t\t\t\t\t\t\t\t\t<img decoding=\"async\" src=\"https:\/\/santaeulariaculturaijoventut.com\/wp-content\/uploads\/2020\/11\/alcaldessa.jpg\" alt=\"alcaldessa\" itemprop=\"image\"  \/>\n\t\t\t\t\t\t\t\t\t\t\t\t\t\t\t<\/a>\n","protected":false},"excerpt":{"rendered":"<p>Ciudad Amiga de la Infancia El municipio de Santa Eul\u00e0ria des Riu recibi\u00f3 el reconocimiento de UNICEF como Ciudad Amiga de la Infancia en 2012. Este reconocimiento se otorga a aquellos municipios comprometidos con el cumplimiento de los derechos de ni\u00f1os, ni\u00f1as y adolescentes de acuerdo con la Convenci\u00f3n sobre el Derechos del Ni\u00f1o (CDN).&hellip;<\/p>\n","protected":false},"author":1,"featured_media":0,"parent":961,"menu_order":40,"comment_status":"closed","ping_status":"closed","template":"","meta":{"footnotes":""},"categories":[75,76],"tags":[],"folder":[72],"yoast_head":"<!-- This site is optimized with the Yoast SEO plugin v23.9 - https:\/\/yoast.com\/wordpress\/plugins\/seo\/ -->\n<title>Ciudad Amiga de la Infancia - Cultura i Joventut, Santa Eul\u00e0ria des Riu<\/title>\n<meta name=\"description\" content=\"El municipio de Santa Eul\u00e0ria des Riu recibi\u00f3 el reconocimiento de UNICEF como Ciudad Amiga de la Infancia en 2012.\" \/>\n<meta name=\"robots\" content=\"noindex, nofollow\" \/>\n<meta property=\"og:locale\" content=\"es_ES\" \/>\n<meta property=\"og:type\" content=\"article\" \/>\n<meta property=\"og:title\" content=\"Ciudad Amiga de la Infancia - Cultura i Joventut, Santa Eul\u00e0ria des Riu\" \/>\n<meta property=\"og:description\" content=\"El municipio de Santa Eul\u00e0ria des Riu recibi\u00f3 el reconocimiento de UNICEF como Ciudad Amiga de la Infancia en 2012.\" \/>\n<meta property=\"og:url\" content=\"https:\/\/santaeulariaculturaijoventut.com\/es\/cuidinfants\/ciudad-amiga-de-la-infancia\/\" \/>\n<meta property=\"og:site_name\" content=\"Cultura i Joventut, Santa Eul\u00e0ria des Riu\" \/>\n<meta property=\"article:modified_time\" content=\"2021-11-16T07:12:02+00:00\" \/>\n<meta property=\"og:image\" content=\"https:\/\/santaeulariaculturaijoventut.com\/wp-content\/uploads\/2020\/11\/0001_Unicef-300x73.png\" \/>\n<meta name=\"twitter:card\" content=\"summary_large_image\" \/>\n<meta name=\"twitter:label1\" content=\"Tiempo de lectura\" \/>\n\t<meta name=\"twitter:data1\" content=\"1 minuto\" \/>\n<script type=\"application\/ld+json\" class=\"yoast-schema-graph\">{\"@context\":\"https:\/\/schema.org\",\"@graph\":[{\"@type\":\"WebPage\",\"@id\":\"https:\/\/santaeulariaculturaijoventut.com\/es\/cuidinfants\/ciudad-amiga-de-la-infancia\/\",\"url\":\"https:\/\/santaeulariaculturaijoventut.com\/es\/cuidinfants\/ciudad-amiga-de-la-infancia\/\",\"name\":\"Ciudad Amiga de la Infancia - Cultura i Joventut, Santa Eul\u00e0ria des Riu\",\"isPartOf\":{\"@id\":\"https:\/\/santaeulariaculturaijoventut.com\/ca\/#website\"},\"primaryImageOfPage\":{\"@id\":\"https:\/\/santaeulariaculturaijoventut.com\/es\/cuidinfants\/ciudad-amiga-de-la-infancia\/#primaryimage\"},\"image\":{\"@id\":\"https:\/\/santaeulariaculturaijoventut.com\/es\/cuidinfants\/ciudad-amiga-de-la-infancia\/#primaryimage\"},\"thumbnailUrl\":\"https:\/\/santaeulariaculturaijoventut.com\/wp-content\/uploads\/2020\/11\/0001_Unicef-300x73.png\",\"datePublished\":\"2020-11-19T12:11:55+00:00\",\"dateModified\":\"2021-11-16T07:12:02+00:00\",\"description\":\"El municipio de Santa Eul\u00e0ria des Riu recibi\u00f3 el reconocimiento de UNICEF como Ciudad Amiga de la Infancia en 2012.\",\"breadcrumb\":{\"@id\":\"https:\/\/santaeulariaculturaijoventut.com\/es\/cuidinfants\/ciudad-amiga-de-la-infancia\/#breadcrumb\"},\"inLanguage\":\"es\",\"potentialAction\":[{\"@type\":\"ReadAction\",\"target\":[\"https:\/\/santaeulariaculturaijoventut.com\/es\/cuidinfants\/ciudad-amiga-de-la-infancia\/\"]}]},{\"@type\":\"ImageObject\",\"inLanguage\":\"es\",\"@id\":\"https:\/\/santaeulariaculturaijoventut.com\/es\/cuidinfants\/ciudad-amiga-de-la-infancia\/#primaryimage\",\"url\":\"https:\/\/santaeulariaculturaijoventut.com\/wp-content\/uploads\/2020\/11\/0001_Unicef-300x73.png\",\"contentUrl\":\"https:\/\/santaeulariaculturaijoventut.com\/wp-content\/uploads\/2020\/11\/0001_Unicef-300x73.png\"},{\"@type\":\"BreadcrumbList\",\"@id\":\"https:\/\/santaeulariaculturaijoventut.com\/es\/cuidinfants\/ciudad-amiga-de-la-infancia\/#breadcrumb\",\"itemListElement\":[{\"@type\":\"ListItem\",\"position\":1,\"name\":\"Inici\",\"item\":\"https:\/\/santaeulariaculturaijoventut.com\/es\/escoles-estiu\/informacio-escoles-destiu\/\"},{\"@type\":\"ListItem\",\"position\":2,\"name\":\"Cuidinfants Edici\u00f3n 2020\",\"item\":\"https:\/\/santaeulariaculturaijoventut.com\/es\/cuidinfants\/\"},{\"@type\":\"ListItem\",\"position\":3,\"name\":\"Ciudad Amiga de la Infancia\"}]},{\"@type\":\"WebSite\",\"@id\":\"https:\/\/santaeulariaculturaijoventut.com\/ca\/#website\",\"url\":\"https:\/\/santaeulariaculturaijoventut.com\/ca\/\",\"name\":\"Cultura i Joventut, Santa Eul\u00e0ria des Riu\",\"description\":\"Cultura i Joventut, Santa Eul\u00e0ria des Riu\",\"potentialAction\":[{\"@type\":\"SearchAction\",\"target\":{\"@type\":\"EntryPoint\",\"urlTemplate\":\"https:\/\/santaeulariaculturaijoventut.com\/ca\/?s={search_term_string}\"},\"query-input\":{\"@type\":\"PropertyValueSpecification\",\"valueRequired\":true,\"valueName\":\"search_term_string\"}}],\"inLanguage\":\"es\"}]}<\/script>\n<!-- \/ Yoast SEO plugin. -->","yoast_head_json":{"title":"Ciudad Amiga de la Infancia - Cultura i Joventut, Santa Eul\u00e0ria des Riu","description":"El municipio de Santa Eul\u00e0ria des Riu recibi\u00f3 el reconocimiento de UNICEF como Ciudad Amiga de la Infancia en 2012.","robots":{"index":"noindex","follow":"nofollow"},"og_locale":"es_ES","og_type":"article","og_title":"Ciudad Amiga de la Infancia - Cultura i Joventut, Santa Eul\u00e0ria des Riu","og_description":"El municipio de Santa Eul\u00e0ria des Riu recibi\u00f3 el reconocimiento de UNICEF como Ciudad Amiga de la Infancia en 2012.","og_url":"https:\/\/santaeulariaculturaijoventut.com\/es\/cuidinfants\/ciudad-amiga-de-la-infancia\/","og_site_name":"Cultura i Joventut, Santa Eul\u00e0ria des Riu","article_modified_time":"2021-11-16T07:12:02+00:00","og_image":[{"url":"https:\/\/santaeulariaculturaijoventut.com\/wp-content\/uploads\/2020\/11\/0001_Unicef-300x73.png"}],"twitter_card":"summary_large_image","twitter_misc":{"Tiempo de lectura":"1 minuto"},"schema":{"@context":"https:\/\/schema.org","@graph":[{"@type":"WebPage","@id":"https:\/\/santaeulariaculturaijoventut.com\/es\/cuidinfants\/ciudad-amiga-de-la-infancia\/","url":"https:\/\/santaeulariaculturaijoventut.com\/es\/cuidinfants\/ciudad-amiga-de-la-infancia\/","name":"Ciudad Amiga de la Infancia - Cultura i Joventut, Santa Eul\u00e0ria des Riu","isPartOf":{"@id":"https:\/\/santaeulariaculturaijoventut.com\/ca\/#website"},"primaryImageOfPage":{"@id":"https:\/\/santaeulariaculturaijoventut.com\/es\/cuidinfants\/ciudad-amiga-de-la-infancia\/#primaryimage"},"image":{"@id":"https:\/\/santaeulariaculturaijoventut.com\/es\/cuidinfants\/ciudad-amiga-de-la-infancia\/#primaryimage"},"thumbnailUrl":"https:\/\/santaeulariaculturaijoventut.com\/wp-content\/uploads\/2020\/11\/0001_Unicef-300x73.png","datePublished":"2020-11-19T12:11:55+00:00","dateModified":"2021-11-16T07:12:02+00:00","description":"El municipio de Santa Eul\u00e0ria des Riu recibi\u00f3 el reconocimiento de UNICEF como Ciudad Amiga de la Infancia en 2012.","breadcrumb":{"@id":"https:\/\/santaeulariaculturaijoventut.com\/es\/cuidinfants\/ciudad-amiga-de-la-infancia\/#breadcrumb"},"inLanguage":"es","potentialAction":[{"@type":"ReadAction","target":["https:\/\/santaeulariaculturaijoventut.com\/es\/cuidinfants\/ciudad-amiga-de-la-infancia\/"]}]},{"@type":"ImageObject","inLanguage":"es","@id":"https:\/\/santaeulariaculturaijoventut.com\/es\/cuidinfants\/ciudad-amiga-de-la-infancia\/#primaryimage","url":"https:\/\/santaeulariaculturaijoventut.com\/wp-content\/uploads\/2020\/11\/0001_Unicef-300x73.png","contentUrl":"https:\/\/santaeulariaculturaijoventut.com\/wp-content\/uploads\/2020\/11\/0001_Unicef-300x73.png"},{"@type":"BreadcrumbList","@id":"https:\/\/santaeulariaculturaijoventut.com\/es\/cuidinfants\/ciudad-amiga-de-la-infancia\/#breadcrumb","itemListElement":[{"@type":"ListItem","position":1,"name":"Inici","item":"https:\/\/santaeulariaculturaijoventut.com\/es\/escoles-estiu\/informacio-escoles-destiu\/"},{"@type":"ListItem","position":2,"name":"Cuidinfants Edici\u00f3n 2020","item":"https:\/\/santaeulariaculturaijoventut.com\/es\/cuidinfants\/"},{"@type":"ListItem","position":3,"name":"Ciudad Amiga de la Infancia"}]},{"@type":"WebSite","@id":"https:\/\/santaeulariaculturaijoventut.com\/ca\/#website","url":"https:\/\/santaeulariaculturaijoventut.com\/ca\/","name":"Cultura i Joventut, Santa Eul\u00e0ria des Riu","description":"Cultura i Joventut, Santa Eul\u00e0ria des Riu","potentialAction":[{"@type":"SearchAction","target":{"@type":"EntryPoint","urlTemplate":"https:\/\/santaeulariaculturaijoventut.com\/ca\/?s={search_term_string}"},"query-input":{"@type":"PropertyValueSpecification","valueRequired":true,"valueName":"search_term_string"}}],"inLanguage":"es"}]}},"_links":{"self":[{"href":"https:\/\/santaeulariaculturaijoventut.com\/es\/wp-json\/wp\/v2\/pages\/958"}],"collection":[{"href":"https:\/\/santaeulariaculturaijoventut.com\/es\/wp-json\/wp\/v2\/pages"}],"about":[{"href":"https:\/\/santaeulariaculturaijoventut.com\/es\/wp-json\/wp\/v2\/types\/page"}],"author":[{"embeddable":true,"href":"https:\/\/santaeulariaculturaijoventut.com\/es\/wp-json\/wp\/v2\/users\/1"}],"replies":[{"embeddable":true,"href":"https:\/\/santaeulariaculturaijoventut.com\/es\/wp-json\/wp\/v2\/comments?post=958"}],"version-history":[{"count":1,"href":"https:\/\/santaeulariaculturaijoventut.com\/es\/wp-json\/wp\/v2\/pages\/958\/revisions"}],"predecessor-version":[{"id":4440,"href":"https:\/\/santaeulariaculturaijoventut.com\/es\/wp-json\/wp\/v2\/pages\/958\/revisions\/4440"}],"up":[{"embeddable":true,"href":"https:\/\/santaeulariaculturaijoventut.com\/es\/wp-json\/wp\/v2\/pages\/961"}],"wp:attachment":[{"href":"https:\/\/santaeulariaculturaijoventut.com\/es\/wp-json\/wp\/v2\/media?parent=958"}],"wp:term":[{"taxonomy":"category","embeddable":true,"href":"https:\/\/santaeulariaculturaijoventut.com\/es\/wp-json\/wp\/v2\/categories?post=958"},{"taxonomy":"post_tag","embeddable":true,"href":"https:\/\/santaeulariaculturaijoventut.com\/es\/wp-json\/wp\/v2\/tags?post=958"},{"taxonomy":"folder","embeddable":true,"href":"https:\/\/santaeulariaculturaijoventut.com\/es\/wp-json\/wp\/v2\/folder?post=958"}],"curies":[{"name":"wp","href":"https:\/\/api.w.org\/{rel}","templated":true}]}}