{"id":957,"date":"2020-11-19T13:10:24","date_gmt":"2020-11-19T12:10:24","guid":{"rendered":"https:\/\/santaeulariaculturaijoventut.com\/dia-universal-de-la-infancia\/"},"modified":"2021-11-16T08:12:01","modified_gmt":"2021-11-16T07:12:01","slug":"dia-universal-de-la-infancia","status":"publish","type":"page","link":"https:\/\/santaeulariaculturaijoventut.com\/es\/cuidinfants\/dia-universal-de-la-infancia\/","title":{"rendered":"D\u00eda Universal de la Infancia"},"content":{"rendered":"<h4>\n\t\tD\u00eda Universal de la Infancia &#8211; 20 de noviembre\n\t<\/h4>\n\t<p>El D\u00eda Universal del Ni\u00f1o, que se celebra todos los a\u00f1os el 20 de noviembre, es un d\u00eda dedicado a todos los ni\u00f1os y ni\u00f1as del mundo y se conmemoran los aniversarios de la adopci\u00f3n de la Declaraci\u00f3n Universal de los Derechos del Ni\u00f1o (1959) y la aprobaci\u00f3n de la Convenci\u00f3n de los Derechos del Ni\u00f1o (1989).<\/p>\n<p>La Convenci\u00f3n sobre los Derechos del Ni\u00f1o (CDN) es un tratado internacional y es el primer instrumento jur\u00eddicamente vinculante que los reconoce como sujetos y defensores de sus propios derechos.<\/p>\n<p>Esta Convenci\u00f3n establece una serie de derechos para los ni\u00f1os y las ni\u00f1as, incluidos los relativos a la vida, la salud y la educaci\u00f3n, el derecho a jugar, a la vida familiar, a la protecci\u00f3n frente a la violencia y la discriminaci\u00f3n, y a que se escuchen sus opiniones.<\/p>\n<p>Todos los miembros de nuestra sociedad \u2014padres y madres, personal docente y sanitario, dirigentes gubernamentales, personalidades de la pol\u00edtica, el mundo empresarial, la sociedad civil y los medios de comunicaci\u00f3n\u2014 desempe\u00f1an un papel clave en el bienestar de la infancia.<\/p>\n<p>As\u00ed, este D\u00eda Mundial nos ofrece un punto de partida para llevar a cabo medidas inspiradoras para defender, promover y celebrar los derechos del ni\u00f1o a trav\u00e9s de acciones que construir\u00e1n un mundo mejor para los ni\u00f1os.<\/p>\n\t\t\t\t\t\t\t\t\t<a href=\"https:\/\/santaeulariaculturaijoventut.com\/wp-content\/uploads\/2020\/11\/Iimatge-dia-unioversal.jpg\" target=\"_self\" itemprop=\"url\" rel=\"noopener noreferrer\">\n\t\t\t\t\t\t\t\t\t\t<img decoding=\"async\" src=\"https:\/\/santaeulariaculturaijoventut.com\/wp-content\/uploads\/2020\/11\/Iimatge-dia-unioversal.jpg\" alt=\"Iimatge-dia-unioversal\" itemprop=\"image\"  \/>\n\t\t\t\t\t\t\t\t\t\t\t\t\t\t\t<\/a>\n<h6>\n\t\tImagen de Unicef\n\t<\/h6>\n","protected":false},"excerpt":{"rendered":"<p>D\u00eda Universal de la Infancia &#8211; 20 de noviembre El D\u00eda Universal del Ni\u00f1o, que se celebra todos los a\u00f1os el 20 de noviembre, es un d\u00eda dedicado a todos los ni\u00f1os y ni\u00f1as del mundo y se conmemoran los aniversarios de la adopci\u00f3n de la Declaraci\u00f3n Universal de los Derechos del Ni\u00f1o (1959) y&hellip;<\/p>\n","protected":false},"author":1,"featured_media":0,"parent":961,"menu_order":30,"comment_status":"closed","ping_status":"closed","template":"","meta":{"footnotes":""},"categories":[75,76],"tags":[],"folder":[72],"yoast_head":"<!-- This site is optimized with the Yoast SEO plugin v23.9 - https:\/\/yoast.com\/wordpress\/plugins\/seo\/ -->\n<title>D\u00eda Universal de la Infancia - Cultura i Joventut, Santa Eul\u00e0ria des Riu<\/title>\n<meta name=\"description\" content=\"El D\u00eda Universal del Ni\u00f1o, que se celebra todos los a\u00f1os el 20 de noviembre, es un d\u00eda dedicado a todos los ni\u00f1os y ni\u00f1as del mundo.\" \/>\n<meta name=\"robots\" content=\"noindex, nofollow\" \/>\n<meta property=\"og:locale\" content=\"es_ES\" \/>\n<meta property=\"og:type\" content=\"article\" \/>\n<meta property=\"og:title\" content=\"D\u00eda Universal de la Infancia - Cultura i Joventut, Santa Eul\u00e0ria des Riu\" \/>\n<meta property=\"og:description\" content=\"El D\u00eda Universal del Ni\u00f1o, que se celebra todos los a\u00f1os el 20 de noviembre, es un d\u00eda dedicado a todos los ni\u00f1os y ni\u00f1as del mundo.\" \/>\n<meta property=\"og:url\" content=\"https:\/\/santaeulariaculturaijoventut.com\/es\/cuidinfants\/dia-universal-de-la-infancia\/\" \/>\n<meta property=\"og:site_name\" content=\"Cultura i Joventut, Santa Eul\u00e0ria des Riu\" \/>\n<meta property=\"article:modified_time\" content=\"2021-11-16T07:12:01+00:00\" \/>\n<meta property=\"og:image\" content=\"https:\/\/santaeulariaculturaijoventut.com\/wp-content\/uploads\/2020\/11\/Iimatge-dia-unioversal.jpg\" \/>\n<meta name=\"twitter:card\" content=\"summary_large_image\" \/>\n<meta name=\"twitter:label1\" content=\"Tiempo de lectura\" \/>\n\t<meta name=\"twitter:data1\" content=\"1 minuto\" \/>\n<script type=\"application\/ld+json\" class=\"yoast-schema-graph\">{\"@context\":\"https:\/\/schema.org\",\"@graph\":[{\"@type\":\"WebPage\",\"@id\":\"https:\/\/santaeulariaculturaijoventut.com\/es\/cuidinfants\/dia-universal-de-la-infancia\/\",\"url\":\"https:\/\/santaeulariaculturaijoventut.com\/es\/cuidinfants\/dia-universal-de-la-infancia\/\",\"name\":\"D\u00eda Universal de la Infancia - Cultura i Joventut, Santa Eul\u00e0ria des Riu\",\"isPartOf\":{\"@id\":\"https:\/\/santaeulariaculturaijoventut.com\/ca\/#website\"},\"primaryImageOfPage\":{\"@id\":\"https:\/\/santaeulariaculturaijoventut.com\/es\/cuidinfants\/dia-universal-de-la-infancia\/#primaryimage\"},\"image\":{\"@id\":\"https:\/\/santaeulariaculturaijoventut.com\/es\/cuidinfants\/dia-universal-de-la-infancia\/#primaryimage\"},\"thumbnailUrl\":\"https:\/\/santaeulariaculturaijoventut.com\/wp-content\/uploads\/2020\/11\/Iimatge-dia-unioversal.jpg\",\"datePublished\":\"2020-11-19T12:10:24+00:00\",\"dateModified\":\"2021-11-16T07:12:01+00:00\",\"description\":\"El D\u00eda Universal del Ni\u00f1o, que se celebra todos los a\u00f1os el 20 de noviembre, es un d\u00eda dedicado a todos los ni\u00f1os y ni\u00f1as del mundo.\",\"breadcrumb\":{\"@id\":\"https:\/\/santaeulariaculturaijoventut.com\/es\/cuidinfants\/dia-universal-de-la-infancia\/#breadcrumb\"},\"inLanguage\":\"es\",\"potentialAction\":[{\"@type\":\"ReadAction\",\"target\":[\"https:\/\/santaeulariaculturaijoventut.com\/es\/cuidinfants\/dia-universal-de-la-infancia\/\"]}]},{\"@type\":\"ImageObject\",\"inLanguage\":\"es\",\"@id\":\"https:\/\/santaeulariaculturaijoventut.com\/es\/cuidinfants\/dia-universal-de-la-infancia\/#primaryimage\",\"url\":\"https:\/\/santaeulariaculturaijoventut.com\/wp-content\/uploads\/2020\/11\/Iimatge-dia-unioversal.jpg\",\"contentUrl\":\"https:\/\/santaeulariaculturaijoventut.com\/wp-content\/uploads\/2020\/11\/Iimatge-dia-unioversal.jpg\"},{\"@type\":\"BreadcrumbList\",\"@id\":\"https:\/\/santaeulariaculturaijoventut.com\/es\/cuidinfants\/dia-universal-de-la-infancia\/#breadcrumb\",\"itemListElement\":[{\"@type\":\"ListItem\",\"position\":1,\"name\":\"Inici\",\"item\":\"https:\/\/santaeulariaculturaijoventut.com\/es\/escoles-estiu\/informacio-escoles-destiu\/\"},{\"@type\":\"ListItem\",\"position\":2,\"name\":\"Cuidinfants Edici\u00f3n 2020\",\"item\":\"https:\/\/santaeulariaculturaijoventut.com\/es\/cuidinfants\/\"},{\"@type\":\"ListItem\",\"position\":3,\"name\":\"D\u00eda Universal de la Infancia\"}]},{\"@type\":\"WebSite\",\"@id\":\"https:\/\/santaeulariaculturaijoventut.com\/ca\/#website\",\"url\":\"https:\/\/santaeulariaculturaijoventut.com\/ca\/\",\"name\":\"Cultura i Joventut, Santa Eul\u00e0ria des Riu\",\"description\":\"Cultura i Joventut, Santa Eul\u00e0ria des Riu\",\"potentialAction\":[{\"@type\":\"SearchAction\",\"target\":{\"@type\":\"EntryPoint\",\"urlTemplate\":\"https:\/\/santaeulariaculturaijoventut.com\/ca\/?s={search_term_string}\"},\"query-input\":{\"@type\":\"PropertyValueSpecification\",\"valueRequired\":true,\"valueName\":\"search_term_string\"}}],\"inLanguage\":\"es\"}]}<\/script>\n<!-- \/ Yoast SEO plugin. -->","yoast_head_json":{"title":"D\u00eda Universal de la Infancia - Cultura i Joventut, Santa Eul\u00e0ria des Riu","description":"El D\u00eda Universal del Ni\u00f1o, que se celebra todos los a\u00f1os el 20 de noviembre, es un d\u00eda dedicado a todos los ni\u00f1os y ni\u00f1as del mundo.","robots":{"index":"noindex","follow":"nofollow"},"og_locale":"es_ES","og_type":"article","og_title":"D\u00eda Universal de la Infancia - Cultura i Joventut, Santa Eul\u00e0ria des Riu","og_description":"El D\u00eda Universal del Ni\u00f1o, que se celebra todos los a\u00f1os el 20 de noviembre, es un d\u00eda dedicado a todos los ni\u00f1os y ni\u00f1as del mundo.","og_url":"https:\/\/santaeulariaculturaijoventut.com\/es\/cuidinfants\/dia-universal-de-la-infancia\/","og_site_name":"Cultura i Joventut, Santa Eul\u00e0ria des Riu","article_modified_time":"2021-11-16T07:12:01+00:00","og_image":[{"url":"https:\/\/santaeulariaculturaijoventut.com\/wp-content\/uploads\/2020\/11\/Iimatge-dia-unioversal.jpg"}],"twitter_card":"summary_large_image","twitter_misc":{"Tiempo de lectura":"1 minuto"},"schema":{"@context":"https:\/\/schema.org","@graph":[{"@type":"WebPage","@id":"https:\/\/santaeulariaculturaijoventut.com\/es\/cuidinfants\/dia-universal-de-la-infancia\/","url":"https:\/\/santaeulariaculturaijoventut.com\/es\/cuidinfants\/dia-universal-de-la-infancia\/","name":"D\u00eda Universal de la Infancia - Cultura i Joventut, Santa Eul\u00e0ria des Riu","isPartOf":{"@id":"https:\/\/santaeulariaculturaijoventut.com\/ca\/#website"},"primaryImageOfPage":{"@id":"https:\/\/santaeulariaculturaijoventut.com\/es\/cuidinfants\/dia-universal-de-la-infancia\/#primaryimage"},"image":{"@id":"https:\/\/santaeulariaculturaijoventut.com\/es\/cuidinfants\/dia-universal-de-la-infancia\/#primaryimage"},"thumbnailUrl":"https:\/\/santaeulariaculturaijoventut.com\/wp-content\/uploads\/2020\/11\/Iimatge-dia-unioversal.jpg","datePublished":"2020-11-19T12:10:24+00:00","dateModified":"2021-11-16T07:12:01+00:00","description":"El D\u00eda Universal del Ni\u00f1o, que se celebra todos los a\u00f1os el 20 de noviembre, es un d\u00eda dedicado a todos los ni\u00f1os y ni\u00f1as del mundo.","breadcrumb":{"@id":"https:\/\/santaeulariaculturaijoventut.com\/es\/cuidinfants\/dia-universal-de-la-infancia\/#breadcrumb"},"inLanguage":"es","potentialAction":[{"@type":"ReadAction","target":["https:\/\/santaeulariaculturaijoventut.com\/es\/cuidinfants\/dia-universal-de-la-infancia\/"]}]},{"@type":"ImageObject","inLanguage":"es","@id":"https:\/\/santaeulariaculturaijoventut.com\/es\/cuidinfants\/dia-universal-de-la-infancia\/#primaryimage","url":"https:\/\/santaeulariaculturaijoventut.com\/wp-content\/uploads\/2020\/11\/Iimatge-dia-unioversal.jpg","contentUrl":"https:\/\/santaeulariaculturaijoventut.com\/wp-content\/uploads\/2020\/11\/Iimatge-dia-unioversal.jpg"},{"@type":"BreadcrumbList","@id":"https:\/\/santaeulariaculturaijoventut.com\/es\/cuidinfants\/dia-universal-de-la-infancia\/#breadcrumb","itemListElement":[{"@type":"ListItem","position":1,"name":"Inici","item":"https:\/\/santaeulariaculturaijoventut.com\/es\/escoles-estiu\/informacio-escoles-destiu\/"},{"@type":"ListItem","position":2,"name":"Cuidinfants Edici\u00f3n 2020","item":"https:\/\/santaeulariaculturaijoventut.com\/es\/cuidinfants\/"},{"@type":"ListItem","position":3,"name":"D\u00eda Universal de la Infancia"}]},{"@type":"WebSite","@id":"https:\/\/santaeulariaculturaijoventut.com\/ca\/#website","url":"https:\/\/santaeulariaculturaijoventut.com\/ca\/","name":"Cultura i Joventut, Santa Eul\u00e0ria des Riu","description":"Cultura i Joventut, Santa Eul\u00e0ria des Riu","potentialAction":[{"@type":"SearchAction","target":{"@type":"EntryPoint","urlTemplate":"https:\/\/santaeulariaculturaijoventut.com\/ca\/?s={search_term_string}"},"query-input":{"@type":"PropertyValueSpecification","valueRequired":true,"valueName":"search_term_string"}}],"inLanguage":"es"}]}},"_links":{"self":[{"href":"https:\/\/santaeulariaculturaijoventut.com\/es\/wp-json\/wp\/v2\/pages\/957"}],"collection":[{"href":"https:\/\/santaeulariaculturaijoventut.com\/es\/wp-json\/wp\/v2\/pages"}],"about":[{"href":"https:\/\/santaeulariaculturaijoventut.com\/es\/wp-json\/wp\/v2\/types\/page"}],"author":[{"embeddable":true,"href":"https:\/\/santaeulariaculturaijoventut.com\/es\/wp-json\/wp\/v2\/users\/1"}],"replies":[{"embeddable":true,"href":"https:\/\/santaeulariaculturaijoventut.com\/es\/wp-json\/wp\/v2\/comments?post=957"}],"version-history":[{"count":1,"href":"https:\/\/santaeulariaculturaijoventut.com\/es\/wp-json\/wp\/v2\/pages\/957\/revisions"}],"predecessor-version":[{"id":4439,"href":"https:\/\/santaeulariaculturaijoventut.com\/es\/wp-json\/wp\/v2\/pages\/957\/revisions\/4439"}],"up":[{"embeddable":true,"href":"https:\/\/santaeulariaculturaijoventut.com\/es\/wp-json\/wp\/v2\/pages\/961"}],"wp:attachment":[{"href":"https:\/\/santaeulariaculturaijoventut.com\/es\/wp-json\/wp\/v2\/media?parent=957"}],"wp:term":[{"taxonomy":"category","embeddable":true,"href":"https:\/\/santaeulariaculturaijoventut.com\/es\/wp-json\/wp\/v2\/categories?post=957"},{"taxonomy":"post_tag","embeddable":true,"href":"https:\/\/santaeulariaculturaijoventut.com\/es\/wp-json\/wp\/v2\/tags?post=957"},{"taxonomy":"folder","embeddable":true,"href":"https:\/\/santaeulariaculturaijoventut.com\/es\/wp-json\/wp\/v2\/folder?post=957"}],"curies":[{"name":"wp","href":"https:\/\/api.w.org\/{rel}","templated":true}]}}