{"id":956,"date":"2020-11-19T13:05:48","date_gmt":"2020-11-19T12:05:48","guid":{"rendered":"https:\/\/santaeulariaculturaijoventut.com\/programa-completo\/"},"modified":"2021-11-16T10:23:16","modified_gmt":"2021-11-16T09:23:16","slug":"programa-completo","status":"publish","type":"page","link":"https:\/\/santaeulariaculturaijoventut.com\/es\/cuidinfants\/programa-completo\/","title":{"rendered":"Programa completo"},"content":{"rendered":"\r\n<h4>Programa completo<\/h4>\r\n<p><strong>DILLUNS 16 DE NOVEMBRE<\/strong><br \/>Il\u00b7luminaci\u00f3 de l&#8217;Ajuntament i les fonts de Santa Eul\u00e0ria de color blau, representatiu del Dia Universal de la Inf\u00e0ncia. <strong>DIVENDRES 20 DE NOVEMBRE<\/strong><br \/><strong>10 h<\/strong> Participaci\u00f3 en l\u00ednia dels nens i les nenes representants del municipi de Santa Eul\u00e0ria des Riu en el IX Parlament Infantil i Juvenil. <strong>DISSABTE 21 DE NOVEMBRE<\/strong><br \/><strong>12 h<\/strong> V\u00eddeo-Activitat 1. PER LA PROTECCI\u00d3 I LA SOLIDARITAT D&#8217;INFANTS I JOVES.<br \/><strong>Activitat 1.<\/strong> C\u00e0psula de desitjos per als infants i joves del futur. <strong>DISSABTE 28 DE NOVEMBRE<\/strong><br \/><strong>12 h<\/strong> V\u00eddeo-Activitat 2. PER LA IGUALTAT I LA COMPRENSI\u00d3 DELS INFANTS I JOVES.<br \/><strong>Activitat 2.<\/strong> Contacontes a c\u00e0rrec de n&#8217;Encarna de las Heras pel Dia Internacional de l&#8217;Eliminaci\u00f3 de la Viol\u00e8ncia contra la Dona. <strong>DIJOUS 3 DE DESEMBRE<\/strong><br \/><strong>10 h<\/strong> Ple Infantil i Juvenil en l\u00ednia amb els infants i joves representants del municipi de Santa Eul\u00e0ria des Riu. <strong>DISSABTE 5 DE DESEMBRE<\/strong><br \/><strong>12 h<\/strong> V\u00eddeo-Activitat 3. PER LA DIVERSI\u00d3 DELS INFANTS I JOVES I PER UNA EDUCACI\u00d3 PER A TOTS I TOTES.<br \/><strong>Activitat 3.<\/strong> Gimcana Christmas Race a c\u00e0rrec d&#8217;Ibiza Blue Challenge. Es donar\u00e0 a con\u00e8ixer la informaci\u00f3 de l&#8217;activitat, la data de realitzaci\u00f3 i les inscripcions. <strong>DISSABTE 12 DE DESEMBRE<\/strong><br \/><strong>12 h<\/strong> V\u00eddeo-Activitat 4. PEL CREIXEMENT I L&#8217;ATENCI\u00d3 DELS INFANTS I JOVES EN UN ENTORN SA I ADEQUAT.<br \/><strong>Activitat 4.<\/strong> Showcooking de berenar nadalenc saludable a c\u00e0rrec de Marina Ribas. <strong>DISSABTE 19 DE DESEMBRE<\/strong><br \/><strong>12 h<\/strong> V\u00eddeo-Activitat 5. PER LA DIVERSITAT QUE DEFINEIX ELS INFANTS I JOVES.<br \/><strong>Activitat 5.<\/strong> Autoretrat d&#8217;infants i joves del municipi de Santa Eul\u00e0ria. <a href=\"https:\/\/santaeulariaculturaijoventut.com\/wp-content\/uploads\/2020\/08\/cuidinfants.jpg\" target=\"_self\" rel=\"noopener\"> <img decoding=\"async\" src=\"https:\/\/santaeulariaculturaijoventut.com\/wp-content\/uploads\/2020\/08\/cuidinfants.jpg\" alt=\"cuidinfants\" \/> <\/a><\/p>\r\n","protected":false},"excerpt":{"rendered":"<p>Programa completo DILLUNS 16 DE NOVEMBREIl\u00b7luminaci\u00f3 de l&#8217;Ajuntament i les fonts de Santa Eul\u00e0ria de color blau, representatiu del Dia Universal de la Inf\u00e0ncia. DIVENDRES 20 DE NOVEMBRE10 h Participaci\u00f3 en l\u00ednia dels nens i les nenes representants del municipi de Santa Eul\u00e0ria des Riu en el IX Parlament Infantil i Juvenil. DISSABTE 21 DE&hellip;<\/p>\n","protected":false},"author":1,"featured_media":0,"parent":961,"menu_order":20,"comment_status":"closed","ping_status":"closed","template":"","meta":{"footnotes":""},"categories":[75,76],"tags":[],"folder":[72],"yoast_head":"<!-- This site is optimized with the Yoast SEO plugin v23.9 - https:\/\/yoast.com\/wordpress\/plugins\/seo\/ -->\n<title>Programa completo - Cultura i Joventut, Santa Eul\u00e0ria des Riu<\/title>\n<meta name=\"description\" content=\"Cada semana se propondr\u00e1 una actividad en l\u00ednia o presencial destinada a la infancia y j\u00f3venes de 3 a 17 a\u00f1os y a sus familias.\" \/>\n<meta name=\"robots\" content=\"noindex, nofollow\" \/>\n<meta property=\"og:locale\" content=\"es_ES\" \/>\n<meta property=\"og:type\" content=\"article\" \/>\n<meta property=\"og:title\" content=\"Programa completo - Cultura i Joventut, Santa Eul\u00e0ria des Riu\" \/>\n<meta property=\"og:description\" content=\"Cada semana se propondr\u00e1 una actividad en l\u00ednia o presencial destinada a la infancia y j\u00f3venes de 3 a 17 a\u00f1os y a sus familias.\" \/>\n<meta property=\"og:url\" content=\"https:\/\/santaeulariaculturaijoventut.com\/es\/cuidinfants\/programa-completo\/\" \/>\n<meta property=\"og:site_name\" content=\"Cultura i Joventut, Santa Eul\u00e0ria des Riu\" \/>\n<meta property=\"article:modified_time\" content=\"2021-11-16T09:23:16+00:00\" \/>\n<meta property=\"og:image\" content=\"https:\/\/santaeulariaculturaijoventut.com\/wp-content\/uploads\/2020\/08\/cuidinfants.jpg\" \/>\n<meta name=\"twitter:card\" content=\"summary_large_image\" \/>\n<meta name=\"twitter:label1\" content=\"Tiempo de lectura\" \/>\n\t<meta name=\"twitter:data1\" content=\"1 minuto\" \/>\n<script type=\"application\/ld+json\" class=\"yoast-schema-graph\">{\"@context\":\"https:\/\/schema.org\",\"@graph\":[{\"@type\":\"WebPage\",\"@id\":\"https:\/\/santaeulariaculturaijoventut.com\/es\/cuidinfants\/programa-completo\/\",\"url\":\"https:\/\/santaeulariaculturaijoventut.com\/es\/cuidinfants\/programa-completo\/\",\"name\":\"Programa completo - Cultura i Joventut, Santa Eul\u00e0ria des Riu\",\"isPartOf\":{\"@id\":\"https:\/\/santaeulariaculturaijoventut.com\/ca\/#website\"},\"primaryImageOfPage\":{\"@id\":\"https:\/\/santaeulariaculturaijoventut.com\/es\/cuidinfants\/programa-completo\/#primaryimage\"},\"image\":{\"@id\":\"https:\/\/santaeulariaculturaijoventut.com\/es\/cuidinfants\/programa-completo\/#primaryimage\"},\"thumbnailUrl\":\"https:\/\/santaeulariaculturaijoventut.com\/wp-content\/uploads\/2020\/08\/cuidinfants.jpg\",\"datePublished\":\"2020-11-19T12:05:48+00:00\",\"dateModified\":\"2021-11-16T09:23:16+00:00\",\"description\":\"Cada semana se propondr\u00e1 una actividad en l\u00ednia o presencial destinada a la infancia y j\u00f3venes de 3 a 17 a\u00f1os y a sus familias.\",\"breadcrumb\":{\"@id\":\"https:\/\/santaeulariaculturaijoventut.com\/es\/cuidinfants\/programa-completo\/#breadcrumb\"},\"inLanguage\":\"es\",\"potentialAction\":[{\"@type\":\"ReadAction\",\"target\":[\"https:\/\/santaeulariaculturaijoventut.com\/es\/cuidinfants\/programa-completo\/\"]}]},{\"@type\":\"ImageObject\",\"inLanguage\":\"es\",\"@id\":\"https:\/\/santaeulariaculturaijoventut.com\/es\/cuidinfants\/programa-completo\/#primaryimage\",\"url\":\"https:\/\/santaeulariaculturaijoventut.com\/wp-content\/uploads\/2020\/08\/cuidinfants.jpg\",\"contentUrl\":\"https:\/\/santaeulariaculturaijoventut.com\/wp-content\/uploads\/2020\/08\/cuidinfants.jpg\"},{\"@type\":\"BreadcrumbList\",\"@id\":\"https:\/\/santaeulariaculturaijoventut.com\/es\/cuidinfants\/programa-completo\/#breadcrumb\",\"itemListElement\":[{\"@type\":\"ListItem\",\"position\":1,\"name\":\"Inici\",\"item\":\"https:\/\/santaeulariaculturaijoventut.com\/es\/escoles-estiu\/informacio-escoles-destiu\/\"},{\"@type\":\"ListItem\",\"position\":2,\"name\":\"Cuidinfants Edici\u00f3n 2020\",\"item\":\"https:\/\/santaeulariaculturaijoventut.com\/es\/cuidinfants\/\"},{\"@type\":\"ListItem\",\"position\":3,\"name\":\"Programa completo\"}]},{\"@type\":\"WebSite\",\"@id\":\"https:\/\/santaeulariaculturaijoventut.com\/ca\/#website\",\"url\":\"https:\/\/santaeulariaculturaijoventut.com\/ca\/\",\"name\":\"Cultura i Joventut, Santa Eul\u00e0ria des Riu\",\"description\":\"Cultura i Joventut, Santa Eul\u00e0ria des Riu\",\"potentialAction\":[{\"@type\":\"SearchAction\",\"target\":{\"@type\":\"EntryPoint\",\"urlTemplate\":\"https:\/\/santaeulariaculturaijoventut.com\/ca\/?s={search_term_string}\"},\"query-input\":{\"@type\":\"PropertyValueSpecification\",\"valueRequired\":true,\"valueName\":\"search_term_string\"}}],\"inLanguage\":\"es\"}]}<\/script>\n<!-- \/ Yoast SEO plugin. -->","yoast_head_json":{"title":"Programa completo - Cultura i Joventut, Santa Eul\u00e0ria des Riu","description":"Cada semana se propondr\u00e1 una actividad en l\u00ednia o presencial destinada a la infancia y j\u00f3venes de 3 a 17 a\u00f1os y a sus familias.","robots":{"index":"noindex","follow":"nofollow"},"og_locale":"es_ES","og_type":"article","og_title":"Programa completo - Cultura i Joventut, Santa Eul\u00e0ria des Riu","og_description":"Cada semana se propondr\u00e1 una actividad en l\u00ednia o presencial destinada a la infancia y j\u00f3venes de 3 a 17 a\u00f1os y a sus familias.","og_url":"https:\/\/santaeulariaculturaijoventut.com\/es\/cuidinfants\/programa-completo\/","og_site_name":"Cultura i Joventut, Santa Eul\u00e0ria des Riu","article_modified_time":"2021-11-16T09:23:16+00:00","og_image":[{"url":"https:\/\/santaeulariaculturaijoventut.com\/wp-content\/uploads\/2020\/08\/cuidinfants.jpg"}],"twitter_card":"summary_large_image","twitter_misc":{"Tiempo de lectura":"1 minuto"},"schema":{"@context":"https:\/\/schema.org","@graph":[{"@type":"WebPage","@id":"https:\/\/santaeulariaculturaijoventut.com\/es\/cuidinfants\/programa-completo\/","url":"https:\/\/santaeulariaculturaijoventut.com\/es\/cuidinfants\/programa-completo\/","name":"Programa completo - Cultura i Joventut, Santa Eul\u00e0ria des Riu","isPartOf":{"@id":"https:\/\/santaeulariaculturaijoventut.com\/ca\/#website"},"primaryImageOfPage":{"@id":"https:\/\/santaeulariaculturaijoventut.com\/es\/cuidinfants\/programa-completo\/#primaryimage"},"image":{"@id":"https:\/\/santaeulariaculturaijoventut.com\/es\/cuidinfants\/programa-completo\/#primaryimage"},"thumbnailUrl":"https:\/\/santaeulariaculturaijoventut.com\/wp-content\/uploads\/2020\/08\/cuidinfants.jpg","datePublished":"2020-11-19T12:05:48+00:00","dateModified":"2021-11-16T09:23:16+00:00","description":"Cada semana se propondr\u00e1 una actividad en l\u00ednia o presencial destinada a la infancia y j\u00f3venes de 3 a 17 a\u00f1os y a sus familias.","breadcrumb":{"@id":"https:\/\/santaeulariaculturaijoventut.com\/es\/cuidinfants\/programa-completo\/#breadcrumb"},"inLanguage":"es","potentialAction":[{"@type":"ReadAction","target":["https:\/\/santaeulariaculturaijoventut.com\/es\/cuidinfants\/programa-completo\/"]}]},{"@type":"ImageObject","inLanguage":"es","@id":"https:\/\/santaeulariaculturaijoventut.com\/es\/cuidinfants\/programa-completo\/#primaryimage","url":"https:\/\/santaeulariaculturaijoventut.com\/wp-content\/uploads\/2020\/08\/cuidinfants.jpg","contentUrl":"https:\/\/santaeulariaculturaijoventut.com\/wp-content\/uploads\/2020\/08\/cuidinfants.jpg"},{"@type":"BreadcrumbList","@id":"https:\/\/santaeulariaculturaijoventut.com\/es\/cuidinfants\/programa-completo\/#breadcrumb","itemListElement":[{"@type":"ListItem","position":1,"name":"Inici","item":"https:\/\/santaeulariaculturaijoventut.com\/es\/escoles-estiu\/informacio-escoles-destiu\/"},{"@type":"ListItem","position":2,"name":"Cuidinfants Edici\u00f3n 2020","item":"https:\/\/santaeulariaculturaijoventut.com\/es\/cuidinfants\/"},{"@type":"ListItem","position":3,"name":"Programa completo"}]},{"@type":"WebSite","@id":"https:\/\/santaeulariaculturaijoventut.com\/ca\/#website","url":"https:\/\/santaeulariaculturaijoventut.com\/ca\/","name":"Cultura i Joventut, Santa Eul\u00e0ria des Riu","description":"Cultura i Joventut, Santa Eul\u00e0ria des Riu","potentialAction":[{"@type":"SearchAction","target":{"@type":"EntryPoint","urlTemplate":"https:\/\/santaeulariaculturaijoventut.com\/ca\/?s={search_term_string}"},"query-input":{"@type":"PropertyValueSpecification","valueRequired":true,"valueName":"search_term_string"}}],"inLanguage":"es"}]}},"_links":{"self":[{"href":"https:\/\/santaeulariaculturaijoventut.com\/es\/wp-json\/wp\/v2\/pages\/956"}],"collection":[{"href":"https:\/\/santaeulariaculturaijoventut.com\/es\/wp-json\/wp\/v2\/pages"}],"about":[{"href":"https:\/\/santaeulariaculturaijoventut.com\/es\/wp-json\/wp\/v2\/types\/page"}],"author":[{"embeddable":true,"href":"https:\/\/santaeulariaculturaijoventut.com\/es\/wp-json\/wp\/v2\/users\/1"}],"replies":[{"embeddable":true,"href":"https:\/\/santaeulariaculturaijoventut.com\/es\/wp-json\/wp\/v2\/comments?post=956"}],"version-history":[{"count":3,"href":"https:\/\/santaeulariaculturaijoventut.com\/es\/wp-json\/wp\/v2\/pages\/956\/revisions"}],"predecessor-version":[{"id":4488,"href":"https:\/\/santaeulariaculturaijoventut.com\/es\/wp-json\/wp\/v2\/pages\/956\/revisions\/4488"}],"up":[{"embeddable":true,"href":"https:\/\/santaeulariaculturaijoventut.com\/es\/wp-json\/wp\/v2\/pages\/961"}],"wp:attachment":[{"href":"https:\/\/santaeulariaculturaijoventut.com\/es\/wp-json\/wp\/v2\/media?parent=956"}],"wp:term":[{"taxonomy":"category","embeddable":true,"href":"https:\/\/santaeulariaculturaijoventut.com\/es\/wp-json\/wp\/v2\/categories?post=956"},{"taxonomy":"post_tag","embeddable":true,"href":"https:\/\/santaeulariaculturaijoventut.com\/es\/wp-json\/wp\/v2\/tags?post=956"},{"taxonomy":"folder","embeddable":true,"href":"https:\/\/santaeulariaculturaijoventut.com\/es\/wp-json\/wp\/v2\/folder?post=956"}],"curies":[{"name":"wp","href":"https:\/\/api.w.org\/{rel}","templated":true}]}}