{"id":4556,"date":"2021-11-17T11:50:33","date_gmt":"2021-11-17T10:50:33","guid":{"rendered":"https:\/\/santaeulariaculturaijoventut.com\/cuidinfants-edicion-2021\/ciudad-amiga-de-la-infancia\/"},"modified":"2021-11-17T11:50:33","modified_gmt":"2021-11-17T10:50:33","slug":"ciudad-amiga-de-la-infancia","status":"publish","type":"page","link":"https:\/\/santaeulariaculturaijoventut.com\/es\/cuidinfants-edicion-2021\/ciudad-amiga-de-la-infancia\/","title":{"rendered":"Ciudad Amiga de la Infancia"},"content":{"rendered":"","protected":false},"excerpt":{"rendered":"","protected":false},"author":1,"featured_media":0,"parent":4401,"menu_order":40,"comment_status":"closed","ping_status":"closed","template":"","meta":{"footnotes":""},"categories":[75,77],"tags":[],"folder":[73],"yoast_head":"<!-- This site is optimized with the Yoast SEO plugin v23.9 - https:\/\/yoast.com\/wordpress\/plugins\/seo\/ -->\n<title>Ciudad Amiga de la Infancia - Cultura i Joventut, Santa Eul\u00e0ria des Riu<\/title>\n<meta name=\"description\" content=\"El municipio de Santa Eul\u00e0ria des Riu recibi\u00f3 el reconocimiento de UNICEF como Ciudad Amiga de la Infancia en 2012.\" \/>\n<meta name=\"robots\" content=\"index, follow, max-snippet:-1, max-image-preview:large, max-video-preview:-1\" \/>\n<link rel=\"canonical\" href=\"https:\/\/santaeulariaculturaijoventut.com\/es\/cuidinfants-edicion-2021\/ciudad-amiga-de-la-infancia\/\" \/>\n<meta property=\"og:locale\" content=\"es_ES\" \/>\n<meta property=\"og:type\" content=\"article\" \/>\n<meta property=\"og:title\" content=\"Ciudad Amiga de la Infancia - Cultura i Joventut, Santa Eul\u00e0ria des Riu\" \/>\n<meta property=\"og:description\" content=\"El municipio de Santa Eul\u00e0ria des Riu recibi\u00f3 el reconocimiento de UNICEF como Ciudad Amiga de la Infancia en 2012.\" \/>\n<meta property=\"og:url\" content=\"https:\/\/santaeulariaculturaijoventut.com\/es\/cuidinfants-edicion-2021\/ciudad-amiga-de-la-infancia\/\" \/>\n<meta property=\"og:site_name\" content=\"Cultura i Joventut, Santa Eul\u00e0ria des Riu\" \/>\n<meta name=\"twitter:card\" content=\"summary_large_image\" \/>\n<script type=\"application\/ld+json\" class=\"yoast-schema-graph\">{\"@context\":\"https:\/\/schema.org\",\"@graph\":[{\"@type\":\"WebPage\",\"@id\":\"https:\/\/santaeulariaculturaijoventut.com\/es\/cuidinfants-edicion-2021\/ciudad-amiga-de-la-infancia\/\",\"url\":\"https:\/\/santaeulariaculturaijoventut.com\/es\/cuidinfants-edicion-2021\/ciudad-amiga-de-la-infancia\/\",\"name\":\"Ciudad Amiga de la Infancia - Cultura i Joventut, Santa Eul\u00e0ria des Riu\",\"isPartOf\":{\"@id\":\"https:\/\/santaeulariaculturaijoventut.com\/ca\/#website\"},\"datePublished\":\"2021-11-17T10:50:33+00:00\",\"dateModified\":\"2021-11-17T10:50:33+00:00\",\"description\":\"El municipio de Santa Eul\u00e0ria des Riu recibi\u00f3 el reconocimiento de UNICEF como Ciudad Amiga de la Infancia en 2012.\",\"breadcrumb\":{\"@id\":\"https:\/\/santaeulariaculturaijoventut.com\/es\/cuidinfants-edicion-2021\/ciudad-amiga-de-la-infancia\/#breadcrumb\"},\"inLanguage\":\"es\",\"potentialAction\":[{\"@type\":\"ReadAction\",\"target\":[\"https:\/\/santaeulariaculturaijoventut.com\/es\/cuidinfants-edicion-2021\/ciudad-amiga-de-la-infancia\/\"]}]},{\"@type\":\"BreadcrumbList\",\"@id\":\"https:\/\/santaeulariaculturaijoventut.com\/es\/cuidinfants-edicion-2021\/ciudad-amiga-de-la-infancia\/#breadcrumb\",\"itemListElement\":[{\"@type\":\"ListItem\",\"position\":1,\"name\":\"Inici\",\"item\":\"https:\/\/santaeulariaculturaijoventut.com\/es\/escola-de-pasqua\/informacio-escola-de-pasqua\/\"},{\"@type\":\"ListItem\",\"position\":2,\"name\":\"Cuidinfants Edici\u00f3n 2021\",\"item\":\"https:\/\/santaeulariaculturaijoventut.com\/es\/cuidinfants-edicion-2021\/\"},{\"@type\":\"ListItem\",\"position\":3,\"name\":\"Ciudad Amiga de la Infancia\"}]},{\"@type\":\"WebSite\",\"@id\":\"https:\/\/santaeulariaculturaijoventut.com\/ca\/#website\",\"url\":\"https:\/\/santaeulariaculturaijoventut.com\/ca\/\",\"name\":\"Cultura i Joventut, Santa Eul\u00e0ria des Riu\",\"description\":\"Cultura i Joventut, Santa Eul\u00e0ria des Riu\",\"potentialAction\":[{\"@type\":\"SearchAction\",\"target\":{\"@type\":\"EntryPoint\",\"urlTemplate\":\"https:\/\/santaeulariaculturaijoventut.com\/ca\/?s={search_term_string}\"},\"query-input\":{\"@type\":\"PropertyValueSpecification\",\"valueRequired\":true,\"valueName\":\"search_term_string\"}}],\"inLanguage\":\"es\"}]}<\/script>\n<!-- \/ Yoast SEO plugin. -->","yoast_head_json":{"title":"Ciudad Amiga de la Infancia - Cultura i Joventut, Santa Eul\u00e0ria des Riu","description":"El municipio de Santa Eul\u00e0ria des Riu recibi\u00f3 el reconocimiento de UNICEF como Ciudad Amiga de la Infancia en 2012.","robots":{"index":"index","follow":"follow","max-snippet":"max-snippet:-1","max-image-preview":"max-image-preview:large","max-video-preview":"max-video-preview:-1"},"canonical":"https:\/\/santaeulariaculturaijoventut.com\/es\/cuidinfants-edicion-2021\/ciudad-amiga-de-la-infancia\/","og_locale":"es_ES","og_type":"article","og_title":"Ciudad Amiga de la Infancia - Cultura i Joventut, Santa Eul\u00e0ria des Riu","og_description":"El municipio de Santa Eul\u00e0ria des Riu recibi\u00f3 el reconocimiento de UNICEF como Ciudad Amiga de la Infancia en 2012.","og_url":"https:\/\/santaeulariaculturaijoventut.com\/es\/cuidinfants-edicion-2021\/ciudad-amiga-de-la-infancia\/","og_site_name":"Cultura i Joventut, Santa Eul\u00e0ria des Riu","twitter_card":"summary_large_image","schema":{"@context":"https:\/\/schema.org","@graph":[{"@type":"WebPage","@id":"https:\/\/santaeulariaculturaijoventut.com\/es\/cuidinfants-edicion-2021\/ciudad-amiga-de-la-infancia\/","url":"https:\/\/santaeulariaculturaijoventut.com\/es\/cuidinfants-edicion-2021\/ciudad-amiga-de-la-infancia\/","name":"Ciudad Amiga de la Infancia - Cultura i Joventut, Santa Eul\u00e0ria des Riu","isPartOf":{"@id":"https:\/\/santaeulariaculturaijoventut.com\/ca\/#website"},"datePublished":"2021-11-17T10:50:33+00:00","dateModified":"2021-11-17T10:50:33+00:00","description":"El municipio de Santa Eul\u00e0ria des Riu recibi\u00f3 el reconocimiento de UNICEF como Ciudad Amiga de la Infancia en 2012.","breadcrumb":{"@id":"https:\/\/santaeulariaculturaijoventut.com\/es\/cuidinfants-edicion-2021\/ciudad-amiga-de-la-infancia\/#breadcrumb"},"inLanguage":"es","potentialAction":[{"@type":"ReadAction","target":["https:\/\/santaeulariaculturaijoventut.com\/es\/cuidinfants-edicion-2021\/ciudad-amiga-de-la-infancia\/"]}]},{"@type":"BreadcrumbList","@id":"https:\/\/santaeulariaculturaijoventut.com\/es\/cuidinfants-edicion-2021\/ciudad-amiga-de-la-infancia\/#breadcrumb","itemListElement":[{"@type":"ListItem","position":1,"name":"Inici","item":"https:\/\/santaeulariaculturaijoventut.com\/es\/escola-de-pasqua\/informacio-escola-de-pasqua\/"},{"@type":"ListItem","position":2,"name":"Cuidinfants Edici\u00f3n 2021","item":"https:\/\/santaeulariaculturaijoventut.com\/es\/cuidinfants-edicion-2021\/"},{"@type":"ListItem","position":3,"name":"Ciudad Amiga de la Infancia"}]},{"@type":"WebSite","@id":"https:\/\/santaeulariaculturaijoventut.com\/ca\/#website","url":"https:\/\/santaeulariaculturaijoventut.com\/ca\/","name":"Cultura i Joventut, Santa Eul\u00e0ria des Riu","description":"Cultura i Joventut, Santa Eul\u00e0ria des Riu","potentialAction":[{"@type":"SearchAction","target":{"@type":"EntryPoint","urlTemplate":"https:\/\/santaeulariaculturaijoventut.com\/ca\/?s={search_term_string}"},"query-input":{"@type":"PropertyValueSpecification","valueRequired":true,"valueName":"search_term_string"}}],"inLanguage":"es"}]}},"_links":{"self":[{"href":"https:\/\/santaeulariaculturaijoventut.com\/es\/wp-json\/wp\/v2\/pages\/4556"}],"collection":[{"href":"https:\/\/santaeulariaculturaijoventut.com\/es\/wp-json\/wp\/v2\/pages"}],"about":[{"href":"https:\/\/santaeulariaculturaijoventut.com\/es\/wp-json\/wp\/v2\/types\/page"}],"author":[{"embeddable":true,"href":"https:\/\/santaeulariaculturaijoventut.com\/es\/wp-json\/wp\/v2\/users\/1"}],"replies":[{"embeddable":true,"href":"https:\/\/santaeulariaculturaijoventut.com\/es\/wp-json\/wp\/v2\/comments?post=4556"}],"version-history":[{"count":0,"href":"https:\/\/santaeulariaculturaijoventut.com\/es\/wp-json\/wp\/v2\/pages\/4556\/revisions"}],"up":[{"embeddable":true,"href":"https:\/\/santaeulariaculturaijoventut.com\/es\/wp-json\/wp\/v2\/pages\/4401"}],"wp:attachment":[{"href":"https:\/\/santaeulariaculturaijoventut.com\/es\/wp-json\/wp\/v2\/media?parent=4556"}],"wp:term":[{"taxonomy":"category","embeddable":true,"href":"https:\/\/santaeulariaculturaijoventut.com\/es\/wp-json\/wp\/v2\/categories?post=4556"},{"taxonomy":"post_tag","embeddable":true,"href":"https:\/\/santaeulariaculturaijoventut.com\/es\/wp-json\/wp\/v2\/tags?post=4556"},{"taxonomy":"folder","embeddable":true,"href":"https:\/\/santaeulariaculturaijoventut.com\/es\/wp-json\/wp\/v2\/folder?post=4556"}],"curies":[{"name":"wp","href":"https:\/\/api.w.org\/{rel}","templated":true}]}}