{"id":4548,"date":"2021-11-16T19:07:44","date_gmt":"2021-11-16T18:07:44","guid":{"rendered":"https:\/\/santaeulariaculturaijoventut.com\/cuidinfants-edicion-2021\/actividad-4\/"},"modified":"2022-01-13T19:13:20","modified_gmt":"2022-01-13T18:13:20","slug":"actividad-4","status":"publish","type":"page","link":"https:\/\/santaeulariaculturaijoventut.com\/es\/cuidinfants-edicion-2021\/actividad-4\/","title":{"rendered":"Actividad 4"},"content":{"rendered":"\n<h4>\n\t\tActivitat 4 &#8211; Por el crecimiento y la atenci\u00f3n a la infancia y la adolescencia en un entorno sano y adecuado\n\t<\/h4>\n<h4>\n\t\tBASES DEL CONCURSO DE COCINA INFANTIL Y JUVENIL CUIDINFANTS\n\t<\/h4>\n\t<p>La Concejal\u00eda de Juventud del Ayuntamiento de Santa Eul\u00e0ria des Riu convoca el Concurso de Cocina Infantil y Juvenil Cuidinfants el s\u00e1bado 11 de diciembre en la plaza Espa\u00f1a de 9.30 a 14 h. Durante esta jornada, los derechos fundamentales que se tratar\u00e1n son los siguientes:<\/p>\n<ul>\n<li>Derecho a una protecci\u00f3n especial para que puedan crecer f\u00edsica, mental y socialmente sanos y libres.<\/li>\n<li>Derecho a una alimentaci\u00f3n, vivienda y atenci\u00f3n m\u00e9dica adecuadas.<\/li>\n<\/ul>\n<p>Estos derechos est\u00e1n relacionados con los Objetivos de Desarrollo Sostenible 2 Nutrici\u00f3n, 3 Salud, 11 Ciudades y comunidades sostenibles y 12 Producci\u00f3n y consumo responsables.<\/p>\n<p>Este concurso va dirigido a ni\u00f1os, ni\u00f1as y j\u00f3venes de 3 a 17 a\u00f1os.<\/p>\n<strong>TEM\u00c1TICA Y T\u00c9CNICA<\/strong><br \/>\nPara la celebraci\u00f3n del D\u00eda Universal de la Infancia y en relaci\u00f3n a los derechos fundamentales de los ni\u00f1os, ni\u00f1as y adolescentes, se convoca el Concurso de Cocina Infantil y Juvenil Cuidinfants, en el que los ni\u00f1os, ni\u00f1as y j\u00f3venes participantes deber\u00e1n realizar una receta propuesta por la organizaci\u00f3n. La finalidad de este concurso es fomentar entre la infancia y la juventud los buenos h\u00e1bitos de alimentaci\u00f3n saludable.\n<p>Las caracter\u00edsticas del concurso ser\u00e1n las siguientes:<\/p>\n<ul>\n<li>Hay cuatro categor\u00edas. Cada una tendr\u00e1 un horario de participaci\u00f3n con una hora de desarrollo.<\/li>\n<li>La organizaci\u00f3n propondr\u00e1 una receta por categor\u00eda. Ser\u00e1 saludable, utilizando productos locales, de km 0 y sostenibles.<\/li>\n<li>En las categor\u00edas donde no se precisa el acompa\u00f1amiento, si el ni\u00f1o, ni\u00f1a o joven participante tiene necesidades especiales y precisa de apoyo durante el desarrollo de la actividad, podr\u00e1 estar acompa\u00f1ado\/a por una persona adulta.<\/li>\n<li>Las plazas por categor\u00eda son limitadas.<\/li>\n<\/ul>\n<p>Los premios se conceder\u00e1n atendiendo al sabor, la limpieza y la presentaci\u00f3n de la receta.<\/p>\n<strong>CATEGOR\u00cdAS Y PREMIOS<\/strong><br \/>\nSe establecen 4 categor\u00edas:\n<ul>\n<li>Categoria 1 &#8211; Categor\u00eda 1 &#8211; Ni\u00f1os\/as de 3 a 5 a\u00f1os con el acompa\u00f1amiento de una persona adulta.<\/li>\n<li>Categor\u00eda 2 &#8211; Ni\u00f1os\/as de 6 a 8 a\u00f1os.<\/li>\n<li>Categor\u00eda 3 &#8211; Ni\u00f1os\/as de 9 a 12 a\u00f1os.<\/li>\n<li>Categor\u00eda 4 &#8211; J\u00f3venes de 13 a 17 a\u00f1os.<\/li>\n<\/ul>\n<p>Se conceder\u00e1 un premio de 50 \u20ac al ganador\/a de cada categor\u00eda en forma de vales canjeables en comercios del municipio de Santa Eul\u00e0ria des Riu.<\/p>\n<strong>INSCRIPCI\u00d3N<\/strong><br \/>\nEl plazo de inscripci\u00f3n es del 1 al 8 de diciembre de 2021 enviando un correo a <a href=\"mailto:puntjove@santaeularia.com\">puntjove@santaeularia.com<\/a>. En el correo se deber\u00e1n indicar los siguientes datos personales de la persona participante: \n<ul>\n<li>Nom i llinatges.<\/li>\n<li>Nombre y apellidos.<\/li>\n<li>DNI\/NIE.<\/li>\n<li>Edad.<\/li>\n<li>Nombre y apellidos del padre, madre o tutor\/a.<\/li>\n<li>Tel\u00e9fono.<\/li>\n<li>Correo electr\u00f3nico.<\/li>\n<li>Categor\u00eda en la que participa.<\/li>\n<li>Otra informaci\u00f3n (alergias, necesidades especiales, etc.).<\/li>\n<\/ul>\n<strong>JURADO Y NORMATIVA<\/strong><br \/>\nEl jurado estar\u00e1 formado por cocineros y cocineras de la isla de Ibiza. Su decisi\u00f3n ser\u00e1 inapelable y podr\u00e1 declararse desierto o compartido alguno de los premios. La valoraci\u00f3n de los trabajos por parte del jurado se har\u00e1 de forma an\u00f3nima. Su resoluci\u00f3n se anunciar\u00e1 directamente a las personas premiadas, a trav\u00e9s de la web www.santaeulariaculturaijoventut.com del Ayuntamiento de Santa Eul\u00e0ria des Riu y a trav\u00e9s de las redes sociales del Departamento de Juventud (Facebook Joventut Santa Eul\u00e0ria \/ Instagram @joventutsantaeularia). Junto con la resoluci\u00f3n del jurado se indicar\u00e1 la forma de entrega de premios.\n<p>La decisi\u00f3n del jurado se har\u00e1 p\u00fablica el s\u00e1bado 11 de diciembre durante la realizaci\u00f3n del evento y se publicar\u00e1 en el resto de medios la tercera semana de diciembre de 2021.<\/p>\n<p>Cada categor\u00eda participar\u00e1 en una franja horaria:<\/p>\n<ul>\n<li><strong>9.30 h<\/strong> &#8211; Inicio y presentaci\u00f3n del Concurso de Cocina Infantil y Juvenil Cuidinfants.<\/li>\n<li><strong>10 h a 11.30 h<\/strong> &#8211; Participaci\u00f3n de las categor\u00edas 1 y 2.<\/li>\n<li><strong>11.30 a 12.30 h<\/strong> &#8211; Show cooking con el cocinero Aitor P\u00e9rez.<\/li>\n<li><strong>12.30 a 14 h<\/strong> &#8211; Participaci\u00f3n de las categor\u00edas 3 y 4.<\/li>\n<li><strong>14 h<\/strong> &#8211; Fin del evento.<\/li>\n<\/ul>\n<p>La participaci\u00f3n en este concurso implica la autorizaci\u00f3n al Ayuntamiento de Santa Eul\u00e0ria des Riu para la publicaci\u00f3n de im\u00e1genes fotogr\u00e1ficas o de v\u00eddeo de participantes, a trav\u00e9s de soportes digitales, tanto durante el desarrollo de la actividad como despu\u00e9s del anuncio del veredicto del jurado, con el objetivo de promocionar dicha actividad.<\/p>\n<p>La participaci\u00f3n en este concurso implica la autorizaci\u00f3n al Ayuntamiento de Santa Eul\u00e0ria des Riu a revisar sus datos en el Padr\u00f3n.<\/p>\n<p>Las im\u00e1genes fotogr\u00e1ficas o v\u00eddeos de participantes no podr\u00e1n ser publicados en ning\u00fan otro medio ajeno al Ayuntamiento de Santa Eul\u00e0ria des Riu sin autorizaci\u00f3n expresa de este.<\/p>\n<p>La inscripci\u00f3n con los datos personales junto con la autorizaci\u00f3n de imagen de menores, implica la aceptaci\u00f3n de todos los puntos de las bases.<\/p>\n<p>Cualquier persona participante que no re\u00fana la totalidad de las condiciones indicadas en las bases ser\u00e1 autom\u00e1ticamente excluida del concurso.<\/p>\n<p>Las personas interesadas pueden recibir informaci\u00f3n a trav\u00e9s del tel\u00e9fono 971319065.<\/p>\n<p>La participaci\u00f3n en este concurso implica la aceptaci\u00f3n de todas las bases. La organizaci\u00f3n se reserva el derecho a introducir, si lo considera conveniente, las modificaciones necesarias para el buen funcionamiento del concurso.<\/p>\n<p><strong>Informaci\u00f3n sobre protecci\u00f3n de datos: <\/strong>El responsable del tratamiento de los datos es el Ayuntamiento de Santa Eul\u00e0ria des Riu. La finalidad del tratamiento es su participaci\u00f3n en el Concurso de Cocina Infantil y Juvenil Cuidinfants. La legitimaci\u00f3n para el tratamiento se basa en su consentimiento prestado para participar en el Concurso de Cocina Infantil y Juvenil Cuidinfants. Los datos ser\u00e1n conservados durante los plazos previstos en las disposiciones legales aplicables y el tiempo necesario para atender las posibles responsabilidades nacidas del tratamiento. No se comunicar\u00e1n los datos a terceros excepto obligaci\u00f3n legal. Tiene derecho a solicitar el acceso a sus datos personales, su rectificaci\u00f3n, supresi\u00f3n o portabilidad y la limitaci\u00f3n de su tratamiento ante la Secretar\u00eda de este Ayuntamiento situado en la plaza Espa\u00f1a n.\u00ba 1, 07840 Santa Eul\u00e0ria des Riu, u oponerse al tratamiento, as\u00ed como a presentar una reclamaci\u00f3n ante la autoridad de control.<\/p>\n\t\t\t<img decoding=\"async\" src=\"https:\/\/santaeulariaculturaijoventut.com\/wp-content\/uploads\/2022\/01\/vlcsnap-2022-01-13-19h09m38s234.jpg\" title=\"vlcsnap-2022-01-13-19h09m38s234\" alt=\"\" \/>\t\t\t\t\t\t\t\n\t\t\t\t\tPlay Video\n\t\t\t\t<img loading=\"lazy\" decoding=\"async\" src=\"https:\/\/santaeulariaculturaijoventut.com\/wp-content\/uploads\/2020\/11\/4.jpg\" alt=\"4\" itemprop=\"image\" height=\"311\" width=\"311\" title=\"4\" onerror=\"this.style.display='none'\"  \/>\n<h3>\n\t\tActividad 4\n\t<\/h3>\n<h4>\n\t\tS\u00e1bado 4 de diciembre\n\t<\/h4>\n\n","protected":false},"excerpt":{"rendered":"<p>Activitat 4 &#8211; Por el crecimiento y la atenci\u00f3n a la infancia y la adolescencia en un entorno sano y adecuado BASES DEL CONCURSO DE COCINA INFANTIL Y JUVENIL CUIDINFANTS La Concejal\u00eda de Juventud del Ayuntamiento de Santa Eul\u00e0ria des Riu convoca el Concurso de Cocina Infantil y Juvenil Cuidinfants el s\u00e1bado 11 de diciembre&hellip;<\/p>\n","protected":false},"author":1,"featured_media":0,"parent":4401,"menu_order":40,"comment_status":"closed","ping_status":"closed","template":"","meta":{"footnotes":""},"categories":[75,77],"tags":[],"folder":[73],"yoast_head":"<!-- This site is optimized with the Yoast SEO plugin v23.9 - https:\/\/yoast.com\/wordpress\/plugins\/seo\/ -->\n<title>Actividad 4 - Cultura i Joventut, Santa Eul\u00e0ria des Riu<\/title>\n<meta name=\"robots\" content=\"index, follow, max-snippet:-1, max-image-preview:large, max-video-preview:-1\" \/>\n<link rel=\"canonical\" href=\"https:\/\/santaeulariaculturaijoventut.com\/es\/cuidinfants-edicion-2021\/actividad-4\/\" \/>\n<meta property=\"og:locale\" content=\"es_ES\" \/>\n<meta property=\"og:type\" content=\"article\" \/>\n<meta property=\"og:title\" content=\"Actividad 4 - Cultura i Joventut, Santa Eul\u00e0ria des Riu\" \/>\n<meta property=\"og:description\" content=\"Activitat 4 &#8211; Por el crecimiento y la atenci\u00f3n a la infancia y la adolescencia en un entorno sano y adecuado BASES DEL CONCURSO DE COCINA INFANTIL Y JUVENIL CUIDINFANTS La Concejal\u00eda de Juventud del Ayuntamiento de Santa Eul\u00e0ria des Riu convoca el Concurso de Cocina Infantil y Juvenil Cuidinfants el s\u00e1bado 11 de diciembre&hellip;\" \/>\n<meta property=\"og:url\" content=\"https:\/\/santaeulariaculturaijoventut.com\/es\/cuidinfants-edicion-2021\/actividad-4\/\" \/>\n<meta property=\"og:site_name\" content=\"Cultura i Joventut, Santa Eul\u00e0ria des Riu\" \/>\n<meta property=\"article:modified_time\" content=\"2022-01-13T18:13:20+00:00\" \/>\n<meta property=\"og:image\" content=\"https:\/\/santaeulariaculturaijoventut.com\/wp-content\/uploads\/2022\/01\/vlcsnap-2022-01-13-19h09m38s234.jpg\" \/>\n<meta name=\"twitter:card\" content=\"summary_large_image\" \/>\n<meta name=\"twitter:label1\" content=\"Tiempo de lectura\" \/>\n\t<meta name=\"twitter:data1\" content=\"5 minutos\" \/>\n<script type=\"application\/ld+json\" class=\"yoast-schema-graph\">{\"@context\":\"https:\/\/schema.org\",\"@graph\":[{\"@type\":\"WebPage\",\"@id\":\"https:\/\/santaeulariaculturaijoventut.com\/es\/cuidinfants-edicion-2021\/actividad-4\/\",\"url\":\"https:\/\/santaeulariaculturaijoventut.com\/es\/cuidinfants-edicion-2021\/actividad-4\/\",\"name\":\"Actividad 4 - Cultura i Joventut, Santa Eul\u00e0ria des Riu\",\"isPartOf\":{\"@id\":\"https:\/\/santaeulariaculturaijoventut.com\/ca\/#website\"},\"primaryImageOfPage\":{\"@id\":\"https:\/\/santaeulariaculturaijoventut.com\/es\/cuidinfants-edicion-2021\/actividad-4\/#primaryimage\"},\"image\":{\"@id\":\"https:\/\/santaeulariaculturaijoventut.com\/es\/cuidinfants-edicion-2021\/actividad-4\/#primaryimage\"},\"thumbnailUrl\":\"https:\/\/santaeulariaculturaijoventut.com\/wp-content\/uploads\/2022\/01\/vlcsnap-2022-01-13-19h09m38s234.jpg\",\"datePublished\":\"2021-11-16T18:07:44+00:00\",\"dateModified\":\"2022-01-13T18:13:20+00:00\",\"breadcrumb\":{\"@id\":\"https:\/\/santaeulariaculturaijoventut.com\/es\/cuidinfants-edicion-2021\/actividad-4\/#breadcrumb\"},\"inLanguage\":\"es\",\"potentialAction\":[{\"@type\":\"ReadAction\",\"target\":[\"https:\/\/santaeulariaculturaijoventut.com\/es\/cuidinfants-edicion-2021\/actividad-4\/\"]}]},{\"@type\":\"ImageObject\",\"inLanguage\":\"es\",\"@id\":\"https:\/\/santaeulariaculturaijoventut.com\/es\/cuidinfants-edicion-2021\/actividad-4\/#primaryimage\",\"url\":\"https:\/\/santaeulariaculturaijoventut.com\/wp-content\/uploads\/2022\/01\/vlcsnap-2022-01-13-19h09m38s234.jpg\",\"contentUrl\":\"https:\/\/santaeulariaculturaijoventut.com\/wp-content\/uploads\/2022\/01\/vlcsnap-2022-01-13-19h09m38s234.jpg\"},{\"@type\":\"BreadcrumbList\",\"@id\":\"https:\/\/santaeulariaculturaijoventut.com\/es\/cuidinfants-edicion-2021\/actividad-4\/#breadcrumb\",\"itemListElement\":[{\"@type\":\"ListItem\",\"position\":1,\"name\":\"Inici\",\"item\":\"https:\/\/santaeulariaculturaijoventut.com\/es\/escola-de-pasqua\/informacio-escola-de-pasqua\/\"},{\"@type\":\"ListItem\",\"position\":2,\"name\":\"Cuidinfants Edici\u00f3n 2021\",\"item\":\"https:\/\/santaeulariaculturaijoventut.com\/es\/cuidinfants-edicion-2021\/\"},{\"@type\":\"ListItem\",\"position\":3,\"name\":\"Actividad 4\"}]},{\"@type\":\"WebSite\",\"@id\":\"https:\/\/santaeulariaculturaijoventut.com\/ca\/#website\",\"url\":\"https:\/\/santaeulariaculturaijoventut.com\/ca\/\",\"name\":\"Cultura i Joventut, Santa Eul\u00e0ria des Riu\",\"description\":\"Cultura i Joventut, Santa Eul\u00e0ria des Riu\",\"potentialAction\":[{\"@type\":\"SearchAction\",\"target\":{\"@type\":\"EntryPoint\",\"urlTemplate\":\"https:\/\/santaeulariaculturaijoventut.com\/ca\/?s={search_term_string}\"},\"query-input\":{\"@type\":\"PropertyValueSpecification\",\"valueRequired\":true,\"valueName\":\"search_term_string\"}}],\"inLanguage\":\"es\"}]}<\/script>\n<!-- \/ Yoast SEO plugin. -->","yoast_head_json":{"title":"Actividad 4 - Cultura i Joventut, Santa Eul\u00e0ria des Riu","robots":{"index":"index","follow":"follow","max-snippet":"max-snippet:-1","max-image-preview":"max-image-preview:large","max-video-preview":"max-video-preview:-1"},"canonical":"https:\/\/santaeulariaculturaijoventut.com\/es\/cuidinfants-edicion-2021\/actividad-4\/","og_locale":"es_ES","og_type":"article","og_title":"Actividad 4 - Cultura i Joventut, Santa Eul\u00e0ria des Riu","og_description":"Activitat 4 &#8211; Por el crecimiento y la atenci\u00f3n a la infancia y la adolescencia en un entorno sano y adecuado BASES DEL CONCURSO DE COCINA INFANTIL Y JUVENIL CUIDINFANTS La Concejal\u00eda de Juventud del Ayuntamiento de Santa Eul\u00e0ria des Riu convoca el Concurso de Cocina Infantil y Juvenil Cuidinfants el s\u00e1bado 11 de diciembre&hellip;","og_url":"https:\/\/santaeulariaculturaijoventut.com\/es\/cuidinfants-edicion-2021\/actividad-4\/","og_site_name":"Cultura i Joventut, Santa Eul\u00e0ria des Riu","article_modified_time":"2022-01-13T18:13:20+00:00","og_image":[{"url":"https:\/\/santaeulariaculturaijoventut.com\/wp-content\/uploads\/2022\/01\/vlcsnap-2022-01-13-19h09m38s234.jpg"}],"twitter_card":"summary_large_image","twitter_misc":{"Tiempo de lectura":"5 minutos"},"schema":{"@context":"https:\/\/schema.org","@graph":[{"@type":"WebPage","@id":"https:\/\/santaeulariaculturaijoventut.com\/es\/cuidinfants-edicion-2021\/actividad-4\/","url":"https:\/\/santaeulariaculturaijoventut.com\/es\/cuidinfants-edicion-2021\/actividad-4\/","name":"Actividad 4 - Cultura i Joventut, Santa Eul\u00e0ria des Riu","isPartOf":{"@id":"https:\/\/santaeulariaculturaijoventut.com\/ca\/#website"},"primaryImageOfPage":{"@id":"https:\/\/santaeulariaculturaijoventut.com\/es\/cuidinfants-edicion-2021\/actividad-4\/#primaryimage"},"image":{"@id":"https:\/\/santaeulariaculturaijoventut.com\/es\/cuidinfants-edicion-2021\/actividad-4\/#primaryimage"},"thumbnailUrl":"https:\/\/santaeulariaculturaijoventut.com\/wp-content\/uploads\/2022\/01\/vlcsnap-2022-01-13-19h09m38s234.jpg","datePublished":"2021-11-16T18:07:44+00:00","dateModified":"2022-01-13T18:13:20+00:00","breadcrumb":{"@id":"https:\/\/santaeulariaculturaijoventut.com\/es\/cuidinfants-edicion-2021\/actividad-4\/#breadcrumb"},"inLanguage":"es","potentialAction":[{"@type":"ReadAction","target":["https:\/\/santaeulariaculturaijoventut.com\/es\/cuidinfants-edicion-2021\/actividad-4\/"]}]},{"@type":"ImageObject","inLanguage":"es","@id":"https:\/\/santaeulariaculturaijoventut.com\/es\/cuidinfants-edicion-2021\/actividad-4\/#primaryimage","url":"https:\/\/santaeulariaculturaijoventut.com\/wp-content\/uploads\/2022\/01\/vlcsnap-2022-01-13-19h09m38s234.jpg","contentUrl":"https:\/\/santaeulariaculturaijoventut.com\/wp-content\/uploads\/2022\/01\/vlcsnap-2022-01-13-19h09m38s234.jpg"},{"@type":"BreadcrumbList","@id":"https:\/\/santaeulariaculturaijoventut.com\/es\/cuidinfants-edicion-2021\/actividad-4\/#breadcrumb","itemListElement":[{"@type":"ListItem","position":1,"name":"Inici","item":"https:\/\/santaeulariaculturaijoventut.com\/es\/escola-de-pasqua\/informacio-escola-de-pasqua\/"},{"@type":"ListItem","position":2,"name":"Cuidinfants Edici\u00f3n 2021","item":"https:\/\/santaeulariaculturaijoventut.com\/es\/cuidinfants-edicion-2021\/"},{"@type":"ListItem","position":3,"name":"Actividad 4"}]},{"@type":"WebSite","@id":"https:\/\/santaeulariaculturaijoventut.com\/ca\/#website","url":"https:\/\/santaeulariaculturaijoventut.com\/ca\/","name":"Cultura i Joventut, Santa Eul\u00e0ria des Riu","description":"Cultura i Joventut, Santa Eul\u00e0ria des Riu","potentialAction":[{"@type":"SearchAction","target":{"@type":"EntryPoint","urlTemplate":"https:\/\/santaeulariaculturaijoventut.com\/ca\/?s={search_term_string}"},"query-input":{"@type":"PropertyValueSpecification","valueRequired":true,"valueName":"search_term_string"}}],"inLanguage":"es"}]}},"_links":{"self":[{"href":"https:\/\/santaeulariaculturaijoventut.com\/es\/wp-json\/wp\/v2\/pages\/4548"}],"collection":[{"href":"https:\/\/santaeulariaculturaijoventut.com\/es\/wp-json\/wp\/v2\/pages"}],"about":[{"href":"https:\/\/santaeulariaculturaijoventut.com\/es\/wp-json\/wp\/v2\/types\/page"}],"author":[{"embeddable":true,"href":"https:\/\/santaeulariaculturaijoventut.com\/es\/wp-json\/wp\/v2\/users\/1"}],"replies":[{"embeddable":true,"href":"https:\/\/santaeulariaculturaijoventut.com\/es\/wp-json\/wp\/v2\/comments?post=4548"}],"version-history":[{"count":4,"href":"https:\/\/santaeulariaculturaijoventut.com\/es\/wp-json\/wp\/v2\/pages\/4548\/revisions"}],"predecessor-version":[{"id":5251,"href":"https:\/\/santaeulariaculturaijoventut.com\/es\/wp-json\/wp\/v2\/pages\/4548\/revisions\/5251"}],"up":[{"embeddable":true,"href":"https:\/\/santaeulariaculturaijoventut.com\/es\/wp-json\/wp\/v2\/pages\/4401"}],"wp:attachment":[{"href":"https:\/\/santaeulariaculturaijoventut.com\/es\/wp-json\/wp\/v2\/media?parent=4548"}],"wp:term":[{"taxonomy":"category","embeddable":true,"href":"https:\/\/santaeulariaculturaijoventut.com\/es\/wp-json\/wp\/v2\/categories?post=4548"},{"taxonomy":"post_tag","embeddable":true,"href":"https:\/\/santaeulariaculturaijoventut.com\/es\/wp-json\/wp\/v2\/tags?post=4548"},{"taxonomy":"folder","embeddable":true,"href":"https:\/\/santaeulariaculturaijoventut.com\/es\/wp-json\/wp\/v2\/folder?post=4548"}],"curies":[{"name":"wp","href":"https:\/\/api.w.org\/{rel}","templated":true}]}}