{"id":4546,"date":"2021-11-16T18:55:11","date_gmt":"2021-11-16T17:55:11","guid":{"rendered":"https:\/\/santaeulariaculturaijoventut.com\/cuidinfants-edicion-2021\/actividad-3\/"},"modified":"2021-12-13T13:04:00","modified_gmt":"2021-12-13T12:04:00","slug":"actividad-3","status":"publish","type":"page","link":"https:\/\/santaeulariaculturaijoventut.com\/es\/cuidinfants-edicion-2021\/actividad-3\/","title":{"rendered":"Actividad 3"},"content":{"rendered":"\n<h4>\n\t\tActivitat 3 &#8211; Por la diversi\u00f3n de la infancia y la adolescencia y por una educaci\u00f3n para todos y todas\n\t<\/h4>\n\t<p>La Concejal\u00eda de Juventud del Ayuntamiento de Santa Eul\u00e0ria des Riu, coincidiendo con la semana de la celebraci\u00f3n del D\u00eda Internacional de las Personas con Discapacidad el 3 de diciembre, propone una jornada de juegos inclusivos y mesas informativas el s\u00e1bado 4 de diciembre en la plaza de Espa\u00f1a de 10 a 14 h. Durante esta jornada, los derechos fundamentales que se tratar\u00e1n son los siguientes:<\/p>\n<ul>\n<li>Derecho a una educaci\u00f3n y atenciones especiales para los ni\u00f1os y ni\u00f1as con discapacidad.<\/li>\n<li>Derecho a una educaci\u00f3n gratuita, derecho a divertirse y jugar.<\/li>\n<\/ul>\n<p>Estos derechos fundamentales est\u00e1n relacionados con los Objetivos de Desarrollo Sostenible 4 Educaci\u00f3n y 10 Desigualdad.<\/p>\n<p>Contaremos con la colaboraci\u00f3n de diferentes asociaciones de personas con discapacidad de la isla de Ibiza:<\/p>\n<ul>\n<li>AMADIBA &#8211; Asociaci\u00f3n de Madres y Padres de Personas con Discapacidad.<\/li>\n<li>APNEEF &#8211; Asociaci\u00f3n de Personas con Necesidades Especiales de Ibiza y Formentera.<\/li>\n<li>ADDIF &#8211; Asociaci\u00f3n de Deporte Adaptado de Ibiza y Formentera. <\/li>\n<li>AEMIF &#8211; Asociaci\u00f3n de Esclerosis M\u00faltiple de Ibiza y Formentera.<\/li>\n<li>APFEM &#8211; Asociaci\u00f3n Pitiusa Prosalud Mental y Ni\u00f1os con Autismo. <\/li>\n<li>LA ONCE &#8211; Asociaci\u00f3n de Personas con Discapacidad Visual.<\/li>\n<li>APSIF &#8211; Asociaci\u00f3n de Personas Sordas de Ibiza y Formentera.<\/li>\n<\/ul>\n                        \t<img decoding=\"async\" src=\"https:\/\/santaeulariaculturaijoventut.com\/wp-content\/uploads\/2021\/11\/amadiba-logo-calidad-scaled.jpg\" alt=\"https:\/\/santaeulariaculturaijoventut.com\/wp-content\/uploads\/2021\/11\/amadiba-logo-calidad-scaled.jpg\" data-no-lazy=\"1\" \/>\n                        \t<img decoding=\"async\" src=\"https:\/\/santaeulariaculturaijoventut.com\/wp-content\/uploads\/2021\/11\/apneef-logo-con-letras.png\" alt=\"https:\/\/santaeulariaculturaijoventut.com\/wp-content\/uploads\/2021\/11\/apneef-logo-con-letras.png\" data-no-lazy=\"1\" \/>\n                        \t<img decoding=\"async\" src=\"https:\/\/santaeulariaculturaijoventut.com\/wp-content\/uploads\/2021\/11\/LOGO-ORIGINAL-2021-CON-NOMBRE.jpg\" alt=\"https:\/\/santaeulariaculturaijoventut.com\/wp-content\/uploads\/2021\/11\/LOGO-ORIGINAL-2021-CON-NOMBRE.jpg\" data-no-lazy=\"1\" \/>\n                        \t<img decoding=\"async\" src=\"https:\/\/santaeulariaculturaijoventut.com\/wp-content\/uploads\/2021\/11\/Aemif-color.png\" alt=\"https:\/\/santaeulariaculturaijoventut.com\/wp-content\/uploads\/2021\/11\/Aemif-color.png\" data-no-lazy=\"1\" \/>\n                        \t<img decoding=\"async\" src=\"https:\/\/santaeulariaculturaijoventut.com\/wp-content\/uploads\/2021\/11\/Logo-Apfem.jpg\" alt=\"https:\/\/santaeulariaculturaijoventut.com\/wp-content\/uploads\/2021\/11\/Logo-Apfem.jpg\" data-no-lazy=\"1\" \/>\n                        \t<img decoding=\"async\" src=\"https:\/\/santaeulariaculturaijoventut.com\/wp-content\/uploads\/2021\/11\/logo-COLOR-ONCE_rgb.jpg\" alt=\"https:\/\/santaeulariaculturaijoventut.com\/wp-content\/uploads\/2021\/11\/logo-COLOR-ONCE_rgb.jpg\" data-no-lazy=\"1\" \/>\n                        \t<img decoding=\"async\" src=\"https:\/\/santaeulariaculturaijoventut.com\/wp-content\/uploads\/2021\/11\/LOGO-APSIF.png\" alt=\"https:\/\/santaeulariaculturaijoventut.com\/wp-content\/uploads\/2021\/11\/LOGO-APSIF.png\" data-no-lazy=\"1\" \/>\n\t\t\t\t<img loading=\"lazy\" decoding=\"async\" src=\"https:\/\/santaeulariaculturaijoventut.com\/wp-content\/uploads\/2020\/08\/3.jpg\" alt=\"3\" itemprop=\"image\" height=\"311\" width=\"311\" title=\"3\" onerror=\"this.style.display='none'\"  \/>\n<h3>\n\t\tActividad 3\n\t<\/h3>\n<h4>\n\t\tS\u00e1bado 4 de diciembre\n\t<\/h4>\n\n","protected":false},"excerpt":{"rendered":"<p>Activitat 3 &#8211; Por la diversi\u00f3n de la infancia y la adolescencia y por una educaci\u00f3n para todos y todas La Concejal\u00eda de Juventud del Ayuntamiento de Santa Eul\u00e0ria des Riu, coincidiendo con la semana de la celebraci\u00f3n del D\u00eda Internacional de las Personas con Discapacidad el 3 de diciembre, propone una jornada de juegos&hellip;<\/p>\n","protected":false},"author":1,"featured_media":0,"parent":4401,"menu_order":30,"comment_status":"closed","ping_status":"closed","template":"","meta":{"footnotes":""},"categories":[75,77],"tags":[],"folder":[73],"yoast_head":"<!-- This site is optimized with the Yoast SEO plugin v23.9 - https:\/\/yoast.com\/wordpress\/plugins\/seo\/ -->\n<title>Actividad 3 - Cultura i Joventut, Santa Eul\u00e0ria des Riu<\/title>\n<meta name=\"robots\" content=\"index, follow, max-snippet:-1, max-image-preview:large, max-video-preview:-1\" \/>\n<link rel=\"canonical\" href=\"https:\/\/santaeulariaculturaijoventut.com\/es\/cuidinfants-edicion-2021\/actividad-3\/\" \/>\n<meta property=\"og:locale\" content=\"es_ES\" \/>\n<meta property=\"og:type\" content=\"article\" \/>\n<meta property=\"og:title\" content=\"Actividad 3 - Cultura i Joventut, Santa Eul\u00e0ria des Riu\" \/>\n<meta property=\"og:description\" content=\"Activitat 3 &#8211; Por la diversi\u00f3n de la infancia y la adolescencia y por una educaci\u00f3n para todos y todas La Concejal\u00eda de Juventud del Ayuntamiento de Santa Eul\u00e0ria des Riu, coincidiendo con la semana de la celebraci\u00f3n del D\u00eda Internacional de las Personas con Discapacidad el 3 de diciembre, propone una jornada de juegos&hellip;\" \/>\n<meta property=\"og:url\" content=\"https:\/\/santaeulariaculturaijoventut.com\/es\/cuidinfants-edicion-2021\/actividad-3\/\" \/>\n<meta property=\"og:site_name\" content=\"Cultura i Joventut, Santa Eul\u00e0ria des Riu\" \/>\n<meta property=\"article:modified_time\" content=\"2021-12-13T12:04:00+00:00\" \/>\n<meta property=\"og:image\" content=\"https:\/\/santaeulariaculturaijoventut.com\/wp-content\/uploads\/2021\/11\/amadiba-logo-calidad-scaled.jpg\" \/>\n<meta name=\"twitter:card\" content=\"summary_large_image\" \/>\n<meta name=\"twitter:label1\" content=\"Tiempo de lectura\" \/>\n\t<meta name=\"twitter:data1\" content=\"1 minuto\" \/>\n<script type=\"application\/ld+json\" class=\"yoast-schema-graph\">{\"@context\":\"https:\/\/schema.org\",\"@graph\":[{\"@type\":\"WebPage\",\"@id\":\"https:\/\/santaeulariaculturaijoventut.com\/es\/cuidinfants-edicion-2021\/actividad-3\/\",\"url\":\"https:\/\/santaeulariaculturaijoventut.com\/es\/cuidinfants-edicion-2021\/actividad-3\/\",\"name\":\"Actividad 3 - Cultura i Joventut, Santa Eul\u00e0ria des Riu\",\"isPartOf\":{\"@id\":\"https:\/\/santaeulariaculturaijoventut.com\/ca\/#website\"},\"primaryImageOfPage\":{\"@id\":\"https:\/\/santaeulariaculturaijoventut.com\/es\/cuidinfants-edicion-2021\/actividad-3\/#primaryimage\"},\"image\":{\"@id\":\"https:\/\/santaeulariaculturaijoventut.com\/es\/cuidinfants-edicion-2021\/actividad-3\/#primaryimage\"},\"thumbnailUrl\":\"https:\/\/santaeulariaculturaijoventut.com\/wp-content\/uploads\/2021\/11\/amadiba-logo-calidad-scaled.jpg\",\"datePublished\":\"2021-11-16T17:55:11+00:00\",\"dateModified\":\"2021-12-13T12:04:00+00:00\",\"breadcrumb\":{\"@id\":\"https:\/\/santaeulariaculturaijoventut.com\/es\/cuidinfants-edicion-2021\/actividad-3\/#breadcrumb\"},\"inLanguage\":\"es\",\"potentialAction\":[{\"@type\":\"ReadAction\",\"target\":[\"https:\/\/santaeulariaculturaijoventut.com\/es\/cuidinfants-edicion-2021\/actividad-3\/\"]}]},{\"@type\":\"ImageObject\",\"inLanguage\":\"es\",\"@id\":\"https:\/\/santaeulariaculturaijoventut.com\/es\/cuidinfants-edicion-2021\/actividad-3\/#primaryimage\",\"url\":\"https:\/\/santaeulariaculturaijoventut.com\/wp-content\/uploads\/2021\/11\/amadiba-logo-calidad-scaled.jpg\",\"contentUrl\":\"https:\/\/santaeulariaculturaijoventut.com\/wp-content\/uploads\/2021\/11\/amadiba-logo-calidad-scaled.jpg\"},{\"@type\":\"BreadcrumbList\",\"@id\":\"https:\/\/santaeulariaculturaijoventut.com\/es\/cuidinfants-edicion-2021\/actividad-3\/#breadcrumb\",\"itemListElement\":[{\"@type\":\"ListItem\",\"position\":1,\"name\":\"Inici\",\"item\":\"https:\/\/santaeulariaculturaijoventut.com\/es\/escola-de-pasqua\/informacio-escola-de-pasqua\/\"},{\"@type\":\"ListItem\",\"position\":2,\"name\":\"Cuidinfants Edici\u00f3n 2021\",\"item\":\"https:\/\/santaeulariaculturaijoventut.com\/es\/cuidinfants-edicion-2021\/\"},{\"@type\":\"ListItem\",\"position\":3,\"name\":\"Actividad 3\"}]},{\"@type\":\"WebSite\",\"@id\":\"https:\/\/santaeulariaculturaijoventut.com\/ca\/#website\",\"url\":\"https:\/\/santaeulariaculturaijoventut.com\/ca\/\",\"name\":\"Cultura i Joventut, Santa Eul\u00e0ria des Riu\",\"description\":\"Cultura i Joventut, Santa Eul\u00e0ria des Riu\",\"potentialAction\":[{\"@type\":\"SearchAction\",\"target\":{\"@type\":\"EntryPoint\",\"urlTemplate\":\"https:\/\/santaeulariaculturaijoventut.com\/ca\/?s={search_term_string}\"},\"query-input\":{\"@type\":\"PropertyValueSpecification\",\"valueRequired\":true,\"valueName\":\"search_term_string\"}}],\"inLanguage\":\"es\"}]}<\/script>\n<!-- \/ Yoast SEO plugin. -->","yoast_head_json":{"title":"Actividad 3 - Cultura i Joventut, Santa Eul\u00e0ria des Riu","robots":{"index":"index","follow":"follow","max-snippet":"max-snippet:-1","max-image-preview":"max-image-preview:large","max-video-preview":"max-video-preview:-1"},"canonical":"https:\/\/santaeulariaculturaijoventut.com\/es\/cuidinfants-edicion-2021\/actividad-3\/","og_locale":"es_ES","og_type":"article","og_title":"Actividad 3 - Cultura i Joventut, Santa Eul\u00e0ria des Riu","og_description":"Activitat 3 &#8211; Por la diversi\u00f3n de la infancia y la adolescencia y por una educaci\u00f3n para todos y todas La Concejal\u00eda de Juventud del Ayuntamiento de Santa Eul\u00e0ria des Riu, coincidiendo con la semana de la celebraci\u00f3n del D\u00eda Internacional de las Personas con Discapacidad el 3 de diciembre, propone una jornada de juegos&hellip;","og_url":"https:\/\/santaeulariaculturaijoventut.com\/es\/cuidinfants-edicion-2021\/actividad-3\/","og_site_name":"Cultura i Joventut, Santa Eul\u00e0ria des Riu","article_modified_time":"2021-12-13T12:04:00+00:00","og_image":[{"url":"https:\/\/santaeulariaculturaijoventut.com\/wp-content\/uploads\/2021\/11\/amadiba-logo-calidad-scaled.jpg"}],"twitter_card":"summary_large_image","twitter_misc":{"Tiempo de lectura":"1 minuto"},"schema":{"@context":"https:\/\/schema.org","@graph":[{"@type":"WebPage","@id":"https:\/\/santaeulariaculturaijoventut.com\/es\/cuidinfants-edicion-2021\/actividad-3\/","url":"https:\/\/santaeulariaculturaijoventut.com\/es\/cuidinfants-edicion-2021\/actividad-3\/","name":"Actividad 3 - Cultura i Joventut, Santa Eul\u00e0ria des Riu","isPartOf":{"@id":"https:\/\/santaeulariaculturaijoventut.com\/ca\/#website"},"primaryImageOfPage":{"@id":"https:\/\/santaeulariaculturaijoventut.com\/es\/cuidinfants-edicion-2021\/actividad-3\/#primaryimage"},"image":{"@id":"https:\/\/santaeulariaculturaijoventut.com\/es\/cuidinfants-edicion-2021\/actividad-3\/#primaryimage"},"thumbnailUrl":"https:\/\/santaeulariaculturaijoventut.com\/wp-content\/uploads\/2021\/11\/amadiba-logo-calidad-scaled.jpg","datePublished":"2021-11-16T17:55:11+00:00","dateModified":"2021-12-13T12:04:00+00:00","breadcrumb":{"@id":"https:\/\/santaeulariaculturaijoventut.com\/es\/cuidinfants-edicion-2021\/actividad-3\/#breadcrumb"},"inLanguage":"es","potentialAction":[{"@type":"ReadAction","target":["https:\/\/santaeulariaculturaijoventut.com\/es\/cuidinfants-edicion-2021\/actividad-3\/"]}]},{"@type":"ImageObject","inLanguage":"es","@id":"https:\/\/santaeulariaculturaijoventut.com\/es\/cuidinfants-edicion-2021\/actividad-3\/#primaryimage","url":"https:\/\/santaeulariaculturaijoventut.com\/wp-content\/uploads\/2021\/11\/amadiba-logo-calidad-scaled.jpg","contentUrl":"https:\/\/santaeulariaculturaijoventut.com\/wp-content\/uploads\/2021\/11\/amadiba-logo-calidad-scaled.jpg"},{"@type":"BreadcrumbList","@id":"https:\/\/santaeulariaculturaijoventut.com\/es\/cuidinfants-edicion-2021\/actividad-3\/#breadcrumb","itemListElement":[{"@type":"ListItem","position":1,"name":"Inici","item":"https:\/\/santaeulariaculturaijoventut.com\/es\/escola-de-pasqua\/informacio-escola-de-pasqua\/"},{"@type":"ListItem","position":2,"name":"Cuidinfants Edici\u00f3n 2021","item":"https:\/\/santaeulariaculturaijoventut.com\/es\/cuidinfants-edicion-2021\/"},{"@type":"ListItem","position":3,"name":"Actividad 3"}]},{"@type":"WebSite","@id":"https:\/\/santaeulariaculturaijoventut.com\/ca\/#website","url":"https:\/\/santaeulariaculturaijoventut.com\/ca\/","name":"Cultura i Joventut, Santa Eul\u00e0ria des Riu","description":"Cultura i Joventut, Santa Eul\u00e0ria des Riu","potentialAction":[{"@type":"SearchAction","target":{"@type":"EntryPoint","urlTemplate":"https:\/\/santaeulariaculturaijoventut.com\/ca\/?s={search_term_string}"},"query-input":{"@type":"PropertyValueSpecification","valueRequired":true,"valueName":"search_term_string"}}],"inLanguage":"es"}]}},"_links":{"self":[{"href":"https:\/\/santaeulariaculturaijoventut.com\/es\/wp-json\/wp\/v2\/pages\/4546"}],"collection":[{"href":"https:\/\/santaeulariaculturaijoventut.com\/es\/wp-json\/wp\/v2\/pages"}],"about":[{"href":"https:\/\/santaeulariaculturaijoventut.com\/es\/wp-json\/wp\/v2\/types\/page"}],"author":[{"embeddable":true,"href":"https:\/\/santaeulariaculturaijoventut.com\/es\/wp-json\/wp\/v2\/users\/1"}],"replies":[{"embeddable":true,"href":"https:\/\/santaeulariaculturaijoventut.com\/es\/wp-json\/wp\/v2\/comments?post=4546"}],"version-history":[{"count":5,"href":"https:\/\/santaeulariaculturaijoventut.com\/es\/wp-json\/wp\/v2\/pages\/4546\/revisions"}],"predecessor-version":[{"id":5055,"href":"https:\/\/santaeulariaculturaijoventut.com\/es\/wp-json\/wp\/v2\/pages\/4546\/revisions\/5055"}],"up":[{"embeddable":true,"href":"https:\/\/santaeulariaculturaijoventut.com\/es\/wp-json\/wp\/v2\/pages\/4401"}],"wp:attachment":[{"href":"https:\/\/santaeulariaculturaijoventut.com\/es\/wp-json\/wp\/v2\/media?parent=4546"}],"wp:term":[{"taxonomy":"category","embeddable":true,"href":"https:\/\/santaeulariaculturaijoventut.com\/es\/wp-json\/wp\/v2\/categories?post=4546"},{"taxonomy":"post_tag","embeddable":true,"href":"https:\/\/santaeulariaculturaijoventut.com\/es\/wp-json\/wp\/v2\/tags?post=4546"},{"taxonomy":"folder","embeddable":true,"href":"https:\/\/santaeulariaculturaijoventut.com\/es\/wp-json\/wp\/v2\/folder?post=4546"}],"curies":[{"name":"wp","href":"https:\/\/api.w.org\/{rel}","templated":true}]}}