{"id":4544,"date":"2021-11-16T18:48:23","date_gmt":"2021-11-16T17:48:23","guid":{"rendered":"https:\/\/santaeulariaculturaijoventut.com\/cuidinfants-edicion-2021\/actividad-1\/"},"modified":"2021-11-26T15:37:10","modified_gmt":"2021-11-26T14:37:10","slug":"actividad-1","status":"publish","type":"page","link":"https:\/\/santaeulariaculturaijoventut.com\/es\/cuidinfants-edicion-2021\/actividad-1\/","title":{"rendered":"Actividad 1"},"content":{"rendered":"\n<h4>\n\t\tActividad 1 &#8211; Por la protecci\u00f3n y la solidaridad de la infancia y la adolescencia\n\t<\/h4>\n\t<p>La Concejal\u00eda de Juventud del Ayuntamiento de Santa Eul\u00e0ria des Riu, dentro del programa CUIDINFANTS para la celebraci\u00f3n del D\u00eda Mundial de la Infancia, propone la actividad \u00abC\u00e1psula de los deseos para la infancia del futuro\u00bb. Con esta actividad, los derechos fundamentales de la infancia y adolescencia que trataremos son:<\/p>\n<ul>\n<li>Derecho a ser protegido\/a contra el abandono y el trabajo infantil.<\/li>\n<li>Derecho a recibir una educaci\u00f3n que fomente la solidaridad, la amistad y la justicia entre todo el mundo.<\/li>\n<\/ul>\n<p>Estos derechos fundamentales est\u00e1n relacionados con los Objetivos de Desarrollo Sostenible 4 Educaci\u00f3n y 16 Protecci\u00f3n, Justicia y paz. Adem\u00e1s, la tem\u00e1tica planteada por UNICEF para este a\u00f1o, y que se tratar\u00e1 en los talleres infantiles, es \u00abProducci\u00f3n y consumo responsable\u00bb, por lo que tambi\u00e9n trataremos el ODS 11 Ciudades y comunidades sostenibles y 12 Producci\u00f3n y consumo responsables.<\/p>\n<p>Esta actividad est\u00e1 destinada a los ni\u00f1os y ni\u00f1as que participen en las actividades infantiles programadas para el s\u00e1bado 20 de noviembre en la plaza Espa\u00f1a y el paseo de s&#8217;Alamera en Santa Eul\u00e0ria. El programa de actividades para este d\u00eda es el siguiente:<\/p>\n<ul>\n<li><strong>10 a 14 h<\/strong> \u00abProducci\u00f3n y consumo responsable\u00bb. Actividad organizada por el Consejo de Infancia y Adolescencia del municipio de Santa Eul\u00e0ria des Riu.<\/li>\n<li><strong>10 a 14 h i 17 a 20 h<\/strong> Hinchables y talleres infantiles.<\/li>\n<li><strong>11 h<\/strong> Inauguraci\u00f3n de la placa de renovaci\u00f3n del sello Ciudad Amiga de la Infancia con la presencia de Mercedes del Pozo, presidenta de Unicef Comit\u00e8 Balears. Lectura del manifiesto \u00abProducci\u00f3n y consumo responsable\u00bb del Consejo de Infancia y Adolescencia del municipio de Santa Eul\u00e0ria des Riu.<\/li>\n<li><strong>11 a 13 h i 17 a 19 h<\/strong> Subida en globo aerost\u00e1tico en el aparcamiento junto al paseo de s&#8217;Alamera.<\/li>\n<\/ul>\n<p>Para la actividad \u00abC\u00e1psula de los deseos para la infancia del futuro\u00bb se propone la realizaci\u00f3n de un dibujo o escrito en el que los ni\u00f1os y las ni\u00f1as y\/o sus familiares, expresen los deseos para la infancia del futuro. El deseo puede estar destinado a s\u00ed mismo\/a, a cualquier familiar, a un amigo\/a, a la infancia de todo el mundo, etc. <\/p>\n<p>Los deseos se introducir\u00e1n en bolas de Navidad transparentes decoradas con el color escogido, y se pondr\u00e1n en el \u00e1rbol de Navidad de la plaza Espa\u00f1a.<\/p>\n<p>La participaci\u00f3n en esta actividad implica la autorizaci\u00f3n al Ayuntamiento de Santa Eul\u00e0ria des Riu para la publicaci\u00f3n de los dibujos y\/o escritos presentados durante las fiestas de Navidad 2021 en el \u00e1rbol de Navidad de la plaza Espa\u00f1a.<\/p>\n<p><strong>Informaci\u00f3n sobre protecci\u00f3n de datos:<\/strong> El responsable del tratamiento de los datos es el Ayuntamiento de Santa Eul\u00e0ria des Riu. La finalidad del tratamiento es su participaci\u00f3n en la actividad \u00abC\u00e1psula de deseos para la infancia del futuro\u00bb del programa CUIDINFANTS. La legitimaci\u00f3n para el tratamiento se basa en su consentimiento prestado para participar en la actividad \u00abC\u00e1psula de deseos para la infancia del futuro\u00bb del programa CUIDINFANTS. Los datos ser\u00e1n conservados durante los plazos previstos en las disposiciones legales aplicables y el tiempo necesario para atender las posibles responsabilidades nacidas del tratamiento. No se comunicar\u00e1n los datos a terceros, excepto obligaci\u00f3n legal. Tiene derecho a solicitar el acceso a sus datos personales, su rectificaci\u00f3n, supresi\u00f3n o portabilidad y la limitaci\u00f3n de su tratamiento ante la Secretar\u00eda de este Ayuntamiento situado en la plaza Espa\u00f1a, n.\u00ba 1, 07840 Santa Eul\u00e0ria des Riu, u oponerse al tratamiento, as\u00ed como a presentar una reclamaci\u00f3n ante la autoridad de control.<\/p>\n\t\t\t\t<img loading=\"lazy\" decoding=\"async\" src=\"https:\/\/santaeulariaculturaijoventut.com\/wp-content\/uploads\/2020\/08\/1.jpg\" alt=\"1\" itemprop=\"image\" height=\"311\" width=\"311\" title=\"1\" onerror=\"this.style.display='none'\"  \/>\n<h3>\n\t\tActividad 1\n\t<\/h3>\n<h4>\n\t\tS\u00e1bado 20 de noviembre\n\t<\/h4>\n\n","protected":false},"excerpt":{"rendered":"<p>Actividad 1 &#8211; Por la protecci\u00f3n y la solidaridad de la infancia y la adolescencia La Concejal\u00eda de Juventud del Ayuntamiento de Santa Eul\u00e0ria des Riu, dentro del programa CUIDINFANTS para la celebraci\u00f3n del D\u00eda Mundial de la Infancia, propone la actividad \u00abC\u00e1psula de los deseos para la infancia del futuro\u00bb. Con esta actividad, los&hellip;<\/p>\n","protected":false},"author":1,"featured_media":0,"parent":4401,"menu_order":10,"comment_status":"closed","ping_status":"closed","template":"","meta":{"footnotes":""},"categories":[75,77],"tags":[],"folder":[73],"yoast_head":"<!-- This site is optimized with the Yoast SEO plugin v23.9 - https:\/\/yoast.com\/wordpress\/plugins\/seo\/ -->\n<title>Actividad 1 - Cultura i Joventut, Santa Eul\u00e0ria des Riu<\/title>\n<meta name=\"robots\" content=\"index, follow, max-snippet:-1, max-image-preview:large, max-video-preview:-1\" \/>\n<link rel=\"canonical\" href=\"https:\/\/santaeulariaculturaijoventut.com\/es\/cuidinfants-edicion-2021\/actividad-1\/\" \/>\n<meta property=\"og:locale\" content=\"es_ES\" \/>\n<meta property=\"og:type\" content=\"article\" \/>\n<meta property=\"og:title\" content=\"Actividad 1 - Cultura i Joventut, Santa Eul\u00e0ria des Riu\" \/>\n<meta property=\"og:description\" content=\"Actividad 1 &#8211; Por la protecci\u00f3n y la solidaridad de la infancia y la adolescencia La Concejal\u00eda de Juventud del Ayuntamiento de Santa Eul\u00e0ria des Riu, dentro del programa CUIDINFANTS para la celebraci\u00f3n del D\u00eda Mundial de la Infancia, propone la actividad \u00abC\u00e1psula de los deseos para la infancia del futuro\u00bb. Con esta actividad, los&hellip;\" \/>\n<meta property=\"og:url\" content=\"https:\/\/santaeulariaculturaijoventut.com\/es\/cuidinfants-edicion-2021\/actividad-1\/\" \/>\n<meta property=\"og:site_name\" content=\"Cultura i Joventut, Santa Eul\u00e0ria des Riu\" \/>\n<meta property=\"article:modified_time\" content=\"2021-11-26T14:37:10+00:00\" \/>\n<meta property=\"og:image\" content=\"https:\/\/santaeulariaculturaijoventut.com\/wp-content\/uploads\/2020\/08\/1.jpg\" \/>\n<meta name=\"twitter:card\" content=\"summary_large_image\" \/>\n<meta name=\"twitter:label1\" content=\"Tiempo de lectura\" \/>\n\t<meta name=\"twitter:data1\" content=\"3 minutos\" \/>\n<script type=\"application\/ld+json\" class=\"yoast-schema-graph\">{\"@context\":\"https:\/\/schema.org\",\"@graph\":[{\"@type\":\"WebPage\",\"@id\":\"https:\/\/santaeulariaculturaijoventut.com\/es\/cuidinfants-edicion-2021\/actividad-1\/\",\"url\":\"https:\/\/santaeulariaculturaijoventut.com\/es\/cuidinfants-edicion-2021\/actividad-1\/\",\"name\":\"Actividad 1 - Cultura i Joventut, Santa Eul\u00e0ria des Riu\",\"isPartOf\":{\"@id\":\"https:\/\/santaeulariaculturaijoventut.com\/ca\/#website\"},\"primaryImageOfPage\":{\"@id\":\"https:\/\/santaeulariaculturaijoventut.com\/es\/cuidinfants-edicion-2021\/actividad-1\/#primaryimage\"},\"image\":{\"@id\":\"https:\/\/santaeulariaculturaijoventut.com\/es\/cuidinfants-edicion-2021\/actividad-1\/#primaryimage\"},\"thumbnailUrl\":\"https:\/\/santaeulariaculturaijoventut.com\/wp-content\/uploads\/2020\/08\/1.jpg\",\"datePublished\":\"2021-11-16T17:48:23+00:00\",\"dateModified\":\"2021-11-26T14:37:10+00:00\",\"breadcrumb\":{\"@id\":\"https:\/\/santaeulariaculturaijoventut.com\/es\/cuidinfants-edicion-2021\/actividad-1\/#breadcrumb\"},\"inLanguage\":\"es\",\"potentialAction\":[{\"@type\":\"ReadAction\",\"target\":[\"https:\/\/santaeulariaculturaijoventut.com\/es\/cuidinfants-edicion-2021\/actividad-1\/\"]}]},{\"@type\":\"ImageObject\",\"inLanguage\":\"es\",\"@id\":\"https:\/\/santaeulariaculturaijoventut.com\/es\/cuidinfants-edicion-2021\/actividad-1\/#primaryimage\",\"url\":\"https:\/\/santaeulariaculturaijoventut.com\/wp-content\/uploads\/2020\/08\/1.jpg\",\"contentUrl\":\"https:\/\/santaeulariaculturaijoventut.com\/wp-content\/uploads\/2020\/08\/1.jpg\"},{\"@type\":\"BreadcrumbList\",\"@id\":\"https:\/\/santaeulariaculturaijoventut.com\/es\/cuidinfants-edicion-2021\/actividad-1\/#breadcrumb\",\"itemListElement\":[{\"@type\":\"ListItem\",\"position\":1,\"name\":\"Inici\",\"item\":\"https:\/\/santaeulariaculturaijoventut.com\/es\/escola-de-pasqua\/informacio-escola-de-pasqua\/\"},{\"@type\":\"ListItem\",\"position\":2,\"name\":\"Cuidinfants Edici\u00f3n 2021\",\"item\":\"https:\/\/santaeulariaculturaijoventut.com\/es\/cuidinfants-edicion-2021\/\"},{\"@type\":\"ListItem\",\"position\":3,\"name\":\"Actividad 1\"}]},{\"@type\":\"WebSite\",\"@id\":\"https:\/\/santaeulariaculturaijoventut.com\/ca\/#website\",\"url\":\"https:\/\/santaeulariaculturaijoventut.com\/ca\/\",\"name\":\"Cultura i Joventut, Santa Eul\u00e0ria des Riu\",\"description\":\"Cultura i Joventut, Santa Eul\u00e0ria des Riu\",\"potentialAction\":[{\"@type\":\"SearchAction\",\"target\":{\"@type\":\"EntryPoint\",\"urlTemplate\":\"https:\/\/santaeulariaculturaijoventut.com\/ca\/?s={search_term_string}\"},\"query-input\":{\"@type\":\"PropertyValueSpecification\",\"valueRequired\":true,\"valueName\":\"search_term_string\"}}],\"inLanguage\":\"es\"}]}<\/script>\n<!-- \/ Yoast SEO plugin. -->","yoast_head_json":{"title":"Actividad 1 - Cultura i Joventut, Santa Eul\u00e0ria des Riu","robots":{"index":"index","follow":"follow","max-snippet":"max-snippet:-1","max-image-preview":"max-image-preview:large","max-video-preview":"max-video-preview:-1"},"canonical":"https:\/\/santaeulariaculturaijoventut.com\/es\/cuidinfants-edicion-2021\/actividad-1\/","og_locale":"es_ES","og_type":"article","og_title":"Actividad 1 - Cultura i Joventut, Santa Eul\u00e0ria des Riu","og_description":"Actividad 1 &#8211; Por la protecci\u00f3n y la solidaridad de la infancia y la adolescencia La Concejal\u00eda de Juventud del Ayuntamiento de Santa Eul\u00e0ria des Riu, dentro del programa CUIDINFANTS para la celebraci\u00f3n del D\u00eda Mundial de la Infancia, propone la actividad \u00abC\u00e1psula de los deseos para la infancia del futuro\u00bb. Con esta actividad, los&hellip;","og_url":"https:\/\/santaeulariaculturaijoventut.com\/es\/cuidinfants-edicion-2021\/actividad-1\/","og_site_name":"Cultura i Joventut, Santa Eul\u00e0ria des Riu","article_modified_time":"2021-11-26T14:37:10+00:00","og_image":[{"url":"https:\/\/santaeulariaculturaijoventut.com\/wp-content\/uploads\/2020\/08\/1.jpg"}],"twitter_card":"summary_large_image","twitter_misc":{"Tiempo de lectura":"3 minutos"},"schema":{"@context":"https:\/\/schema.org","@graph":[{"@type":"WebPage","@id":"https:\/\/santaeulariaculturaijoventut.com\/es\/cuidinfants-edicion-2021\/actividad-1\/","url":"https:\/\/santaeulariaculturaijoventut.com\/es\/cuidinfants-edicion-2021\/actividad-1\/","name":"Actividad 1 - Cultura i Joventut, Santa Eul\u00e0ria des Riu","isPartOf":{"@id":"https:\/\/santaeulariaculturaijoventut.com\/ca\/#website"},"primaryImageOfPage":{"@id":"https:\/\/santaeulariaculturaijoventut.com\/es\/cuidinfants-edicion-2021\/actividad-1\/#primaryimage"},"image":{"@id":"https:\/\/santaeulariaculturaijoventut.com\/es\/cuidinfants-edicion-2021\/actividad-1\/#primaryimage"},"thumbnailUrl":"https:\/\/santaeulariaculturaijoventut.com\/wp-content\/uploads\/2020\/08\/1.jpg","datePublished":"2021-11-16T17:48:23+00:00","dateModified":"2021-11-26T14:37:10+00:00","breadcrumb":{"@id":"https:\/\/santaeulariaculturaijoventut.com\/es\/cuidinfants-edicion-2021\/actividad-1\/#breadcrumb"},"inLanguage":"es","potentialAction":[{"@type":"ReadAction","target":["https:\/\/santaeulariaculturaijoventut.com\/es\/cuidinfants-edicion-2021\/actividad-1\/"]}]},{"@type":"ImageObject","inLanguage":"es","@id":"https:\/\/santaeulariaculturaijoventut.com\/es\/cuidinfants-edicion-2021\/actividad-1\/#primaryimage","url":"https:\/\/santaeulariaculturaijoventut.com\/wp-content\/uploads\/2020\/08\/1.jpg","contentUrl":"https:\/\/santaeulariaculturaijoventut.com\/wp-content\/uploads\/2020\/08\/1.jpg"},{"@type":"BreadcrumbList","@id":"https:\/\/santaeulariaculturaijoventut.com\/es\/cuidinfants-edicion-2021\/actividad-1\/#breadcrumb","itemListElement":[{"@type":"ListItem","position":1,"name":"Inici","item":"https:\/\/santaeulariaculturaijoventut.com\/es\/escola-de-pasqua\/informacio-escola-de-pasqua\/"},{"@type":"ListItem","position":2,"name":"Cuidinfants Edici\u00f3n 2021","item":"https:\/\/santaeulariaculturaijoventut.com\/es\/cuidinfants-edicion-2021\/"},{"@type":"ListItem","position":3,"name":"Actividad 1"}]},{"@type":"WebSite","@id":"https:\/\/santaeulariaculturaijoventut.com\/ca\/#website","url":"https:\/\/santaeulariaculturaijoventut.com\/ca\/","name":"Cultura i Joventut, Santa Eul\u00e0ria des Riu","description":"Cultura i Joventut, Santa Eul\u00e0ria des Riu","potentialAction":[{"@type":"SearchAction","target":{"@type":"EntryPoint","urlTemplate":"https:\/\/santaeulariaculturaijoventut.com\/ca\/?s={search_term_string}"},"query-input":{"@type":"PropertyValueSpecification","valueRequired":true,"valueName":"search_term_string"}}],"inLanguage":"es"}]}},"_links":{"self":[{"href":"https:\/\/santaeulariaculturaijoventut.com\/es\/wp-json\/wp\/v2\/pages\/4544"}],"collection":[{"href":"https:\/\/santaeulariaculturaijoventut.com\/es\/wp-json\/wp\/v2\/pages"}],"about":[{"href":"https:\/\/santaeulariaculturaijoventut.com\/es\/wp-json\/wp\/v2\/types\/page"}],"author":[{"embeddable":true,"href":"https:\/\/santaeulariaculturaijoventut.com\/es\/wp-json\/wp\/v2\/users\/1"}],"replies":[{"embeddable":true,"href":"https:\/\/santaeulariaculturaijoventut.com\/es\/wp-json\/wp\/v2\/comments?post=4544"}],"version-history":[{"count":2,"href":"https:\/\/santaeulariaculturaijoventut.com\/es\/wp-json\/wp\/v2\/pages\/4544\/revisions"}],"predecessor-version":[{"id":4770,"href":"https:\/\/santaeulariaculturaijoventut.com\/es\/wp-json\/wp\/v2\/pages\/4544\/revisions\/4770"}],"up":[{"embeddable":true,"href":"https:\/\/santaeulariaculturaijoventut.com\/es\/wp-json\/wp\/v2\/pages\/4401"}],"wp:attachment":[{"href":"https:\/\/santaeulariaculturaijoventut.com\/es\/wp-json\/wp\/v2\/media?parent=4544"}],"wp:term":[{"taxonomy":"category","embeddable":true,"href":"https:\/\/santaeulariaculturaijoventut.com\/es\/wp-json\/wp\/v2\/categories?post=4544"},{"taxonomy":"post_tag","embeddable":true,"href":"https:\/\/santaeulariaculturaijoventut.com\/es\/wp-json\/wp\/v2\/tags?post=4544"},{"taxonomy":"folder","embeddable":true,"href":"https:\/\/santaeulariaculturaijoventut.com\/es\/wp-json\/wp\/v2\/folder?post=4544"}],"curies":[{"name":"wp","href":"https:\/\/api.w.org\/{rel}","templated":true}]}}