{"id":4100,"date":"2021-06-22T20:51:47","date_gmt":"2021-06-22T18:51:47","guid":{"rendered":"https:\/\/santaeulariaculturaijoventut.com\/festival-formativo-de-cortometrajes-de-terror-ibicenco\/"},"modified":"2021-11-16T08:29:00","modified_gmt":"2021-11-16T07:29:00","slug":"festival-formativo-de-cortometrajes-de-terror-ibicenco","status":"publish","type":"page","link":"https:\/\/santaeulariaculturaijoventut.com\/es\/festival-formativo-de-cortometrajes-de-terror-ibicenco\/","title":{"rendered":"Festival Formativo de Cortometrajes de Terror Ibicenco"},"content":{"rendered":"<p><span style=\"color: #fe0400;\"><strong>Festival Formativo de Cortometrajes de Terror Ibicenco realizados con m\u00f3vil para j\u00f3venes de 12 a 18 a\u00f1os (nacidos entre 2009 y 2003).<\/strong><\/span><br \/>\nEl Festival Formativo de Cortos de Terror Ibicenco es una iniciativa del Ayuntamiento de Santa Eul\u00e0ria des Riu para impulsar la creaci\u00f3n audiovisual entre los y las j\u00f3venes, dar visibilidad a elementos de nuestra cultura, tradici\u00f3n y leyenda, y sobretodo, trabajar de manera significativa el autoconocimiento y la inteligencia intrapersonal a trav\u00e9s de elementos formales audiovisuales del miedo.<\/p>\n<p>ESTE FESTIVAL CONSTA DE DOS PARTES. LA PRIMERA FASE CONSISTE EN UN TALLER PREPARATIVO Y LA SEGUNDA, EN UN CONCURSO DE CORTOS.<\/p>\n<p><span style=\"color: #fe0400;\"><strong>FASE FORMACI\u00d3N<\/strong><\/span><br \/>\nEn la fase formativa y durante una semana, todas las personas participantes podr\u00e1n asistir a las 5 sesiones del taller de creaci\u00f3n audiovisual m\u00f3vil, que tendr\u00e1n lugar en el Punt Jove de Santa Eul\u00e0ria en el paseo de la Paz s\/n (detr\u00e1s del Ayuntamiento). Habr\u00e1 dos semanas para elegir en el formulario de inscripci\u00f3n, que trabajar\u00e1n los mismos contenidos: del lunes 12 al viernes 16 de julio de 2021 de 10 a 13 h o del lunes 19 al viernes 23 de julio de 2021 de 10 a 13 h.<\/p>\n<p>Las sesiones del taller formativo son las siguientes:<\/p>\n<p><u>LUNES 12.07.21 \/ LUNES 19.07.21 &gt; INTRODUCCI\u00d3N, INSPIRACIONES Y ESCENAS TERROR\u00cdFICAS DE SANTA EUL\u00c0RIA<\/u><br \/>\nSe trabajar\u00e1n todos los aspectos del qu\u00e9: \u00bfQu\u00e9 nos gusta de la categor\u00eda TERROR? \u00bfQu\u00e9 es un corto de terror hecho con el m\u00f3vil? \u00bfQu\u00e9 es un horror sketch? \u00bfQu\u00e9 tenemos que presentar al concurso?<\/p>\n<p><u>MARTES 13.07.21 \/ MARTES 20.07.21 &gt; PSICOLOG\u00cdA DEL MIEDO Y C\u00d3MO LO PRESENTAMOS\/PROVOCAMOS EN NUESTRA CREACI\u00d3N<\/u><br \/>\nSe trabajar\u00e1 la psicolog\u00eda del miedo con el objetivo de llegar a identificar los miedos internos, conocerlos y entenderlos mejor.<br \/>\nAdem\u00e1s, nos introduciremos en los aspectos narrativos y creativos de las historias, as\u00ed como en los recursos para concretar estos aspectos en secuencias audiovisuales. Identificaremos y extraeremos el m\u00e1ximo de elementos dentro de las historias de miedo y las conectaremos con elementos de nuestra cultura. Haremos las primeras pruebas de registro.<\/p>\n<p><u>MI\u00c9RCOLES 14.07.21 \/ MI\u00c9RCOLES 21.07.21 &gt; GUI\u00d3N &#8211; STORYBOARD &#8211; PRIMERAS ESCENAS<\/u><br \/>\nDefiniremos las historias, el guion y el guion t\u00e9cnico, as\u00ed como otros aspectos como m\u00fasica y FX. Aprenderemos a utilizar las apps de edici\u00f3n del m\u00f3vil para conseguir efectos audiovisuales, narrativos, etc. Rodajes.<\/p>\n<p><u>JUEVES 15.07.21 \/ JUEVES 22.07.21 &gt; REGISTRO \u2013 EDICI\u00d3N <\/u><br \/>\nGrabaremos todas las escenas pendientes de rodaje y editaremos todos los cortos i horror sketches con todos los elementos t\u00e9cnicos (sonido, subt\u00edtulos, efectos, m\u00fasica, etc.). Pre edici\u00f3n.<\/p>\n<p><u>VIERNES 16.07.21 \/ VIERNES 23.07.21 &gt; EDICI\u00d3N \u2013 POSPRODUCCI\u00d3N<\/u><br \/>\nHaremos una puesta en com\u00fan para identificar posibles arreglos a las creaciones y para ultimar las versiones definitivas. DIRECTOR\u2019S CUT. Edici\u00f3n final de todas las producciones en su correspondiente versi\u00f3n DIRECTOR\u2019S CUT, env\u00edo telem\u00e1tico y visionado de todas las creaciones.<\/p>\n<p><span style=\"color: #fe0400;\"><strong>INSCRIPCI\u00d3N A LA FORMACI\u00d3N<\/strong><\/span><\/p>\n<ul style=\"margin-top: -8px;\">\n<li>Inscripci\u00f3n y presentaci\u00f3n de documentaci\u00f3n*: del 25 de junio al 4 de julio de 2021 a trav\u00e9s del formulario online de la web www.santaeulariaculturaijoventut.com. Las plazas son limitadas y se adjudicar\u00e1n por estricto orden de llegada<\/li>\n<li>Lista provisional de admitidos: el d\u00eda 5 de julio se publicar\u00e1 en la p\u00e1gina web www.santaeulariaculturaijoventut.com.<\/li>\n<li>Periodo de pago*: del 5 al 7 de julio de 2021. Realizaci\u00f3n del pago mediante tarjeta a trav\u00e9s del formulario de inscripci\u00f3n de www.santaeulariaculturaijoventut.com.<\/li>\n<li>Listado definitivo de admitidos: el 8 de julio se publicar\u00e1 en www.santaeulariaculturaijoventut.com.<\/li>\n<\/ul>\n<p>*Durante el per\u00edodo de pago y presentaci\u00f3n de documentaci\u00f3n se tendr\u00e1 que anexar una fotocopia del DNI\/NIE de la persona participante y pagar una cuota de inscripci\u00f3n de 20 \u20ac.<br \/>\nLa inscripci\u00f3n al curso de formaci\u00f3n incluye una camiseta oficial del festival, un mini tr\u00edpode y una tarjeta prepago de Google Play para poder editar las piezas audiovisuales en HD alta definici\u00f3n.<\/p>\n<p><span style=\"color: #fe0400;\"><strong>CONCURSO SANTA EUL\u00c0RIA CURT FEST<\/strong><\/span><\/p>\n<ol style=\"margin-top: -8px;\">\n<li>El \u00e1mbito de participaci\u00f3n es insular.<\/li>\n<li>Pueden participar j\u00f3venes entre 12 y 18 a\u00f1os (nacidos entre 2009 y 2003).<\/li>\n<li>Se puede participar a t\u00edtulo individual o colectivo. Se aceptar\u00e1n hasta dos obras por autor o autores. No es imprescindible haber hecho la fase de formaci\u00f3n para inscribirse al concurso.<\/li>\n<li>Todas las obras tendr\u00e1n que ser grabadas con uno o diversos dispositivos m\u00f3viles y tendr\u00e1n que combinar formato horizontal y\/o vertical y\/o cuadrado y podr\u00e1n ser en color y\/o blanco y negro.<\/li>\n<li>La tem\u00e1tica del concurso es de terror ibicenco.<\/li>\n<li>Es obligatorio que en la obra figure alg\u00fan elemento o escenario de la isla de Ibiza. Las obras deben contener elementos de la cultura y la tradici\u00f3n ibicenca as\u00ed como de las leyendas y f\u00e1bulas de la isla. Para optar al premio especial \u201cSanta Eul\u00e0ria Terror\u00edfica\u201d ser\u00e1 requisito que todos los escenarios est\u00e9n identificados con el municipio de Santa Eul\u00e0ria des Riu.<\/li>\n<li>Se podr\u00e1 optar al premio especial \u201cSanta Eul\u00e0ria Terror\u00edfica\u201d independientemente de ser premiado\/a en otra categor\u00eda.<\/li>\n<li>Se valorar\u00e1 especialmente el uso de recursos propios de Instagram (filtros, m\u00e1scaras digitales, uso de c\u00e1mara frontal, subjetiva, etc.) como parte esencial de la producci\u00f3n audiovisual y edici\u00f3n de la imagen.<\/li>\n<li>La organizaci\u00f3n se reserva el derecho de no aceptar los materiales, una vez revisados los formatos y la calidad, que no sean adecuados para proyectar por posibles carencias t\u00e9cnicas, o contenido y\/o lenguaje ofensivo.<\/li>\n<li>Todas las obras presentadas podr\u00e1n ser publicadas en la web www.santaeulariaculturaijoventut.com y en las redes sociales del Departamento de Juventud del Ayuntamiento de Santa Eul\u00e0ria des Riu (@joventutsantaeularia), despu\u00e9s de la finalizaci\u00f3n del plazo de presentaci\u00f3n de cortos para el concurso y antes de la ceremonia de proyecci\u00f3n y entrega de premios que se llevar\u00e1 a cabo el viernes 13 de agosto de 2021 a las 20.30 h en el Teatro Espa\u00f1a de Santa Eul\u00e0ria des Riu.<\/li>\n<li>Las obras deber\u00e1n ser en alguna de las lenguas oficiales de la Comunidad Aut\u00f3noma de las Islas Baleares (catal\u00e1n o castellano).<\/li>\n<li>Las obras presentadas tendr\u00e1n una duraci\u00f3n m\u00ednima de 1 minuto y m\u00e1xima de 7 minutos, cr\u00e9ditos incluidos, y su fecha de producci\u00f3n no podr\u00e1 ser anterior a 2021.<\/li>\n<\/ol>\n<p><span style=\"color: #fe0400;\"><strong>INSCRIPCI\u00d3N AL CONCURSO<\/strong><\/span><\/p>\n<ol style=\"margin-top: -8px;\">\n<li>La inscripci\u00f3n se realizar\u00e1 telem\u00e1ticamente a trav\u00e9s de la p\u00e1gina web www.santaeulariaculturaijoventut.com.<\/li>\n<li>El plazo de inscripci\u00f3n al concurso es del 26 de julio al 8 de agosto de 2021.<\/li>\n<li>Los cortos seleccionados se anunciar\u00e1n en la p\u00e1gina web www.santaeulariaculturaijoventut.com y en las redes sociales del Departamento de Juventud del Ayuntamiento de Santa Eul\u00e0ria des Riu (@joventutsantaeularia), y los autores de las obras ser\u00e1n avisados por email y\/o tel\u00e9fono.<\/li>\n<\/ol>\n<p><span style=\"color: #fe0400;\"><strong>JURADO Y PREMIOS DEL CONCURSO<\/strong><\/span><\/p>\n<ol style=\"margin-top: -8px;\">\n<li>EL jurado estar\u00e1 compuesto por miembros de la comunidad educativa y de la creaci\u00f3n audiovisual y cinematogr\u00e1fica de la isla de Ibiza.<\/li>\n<li>En cada categor\u00eda se establece un premio del p\u00fablico y un premio del jurado. Para el premio del p\u00fablico, se har\u00e1 la votaci\u00f3n a trav\u00e9s del Instagram del Departamento de Juventud del Ayuntamiento de Santa Eul\u00e0ria des Riu (@joventutsantaeularia) desde el lunes 9 al jueves 12 de agosto de 2021.<\/li>\n<li>Se establecen los siguientes premios*:<\/li>\n<\/ol>\n<p><strong><span style=\"padding-left: 40px;\">1\u00aa categor\u00eda<\/span><\/strong> (j\u00f3venes de 12-14 a\u00f1os)::<\/p>\n<ul style=\"padding-left: 77px; margin-top: -8px;\">\n<li>1 premio del p\u00fablico por valor de 100 \u20ac.<\/li>\n<li>2 premios del jurado: 1\u00ba por valor de 300 \u20ac y 2\u00ba por valor de 200 \u20ac.<\/li>\n<\/ul>\n<p><strong><span style=\"padding-left: 40px;\">2\u00aa categor\u00eda<\/span><\/strong> (joves de 15-18 anys):<\/p>\n<ul style=\"padding-left: 77px; margin-top: -8px;\">\n<li>1 premio del p\u00fablico por valor de 100 \u20ac.<\/li>\n<li>2 premios del jurado: 1\u00ba por valor de 300 \u20ac y 2\u00ba por valor de 200 \u20ac.<\/li>\n<\/ul>\n<p><strong><span style=\"padding-left: 40px;\">Categor\u00eda especial:<\/span><\/strong><\/p>\n<ul style=\"padding-left: 77px; margin-top: -8px;\">\n<li>Un premio especial \u201cSanta Eul\u00e0ria Terror\u00edfica\u201d por valor de 300 \u20ac. Premio del jurado.<\/li>\n<\/ul>\n<p><em style=\"padding-left: 40px;\">*Todos los premios consistir\u00e1n en material relacionado con la tecnolog\u00eda y el audiovisual.<\/em><\/p>\n<ol start=\"4\">\n<li>La votaci\u00f3n del p\u00fablico y las decisiones del jurado son inapelables.<\/li>\n<li>Los premios podr\u00e1n ser declarados desiertos y el jurado se reserva el derecho de aplicar la ex aequo.<\/li>\n<li>Los premios se entregar\u00e1n durante la ceremonia de proyecci\u00f3n al equipo creativo de la obra o a una persona que lo represente.<\/li>\n<li>La inscripci\u00f3n al concurso implica la aceptaci\u00f3n integra de estas bases.<\/li>\n<li>El hecho de inscribirse en este concurso supone la autorizaci\u00f3n al Ayuntamiento para realizar las acciones promocionales que considere oportunas y a difundir la direcci\u00f3n de visualizaci\u00f3n de las obras en sus canales de difusi\u00f3n.<\/li>\n<li>Se descalificar\u00e1 cualquier obra que se haya exhibido total o parcialmente con anterioridad en otro medio ajeno a este concurso y al Ayuntamiento de Santa Eul\u00e0ria des Riu.<\/li>\n<li>El Ayuntamiento se reserva el derecho de modificar las bases, con aviso previo a las personas participantes, y el derecho a cancelar el concurso debido a la baja participaci\u00f3n<\/li>\n<\/ol>\n<p><span style=\"color: #fe0400;\"><strong>CEREMONIA DE PROYECCI\u00d3N Y DE ENTREGA DE PREMIOS<\/strong><\/span><br \/>\nEl viernes 13 de agosto de 2021 a las 20.30 h tendr\u00e1 lugar la ceremonia de proyecci\u00f3n y entrega de premios en el Teatro Espa\u00f1a de Santa Eul\u00e0ria. Durante la ceremonia se proyectar\u00e1n todas las obras audiovisuales y se entregar\u00e1n los premios. Las valoraciones del jurado se publicar\u00e1n en las redes y en la web del Ayuntamiento de Santa Eul\u00e0ria una vez finalizada la ceremonia.<\/p>\n","protected":false},"excerpt":{"rendered":"<p>Festival Formativo de Cortometrajes de Terror Ibicenco realizados con m\u00f3vil para j\u00f3venes de 12 a 18 a\u00f1os (nacidos entre 2009 y 2003). El Festival Formativo de Cortos de Terror Ibicenco es una iniciativa del Ayuntamiento de Santa Eul\u00e0ria des Riu para impulsar la creaci\u00f3n audiovisual entre los y las j\u00f3venes, dar visibilidad a elementos de&hellip;<\/p>\n","protected":false},"author":1,"featured_media":0,"parent":0,"menu_order":0,"comment_status":"closed","ping_status":"closed","template":"","meta":{"footnotes":""},"categories":[83],"tags":[],"folder":[36],"yoast_head":"<!-- This site is optimized with the Yoast SEO plugin v23.9 - https:\/\/yoast.com\/wordpress\/plugins\/seo\/ -->\n<title>Festival Formativo de Cortometrajes de Terror Ibicenco - Cultura i Joventut, Santa Eul\u00e0ria des Riu<\/title>\n<meta name=\"robots\" content=\"index, follow, max-snippet:-1, max-image-preview:large, max-video-preview:-1\" \/>\n<link rel=\"canonical\" href=\"https:\/\/santaeulariaculturaijoventut.com\/es\/festival-formativo-de-cortometrajes-de-terror-ibicenco\/\" \/>\n<meta property=\"og:locale\" content=\"es_ES\" \/>\n<meta property=\"og:type\" content=\"article\" \/>\n<meta property=\"og:title\" content=\"Festival Formativo de Cortometrajes de Terror Ibicenco - Cultura i Joventut, Santa Eul\u00e0ria des Riu\" \/>\n<meta property=\"og:description\" content=\"Festival Formativo de Cortometrajes de Terror Ibicenco realizados con m\u00f3vil para j\u00f3venes de 12 a 18 a\u00f1os (nacidos entre 2009 y 2003). El Festival Formativo de Cortos de Terror Ibicenco es una iniciativa del Ayuntamiento de Santa Eul\u00e0ria des Riu para impulsar la creaci\u00f3n audiovisual entre los y las j\u00f3venes, dar visibilidad a elementos de&hellip;\" \/>\n<meta property=\"og:url\" content=\"https:\/\/santaeulariaculturaijoventut.com\/es\/festival-formativo-de-cortometrajes-de-terror-ibicenco\/\" \/>\n<meta property=\"og:site_name\" content=\"Cultura i Joventut, Santa Eul\u00e0ria des Riu\" \/>\n<meta property=\"article:modified_time\" content=\"2021-11-16T07:29:00+00:00\" \/>\n<meta name=\"twitter:card\" content=\"summary_large_image\" \/>\n<meta name=\"twitter:label1\" content=\"Tiempo de lectura\" \/>\n\t<meta name=\"twitter:data1\" content=\"8 minutos\" \/>\n<script type=\"application\/ld+json\" class=\"yoast-schema-graph\">{\"@context\":\"https:\/\/schema.org\",\"@graph\":[{\"@type\":\"WebPage\",\"@id\":\"https:\/\/santaeulariaculturaijoventut.com\/es\/festival-formativo-de-cortometrajes-de-terror-ibicenco\/\",\"url\":\"https:\/\/santaeulariaculturaijoventut.com\/es\/festival-formativo-de-cortometrajes-de-terror-ibicenco\/\",\"name\":\"Festival Formativo de Cortometrajes de Terror Ibicenco - Cultura i Joventut, Santa Eul\u00e0ria des Riu\",\"isPartOf\":{\"@id\":\"https:\/\/santaeulariaculturaijoventut.com\/ca\/#website\"},\"datePublished\":\"2021-06-22T18:51:47+00:00\",\"dateModified\":\"2021-11-16T07:29:00+00:00\",\"breadcrumb\":{\"@id\":\"https:\/\/santaeulariaculturaijoventut.com\/es\/festival-formativo-de-cortometrajes-de-terror-ibicenco\/#breadcrumb\"},\"inLanguage\":\"es\",\"potentialAction\":[{\"@type\":\"ReadAction\",\"target\":[\"https:\/\/santaeulariaculturaijoventut.com\/es\/festival-formativo-de-cortometrajes-de-terror-ibicenco\/\"]}]},{\"@type\":\"BreadcrumbList\",\"@id\":\"https:\/\/santaeulariaculturaijoventut.com\/es\/festival-formativo-de-cortometrajes-de-terror-ibicenco\/#breadcrumb\",\"itemListElement\":[{\"@type\":\"ListItem\",\"position\":1,\"name\":\"Inici\",\"item\":\"https:\/\/santaeulariaculturaijoventut.com\/es\/escoles-estiu\/informacio-escoles-destiu\/\"},{\"@type\":\"ListItem\",\"position\":2,\"name\":\"Festival Formativo de Cortometrajes de Terror Ibicenco\"}]},{\"@type\":\"WebSite\",\"@id\":\"https:\/\/santaeulariaculturaijoventut.com\/ca\/#website\",\"url\":\"https:\/\/santaeulariaculturaijoventut.com\/ca\/\",\"name\":\"Cultura i Joventut, Santa Eul\u00e0ria des Riu\",\"description\":\"Cultura i Joventut, Santa Eul\u00e0ria des Riu\",\"potentialAction\":[{\"@type\":\"SearchAction\",\"target\":{\"@type\":\"EntryPoint\",\"urlTemplate\":\"https:\/\/santaeulariaculturaijoventut.com\/ca\/?s={search_term_string}\"},\"query-input\":{\"@type\":\"PropertyValueSpecification\",\"valueRequired\":true,\"valueName\":\"search_term_string\"}}],\"inLanguage\":\"es\"}]}<\/script>\n<!-- \/ Yoast SEO plugin. -->","yoast_head_json":{"title":"Festival Formativo de Cortometrajes de Terror Ibicenco - Cultura i Joventut, Santa Eul\u00e0ria des Riu","robots":{"index":"index","follow":"follow","max-snippet":"max-snippet:-1","max-image-preview":"max-image-preview:large","max-video-preview":"max-video-preview:-1"},"canonical":"https:\/\/santaeulariaculturaijoventut.com\/es\/festival-formativo-de-cortometrajes-de-terror-ibicenco\/","og_locale":"es_ES","og_type":"article","og_title":"Festival Formativo de Cortometrajes de Terror Ibicenco - Cultura i Joventut, Santa Eul\u00e0ria des Riu","og_description":"Festival Formativo de Cortometrajes de Terror Ibicenco realizados con m\u00f3vil para j\u00f3venes de 12 a 18 a\u00f1os (nacidos entre 2009 y 2003). El Festival Formativo de Cortos de Terror Ibicenco es una iniciativa del Ayuntamiento de Santa Eul\u00e0ria des Riu para impulsar la creaci\u00f3n audiovisual entre los y las j\u00f3venes, dar visibilidad a elementos de&hellip;","og_url":"https:\/\/santaeulariaculturaijoventut.com\/es\/festival-formativo-de-cortometrajes-de-terror-ibicenco\/","og_site_name":"Cultura i Joventut, Santa Eul\u00e0ria des Riu","article_modified_time":"2021-11-16T07:29:00+00:00","twitter_card":"summary_large_image","twitter_misc":{"Tiempo de lectura":"8 minutos"},"schema":{"@context":"https:\/\/schema.org","@graph":[{"@type":"WebPage","@id":"https:\/\/santaeulariaculturaijoventut.com\/es\/festival-formativo-de-cortometrajes-de-terror-ibicenco\/","url":"https:\/\/santaeulariaculturaijoventut.com\/es\/festival-formativo-de-cortometrajes-de-terror-ibicenco\/","name":"Festival Formativo de Cortometrajes de Terror Ibicenco - Cultura i Joventut, Santa Eul\u00e0ria des Riu","isPartOf":{"@id":"https:\/\/santaeulariaculturaijoventut.com\/ca\/#website"},"datePublished":"2021-06-22T18:51:47+00:00","dateModified":"2021-11-16T07:29:00+00:00","breadcrumb":{"@id":"https:\/\/santaeulariaculturaijoventut.com\/es\/festival-formativo-de-cortometrajes-de-terror-ibicenco\/#breadcrumb"},"inLanguage":"es","potentialAction":[{"@type":"ReadAction","target":["https:\/\/santaeulariaculturaijoventut.com\/es\/festival-formativo-de-cortometrajes-de-terror-ibicenco\/"]}]},{"@type":"BreadcrumbList","@id":"https:\/\/santaeulariaculturaijoventut.com\/es\/festival-formativo-de-cortometrajes-de-terror-ibicenco\/#breadcrumb","itemListElement":[{"@type":"ListItem","position":1,"name":"Inici","item":"https:\/\/santaeulariaculturaijoventut.com\/es\/escoles-estiu\/informacio-escoles-destiu\/"},{"@type":"ListItem","position":2,"name":"Festival Formativo de Cortometrajes de Terror Ibicenco"}]},{"@type":"WebSite","@id":"https:\/\/santaeulariaculturaijoventut.com\/ca\/#website","url":"https:\/\/santaeulariaculturaijoventut.com\/ca\/","name":"Cultura i Joventut, Santa Eul\u00e0ria des Riu","description":"Cultura i Joventut, Santa Eul\u00e0ria des Riu","potentialAction":[{"@type":"SearchAction","target":{"@type":"EntryPoint","urlTemplate":"https:\/\/santaeulariaculturaijoventut.com\/ca\/?s={search_term_string}"},"query-input":{"@type":"PropertyValueSpecification","valueRequired":true,"valueName":"search_term_string"}}],"inLanguage":"es"}]}},"_links":{"self":[{"href":"https:\/\/santaeulariaculturaijoventut.com\/es\/wp-json\/wp\/v2\/pages\/4100"}],"collection":[{"href":"https:\/\/santaeulariaculturaijoventut.com\/es\/wp-json\/wp\/v2\/pages"}],"about":[{"href":"https:\/\/santaeulariaculturaijoventut.com\/es\/wp-json\/wp\/v2\/types\/page"}],"author":[{"embeddable":true,"href":"https:\/\/santaeulariaculturaijoventut.com\/es\/wp-json\/wp\/v2\/users\/1"}],"replies":[{"embeddable":true,"href":"https:\/\/santaeulariaculturaijoventut.com\/es\/wp-json\/wp\/v2\/comments?post=4100"}],"version-history":[{"count":2,"href":"https:\/\/santaeulariaculturaijoventut.com\/es\/wp-json\/wp\/v2\/pages\/4100\/revisions"}],"predecessor-version":[{"id":4184,"href":"https:\/\/santaeulariaculturaijoventut.com\/es\/wp-json\/wp\/v2\/pages\/4100\/revisions\/4184"}],"wp:attachment":[{"href":"https:\/\/santaeulariaculturaijoventut.com\/es\/wp-json\/wp\/v2\/media?parent=4100"}],"wp:term":[{"taxonomy":"category","embeddable":true,"href":"https:\/\/santaeulariaculturaijoventut.com\/es\/wp-json\/wp\/v2\/categories?post=4100"},{"taxonomy":"post_tag","embeddable":true,"href":"https:\/\/santaeulariaculturaijoventut.com\/es\/wp-json\/wp\/v2\/tags?post=4100"},{"taxonomy":"folder","embeddable":true,"href":"https:\/\/santaeulariaculturaijoventut.com\/es\/wp-json\/wp\/v2\/folder?post=4100"}],"curies":[{"name":"wp","href":"https:\/\/api.w.org\/{rel}","templated":true}]}}