{"id":2863,"date":"2021-04-18T10:17:23","date_gmt":"2021-04-18T08:17:23","guid":{"rendered":"https:\/\/santaeulariaculturaijoventut.com\/concurso-de-ilustracion-de-puntos-de-libro\/"},"modified":"2021-11-16T08:26:01","modified_gmt":"2021-11-16T07:26:01","slug":"concurso-de-ilustracion-de-puntos-de-libro","status":"publish","type":"page","link":"https:\/\/santaeulariaculturaijoventut.com\/es\/concurso-de-ilustracion-de-puntos-de-libro\/","title":{"rendered":"Concurso de ilustraci\u00f3n de puntos de libro"},"content":{"rendered":"\n<h4>\n\t\tConcurso de ilustraci\u00f3n de puntos de libro &#8211; D\u00eda del Libro 2021\n\t<\/h4>\n\t<p>Con motivo de la celebraci\u00f3n del D\u00eda Internacional del Libro Infantil y Juvenil (2 de abril) y del D\u00eda del Libro (23 de abril), la Biblioteca Municipal de Santa Eul\u00e0ria organiza su concurso anual de ilustraci\u00f3n de puntos de libro. Esta edici\u00f3n se realizar\u00e1 online. <\/p>\n<strong>BASES<\/strong><br \/>\nEste concurso va dirigido a la poblaci\u00f3n residente en el municipio de Santa Eul\u00e0ria des Riu. Se establecen 5 categor\u00edas seg\u00fan la edad de las personas participantes:\n<ul>\n<li>A: De 3 a 6 a\u00f1os.<\/li>\n<li>B: De 7 a 9 a\u00f1os.<\/li>\n<li>C: De 10 a 12 a\u00f1os.<\/li>\n<li>D: De 13 a 17 a\u00f1os.<\/li>\n<li>E: A partir de 18 a\u00f1os.<\/li>\n<\/ul>\n<p>Habr\u00e1 dos premios por categor\u00eda. Los premios consistir\u00e1n en un vale para la compra de libros o material escolar con un valor de 60 \u20ac (1r premio) i 35 \u20ac (2\u00ba premio).<\/p>\n<ul>\n<li>Solo se podr\u00e1 presentar un punto de libro por participante.<\/li>\n<li>Los puntos de libro ganadores ser\u00e1n impresos como puntos de libro de la Biblioteca Municipal.<\/li>\n<\/ul>\n<strong>FORMATO, T\u00c9CNICA Y TEM\u00c1TICA<\/strong><br \/>\nLas medidas del punto han de ser de 18 cm de largo por 5 cm de ancho. El punto debe ir dibujado s\u00f3lo por una cara y elaborado con cualquier t\u00e9cnica de ilustraci\u00f3n o pintura que permita su reproducci\u00f3n impresa (sin relieve ni volumen). Tiene que ser original e in\u00e9dito.<br \/>\nLos temas que se proponen son la LECTURA, los LIBROS, las BIBLIOTECAS, el D\u00cdA DEL LIBRO, SANT JORDI, o, siguiendo con la l\u00ednea de la Agenda Escolar 2030, la IGUALDAD DE OPORTUNIDADES. Aunque se aceptar\u00e1n participaciones de tem\u00e1tica libre.\n<strong>PRESENTACI\u00d3N<\/strong><br \/>\nLas obras deber\u00e1n enviarse a <a href=\"mailto:biblioteca@santaeularia.com\">biblioteca@santaeularia.com<\/a> en archivo JPG. Se puede hacer mediante el escaneo del dibujo (opci\u00f3n m\u00e1s adecuada) o con una fotograf\u00eda (en caso de no contar con esc\u00e1ner). En los dos casos es recomendable supervisar el peso del archivo para garantizar su env\u00edo correcto. Recibir\u00e1 un correo electr\u00f3nico como justificante de recepci\u00f3n.\n<p>En el mismo correo se deber\u00e1 adjuntar otro archivo que contenga los datos personales del autor o la autora:<\/p>\n<ul>\n<li>Nombre y apellidos del autor o la autora.<\/li>\n<li>Fecha de nacimiento.<\/li>\n<li>Tel\u00e9fono.<\/li>\n<li>Correo electr\u00f3nico.<\/li>\n<li>Categor\u00eda en la que participa.<\/li>\n<\/ul>\nEs importante que las personas ganadoras conserven los originales para entregarlos a la biblioteca cuando as\u00ed se les solicite.<br \/>\n<strong>El plazo de presentaci\u00f3n acabar\u00e1 el d\u00eda 30 de abril de 2021.<\/strong>\n<strong>JURADO Y NORMATIVA<\/strong><br \/>\nLa decisi\u00f3n del jurado se har\u00e1 p\u00fablica la segunda semana de mayo de 2021. La valoraci\u00f3n de los trabajos por parte del jurado se har\u00e1 de forma an\u00f3nima. Su resoluci\u00f3n se anunciar\u00e1 a trav\u00e9s de la web https:\/\/santaeulariaculturaijoventut.com del Ayuntamiento de Santa Eul\u00e0ria des Riu, a trav\u00e9s de las redes sociales municipales y directamente a las personas premiadas.<br \/>\nLa participaci\u00f3n en este concurso implica la autorizaci\u00f3n al Ayuntamiento de Santa Eul\u00e0ria des Riu para la publicaci\u00f3n de las obras presentadas, a trav\u00e9s de soportes impresos o digitales, tanto durante el per\u00edodo de presentaci\u00f3n como despu\u00e9s del anuncio del veredicto del jurado.<br \/>\nLos trabajos que resulten ganadores deber\u00e1n entregarse f\u00edsicamente a la Biblioteca, que se reserva el derecho a su impresi\u00f3n y\/o difusi\u00f3n sin \u00e1nimo de lucro.<br \/>\nLas obras premiadas no podr\u00e1n ser publicadas en ning\u00fan otro medio ajeno al Ayuntamiento de Santa Eul\u00e0ria des Riu sin autorizaci\u00f3n expresa de \u00e9ste.<br \/>\nEl env\u00edo del archivo con el dibujo, junto con los datos personales, implica la aceptaci\u00f3n de todos los puntos de las bases. <br \/>\nPara m\u00e1s informaci\u00f3n, pueden llamar a la Biblioteca Municipal (971 33 82 77) o enviar un correo electr\u00f3nico a <a href=\"mailto:biblioteca@santaeularia.com\">biblioteca@santaeularia.com<\/a>.\n<p><strong>Informaci\u00f3n sobre protecci\u00f3n de datos:<\/strong> El responsable del tratamiento de los datos es el Ayuntamiento de Santa Eul\u00e0ria des Riu. La finalidad del tratamiento es su participaci\u00f3n en el concurso de ilustraci\u00f3n de puntos de libro \u00abD\u00eda del Libro\u00bb 2021. La legitimaci\u00f3n para el tratamiento se basa en su consentimiento prestado por participar en el citado concurso. Los datos ser\u00e1n conservados durante los plazos previstos en las disposiciones legales aplicables y el tiempo necesario para atender las posibles responsabilidades nacidas del tratamiento. No se comunicar\u00e1n los datos a terceros, excepto obligaci\u00f3n legal. Tiene derecho a solicitar el acceso a sus datos personales, su rectificaci\u00f3n, supresi\u00f3n o portabilidad, la limitaci\u00f3n de su tratamiento ante la Secretar\u00eda de este Ayuntamiento situado en la plaza Espa\u00f1a, n.\u00ba 1, 07840 Santa Eul\u00e0ria des Riu, u oponerse al tratamiento, as\u00ed como a presentar una reclamaci\u00f3n ante la autoridad de control.<\/p>\n\n","protected":false},"excerpt":{"rendered":"<p>Concurso de ilustraci\u00f3n de puntos de libro &#8211; D\u00eda del Libro 2021 Con motivo de la celebraci\u00f3n del D\u00eda Internacional del Libro Infantil y Juvenil (2 de abril) y del D\u00eda del Libro (23 de abril), la Biblioteca Municipal de Santa Eul\u00e0ria organiza su concurso anual de ilustraci\u00f3n de puntos de libro. Esta edici\u00f3n se&hellip;<\/p>\n","protected":false},"author":1,"featured_media":0,"parent":0,"menu_order":70,"comment_status":"closed","ping_status":"closed","template":"","meta":{"footnotes":""},"categories":[84],"tags":[],"folder":[34],"yoast_head":"<!-- This site is optimized with the Yoast SEO plugin v23.9 - https:\/\/yoast.com\/wordpress\/plugins\/seo\/ -->\n<title>Concurso de ilustraci\u00f3n de puntos de libro - Cultura i Joventut, Santa Eul\u00e0ria des Riu<\/title>\n<meta name=\"description\" content=\"La Biblioteca Municipal de Santa Eul\u00e0ria organiza su concurso online anual de ilustraci\u00f3n de puntos de libro 2021.\" \/>\n<meta name=\"robots\" content=\"index, follow, max-snippet:-1, max-image-preview:large, max-video-preview:-1\" \/>\n<link rel=\"canonical\" href=\"https:\/\/santaeulariaculturaijoventut.com\/es\/concurso-de-ilustracion-de-puntos-de-libro\/\" \/>\n<meta property=\"og:locale\" content=\"es_ES\" \/>\n<meta property=\"og:type\" content=\"article\" \/>\n<meta property=\"og:title\" content=\"Concurso de ilustraci\u00f3n de puntos de libro - Cultura i Joventut, Santa Eul\u00e0ria des Riu\" \/>\n<meta property=\"og:description\" content=\"La Biblioteca Municipal de Santa Eul\u00e0ria organiza su concurso online anual de ilustraci\u00f3n de puntos de libro 2021.\" \/>\n<meta property=\"og:url\" content=\"https:\/\/santaeulariaculturaijoventut.com\/es\/concurso-de-ilustracion-de-puntos-de-libro\/\" \/>\n<meta property=\"og:site_name\" content=\"Cultura i Joventut, Santa Eul\u00e0ria des Riu\" \/>\n<meta property=\"article:modified_time\" content=\"2021-11-16T07:26:01+00:00\" \/>\n<meta name=\"twitter:card\" content=\"summary_large_image\" \/>\n<meta name=\"twitter:label1\" content=\"Tiempo de lectura\" \/>\n\t<meta name=\"twitter:data1\" content=\"4 minutos\" \/>\n<script type=\"application\/ld+json\" class=\"yoast-schema-graph\">{\"@context\":\"https:\/\/schema.org\",\"@graph\":[{\"@type\":\"WebPage\",\"@id\":\"https:\/\/santaeulariaculturaijoventut.com\/es\/concurso-de-ilustracion-de-puntos-de-libro\/\",\"url\":\"https:\/\/santaeulariaculturaijoventut.com\/es\/concurso-de-ilustracion-de-puntos-de-libro\/\",\"name\":\"Concurso de ilustraci\u00f3n de puntos de libro - Cultura i Joventut, Santa Eul\u00e0ria des Riu\",\"isPartOf\":{\"@id\":\"https:\/\/santaeulariaculturaijoventut.com\/ca\/#website\"},\"datePublished\":\"2021-04-18T08:17:23+00:00\",\"dateModified\":\"2021-11-16T07:26:01+00:00\",\"description\":\"La Biblioteca Municipal de Santa Eul\u00e0ria organiza su concurso online anual de ilustraci\u00f3n de puntos de libro 2021.\",\"breadcrumb\":{\"@id\":\"https:\/\/santaeulariaculturaijoventut.com\/es\/concurso-de-ilustracion-de-puntos-de-libro\/#breadcrumb\"},\"inLanguage\":\"es\",\"potentialAction\":[{\"@type\":\"ReadAction\",\"target\":[\"https:\/\/santaeulariaculturaijoventut.com\/es\/concurso-de-ilustracion-de-puntos-de-libro\/\"]}]},{\"@type\":\"BreadcrumbList\",\"@id\":\"https:\/\/santaeulariaculturaijoventut.com\/es\/concurso-de-ilustracion-de-puntos-de-libro\/#breadcrumb\",\"itemListElement\":[{\"@type\":\"ListItem\",\"position\":1,\"name\":\"Inici\",\"item\":\"https:\/\/santaeulariaculturaijoventut.com\/es\/escoles-estiu\/informacio-escoles-destiu\/\"},{\"@type\":\"ListItem\",\"position\":2,\"name\":\"Concurso de ilustraci\u00f3n de puntos de libro\"}]},{\"@type\":\"WebSite\",\"@id\":\"https:\/\/santaeulariaculturaijoventut.com\/ca\/#website\",\"url\":\"https:\/\/santaeulariaculturaijoventut.com\/ca\/\",\"name\":\"Cultura i Joventut, Santa Eul\u00e0ria des Riu\",\"description\":\"Cultura i Joventut, Santa Eul\u00e0ria des Riu\",\"potentialAction\":[{\"@type\":\"SearchAction\",\"target\":{\"@type\":\"EntryPoint\",\"urlTemplate\":\"https:\/\/santaeulariaculturaijoventut.com\/ca\/?s={search_term_string}\"},\"query-input\":{\"@type\":\"PropertyValueSpecification\",\"valueRequired\":true,\"valueName\":\"search_term_string\"}}],\"inLanguage\":\"es\"}]}<\/script>\n<!-- \/ Yoast SEO plugin. -->","yoast_head_json":{"title":"Concurso de ilustraci\u00f3n de puntos de libro - Cultura i Joventut, Santa Eul\u00e0ria des Riu","description":"La Biblioteca Municipal de Santa Eul\u00e0ria organiza su concurso online anual de ilustraci\u00f3n de puntos de libro 2021.","robots":{"index":"index","follow":"follow","max-snippet":"max-snippet:-1","max-image-preview":"max-image-preview:large","max-video-preview":"max-video-preview:-1"},"canonical":"https:\/\/santaeulariaculturaijoventut.com\/es\/concurso-de-ilustracion-de-puntos-de-libro\/","og_locale":"es_ES","og_type":"article","og_title":"Concurso de ilustraci\u00f3n de puntos de libro - Cultura i Joventut, Santa Eul\u00e0ria des Riu","og_description":"La Biblioteca Municipal de Santa Eul\u00e0ria organiza su concurso online anual de ilustraci\u00f3n de puntos de libro 2021.","og_url":"https:\/\/santaeulariaculturaijoventut.com\/es\/concurso-de-ilustracion-de-puntos-de-libro\/","og_site_name":"Cultura i Joventut, Santa Eul\u00e0ria des Riu","article_modified_time":"2021-11-16T07:26:01+00:00","twitter_card":"summary_large_image","twitter_misc":{"Tiempo de lectura":"4 minutos"},"schema":{"@context":"https:\/\/schema.org","@graph":[{"@type":"WebPage","@id":"https:\/\/santaeulariaculturaijoventut.com\/es\/concurso-de-ilustracion-de-puntos-de-libro\/","url":"https:\/\/santaeulariaculturaijoventut.com\/es\/concurso-de-ilustracion-de-puntos-de-libro\/","name":"Concurso de ilustraci\u00f3n de puntos de libro - Cultura i Joventut, Santa Eul\u00e0ria des Riu","isPartOf":{"@id":"https:\/\/santaeulariaculturaijoventut.com\/ca\/#website"},"datePublished":"2021-04-18T08:17:23+00:00","dateModified":"2021-11-16T07:26:01+00:00","description":"La Biblioteca Municipal de Santa Eul\u00e0ria organiza su concurso online anual de ilustraci\u00f3n de puntos de libro 2021.","breadcrumb":{"@id":"https:\/\/santaeulariaculturaijoventut.com\/es\/concurso-de-ilustracion-de-puntos-de-libro\/#breadcrumb"},"inLanguage":"es","potentialAction":[{"@type":"ReadAction","target":["https:\/\/santaeulariaculturaijoventut.com\/es\/concurso-de-ilustracion-de-puntos-de-libro\/"]}]},{"@type":"BreadcrumbList","@id":"https:\/\/santaeulariaculturaijoventut.com\/es\/concurso-de-ilustracion-de-puntos-de-libro\/#breadcrumb","itemListElement":[{"@type":"ListItem","position":1,"name":"Inici","item":"https:\/\/santaeulariaculturaijoventut.com\/es\/escoles-estiu\/informacio-escoles-destiu\/"},{"@type":"ListItem","position":2,"name":"Concurso de ilustraci\u00f3n de puntos de libro"}]},{"@type":"WebSite","@id":"https:\/\/santaeulariaculturaijoventut.com\/ca\/#website","url":"https:\/\/santaeulariaculturaijoventut.com\/ca\/","name":"Cultura i Joventut, Santa Eul\u00e0ria des Riu","description":"Cultura i Joventut, Santa Eul\u00e0ria des Riu","potentialAction":[{"@type":"SearchAction","target":{"@type":"EntryPoint","urlTemplate":"https:\/\/santaeulariaculturaijoventut.com\/ca\/?s={search_term_string}"},"query-input":{"@type":"PropertyValueSpecification","valueRequired":true,"valueName":"search_term_string"}}],"inLanguage":"es"}]}},"_links":{"self":[{"href":"https:\/\/santaeulariaculturaijoventut.com\/es\/wp-json\/wp\/v2\/pages\/2863"}],"collection":[{"href":"https:\/\/santaeulariaculturaijoventut.com\/es\/wp-json\/wp\/v2\/pages"}],"about":[{"href":"https:\/\/santaeulariaculturaijoventut.com\/es\/wp-json\/wp\/v2\/types\/page"}],"author":[{"embeddable":true,"href":"https:\/\/santaeulariaculturaijoventut.com\/es\/wp-json\/wp\/v2\/users\/1"}],"replies":[{"embeddable":true,"href":"https:\/\/santaeulariaculturaijoventut.com\/es\/wp-json\/wp\/v2\/comments?post=2863"}],"version-history":[{"count":1,"href":"https:\/\/santaeulariaculturaijoventut.com\/es\/wp-json\/wp\/v2\/pages\/2863\/revisions"}],"predecessor-version":[{"id":4452,"href":"https:\/\/santaeulariaculturaijoventut.com\/es\/wp-json\/wp\/v2\/pages\/2863\/revisions\/4452"}],"wp:attachment":[{"href":"https:\/\/santaeulariaculturaijoventut.com\/es\/wp-json\/wp\/v2\/media?parent=2863"}],"wp:term":[{"taxonomy":"category","embeddable":true,"href":"https:\/\/santaeulariaculturaijoventut.com\/es\/wp-json\/wp\/v2\/categories?post=2863"},{"taxonomy":"post_tag","embeddable":true,"href":"https:\/\/santaeulariaculturaijoventut.com\/es\/wp-json\/wp\/v2\/tags?post=2863"},{"taxonomy":"folder","embeddable":true,"href":"https:\/\/santaeulariaculturaijoventut.com\/es\/wp-json\/wp\/v2\/folder?post=2863"}],"curies":[{"name":"wp","href":"https:\/\/api.w.org\/{rel}","templated":true}]}}