{"id":1571,"date":"2021-02-09T12:16:34","date_gmt":"2021-02-09T11:16:34","guid":{"rendered":"https:\/\/santaeulariaculturaijoventut.com\/fiestas-de-santa-eularia\/muestra-fotografica-escolar-de-carnaval\/"},"modified":"2021-11-16T08:20:46","modified_gmt":"2021-11-16T07:20:46","slug":"muestra-fotografica-escolar-de-carnaval","status":"publish","type":"page","link":"https:\/\/santaeulariaculturaijoventut.com\/es\/fiestas-de-santa-eularia\/muestra-fotografica-escolar-de-carnaval\/","title":{"rendered":"Muestra fotogr\u00e1fica escolar de carnaval"},"content":{"rendered":"\n<h4>\n\t\tMuestra fotogr\u00e1fica escolar de antifaces\n\t<\/h4>\n\t\n<strong>Santa Eul\u00e0ria des Riu, 05 de febrero de 2021.<\/strong><br \/>\nEl alto n\u00famero de casos de coronavirus que se siguen registrando en el municipio y las consiguientes restricciones para la realizaci\u00f3n de actos con p\u00fablico han llevado al Ayuntamiento de Santa Eul\u00e0ria des Riu a anular la tradicional r\u00faa por las calles de la poblaci\u00f3n de Santa Eul\u00e0ria para celebrar el Carnaval. En su lugar, se ha convocado a los centros de Infantil y Primaria del municipio a participar en una muestra de antifaces artesanales. Dada la situaci\u00f3n actual, se ha decidido aparcar la parte competitiva y destinar hasta 9.000 euros (1.000 por cada centro que quiera participar) para que los centros escolares puedan comprar en los negocios del municipio material que necesiten para sus actividades, de forma que se les ayudar\u00e1 a ellos y a los comercios de Santa Eul\u00e0ria.\n<p>La iniciativa del Ayuntamiento se denomina Mostra Fotogr\u00e0fica Escolar de Carnaval 2021 &#8216;El m\u00f3n darrere un antifa\u00e7&#8217; y est\u00e1 dirigida a todos los centros educativos que ofrecen educaci\u00f3n Infantil y Primaria en el municipio (es decir, con alumnos de entre 3 y 11 a\u00f1os). La elecci\u00f3n de este colectivo se ha realizado dado que la elaboraci\u00f3n de un antifaz como manualidad se puede integrar con facilidad en los objetivos y actividades de clase y porque todos los a\u00f1os suelen ser los participantes mayoritarios en la R\u00faa de Carnaval.<\/p>\n<p>La muestra est\u00e1 pensada para que los centros que participen puedan realizar la actividad de elaboraci\u00f3n del antifaz de forma libre, con las t\u00e9cnicas, materiales y contenido que deseen, pero siempre respetando los grupos burbuja. As\u00ed, cada colegio podr\u00e1 aportar a la muestra una fotograf\u00eda por clase. Todas ellas se podr\u00e1n enviar en formato digital entre el mismo d\u00eda de Carnaval, 16 de febrero, hasta el 28 de dicho mes de forma que haya un amplio margen para incluir la actividad en la programaci\u00f3n educativa y dar rienda suelta a la creatividad. Dado que es una actividad no competitiva, los materiales que vayan llegando se podr\u00e1n publicar de forma inmediata en la web wwww.santaeulariaculturaijoventut.com.<\/p>\n<p>Dadas las nuevas necesidades que est\u00e1n surgiendo en los centros educativos debido a la epidemia de coronavirus, se ha decidido no convertir el Carnaval en una competici\u00f3n y repartir el dinero destinado a premios (hasta 9.000 euros) entre todos los centros que participen. De esta manera, cada colegio podr\u00e1 contar con 1.000 euros para comprar material escolar o inform\u00e1tico en alg\u00fan establecimiento radicado dentro de Santa Eul\u00e0ria des Riu. El \u00fanico requisito para el colegio es que participen en el concurso, al menos, la mitad de sus clases.<\/p>\n\t\t\t<img decoding=\"async\" src=\"https:\/\/santaeulariaculturaijoventut.com\/wp-content\/uploads\/2021\/02\/thumb-do-not-disturb.jpg\" title=\"thumb-do-not-disturb\" alt=\"\" \/>\t\t\t\t\t\t\t\n\t\t\t\t\tPlay Video\n\t\t\t<img decoding=\"async\" src=\"https:\/\/santaeulariaculturaijoventut.com\/wp-content\/uploads\/2021\/02\/thumb-somins.jpg\" title=\"thumb-somins\" alt=\"\" \/>\t\t\t\t\t\t\t\n\t\t\t\t\tPlay Video\n\t\t\t\t\t\t\t\t\t<a href=\"\/es\/fiestas-de-santa-eularia\/concurso-de-poesia\" target=\"_self\" itemprop=\"url\" rel=\"noopener noreferrer\">\n\t\t\t\t\t\t\t\t\t\t<img decoding=\"async\" src=\"https:\/\/santaeulariaculturaijoventut.com\/wp-content\/uploads\/2021\/02\/BANNERS-WEB-DE-POESIA.jpg\" alt=\"BANNERS-WEB-DE-POESIA\" itemprop=\"image\"  \/>\n\t\t\t\t\t\t\t\t\t\t\t\t\t\t\t<\/a>\n\t\t\t\t\t\t\t\t\t<a href=\"\/es\/fiestas-de-santa-eularia\/concurso-de-fotografia\" target=\"_self\" itemprop=\"url\" rel=\"noopener noreferrer\">\n\t\t\t\t\t\t\t\t\t\t<img decoding=\"async\" src=\"https:\/\/santaeulariaculturaijoventut.com\/wp-content\/uploads\/2021\/02\/BANNERS-WEB-DE-fotografia.jpg\" alt=\"BANNERS-WEB-DE-fotografia\" itemprop=\"image\"  \/>\n\t\t\t\t\t\t\t\t\t\t\t\t\t\t\t<\/a>\n\n","protected":false},"excerpt":{"rendered":"<p>Muestra fotogr\u00e1fica escolar de antifaces Santa Eul\u00e0ria des Riu, 05 de febrero de 2021. El alto n\u00famero de casos de coronavirus que se siguen registrando en el municipio y las consiguientes restricciones para la realizaci\u00f3n de actos con p\u00fablico han llevado al Ayuntamiento de Santa Eul\u00e0ria des Riu a anular la tradicional r\u00faa por las&hellip;<\/p>\n","protected":false},"author":1,"featured_media":0,"parent":1560,"menu_order":10,"comment_status":"closed","ping_status":"closed","template":"","meta":{"footnotes":""},"categories":[85],"tags":[],"folder":[33],"yoast_head":"<!-- This site is optimized with the Yoast SEO plugin v23.9 - https:\/\/yoast.com\/wordpress\/plugins\/seo\/ -->\n<title>Muestra fotogr\u00e1fica escolar de carnaval - Cultura i Joventut, Santa Eul\u00e0ria des Riu<\/title>\n<meta name=\"robots\" content=\"index, follow, max-snippet:-1, max-image-preview:large, max-video-preview:-1\" \/>\n<link rel=\"canonical\" href=\"https:\/\/santaeulariaculturaijoventut.com\/es\/fiestas-de-santa-eularia\/muestra-fotografica-escolar-de-carnaval\/\" \/>\n<meta property=\"og:locale\" content=\"es_ES\" \/>\n<meta property=\"og:type\" content=\"article\" \/>\n<meta property=\"og:title\" content=\"Muestra fotogr\u00e1fica escolar de carnaval - Cultura i Joventut, Santa Eul\u00e0ria des Riu\" \/>\n<meta property=\"og:description\" content=\"Muestra fotogr\u00e1fica escolar de antifaces Santa Eul\u00e0ria des Riu, 05 de febrero de 2021. El alto n\u00famero de casos de coronavirus que se siguen registrando en el municipio y las consiguientes restricciones para la realizaci\u00f3n de actos con p\u00fablico han llevado al Ayuntamiento de Santa Eul\u00e0ria des Riu a anular la tradicional r\u00faa por las&hellip;\" \/>\n<meta property=\"og:url\" content=\"https:\/\/santaeulariaculturaijoventut.com\/es\/fiestas-de-santa-eularia\/muestra-fotografica-escolar-de-carnaval\/\" \/>\n<meta property=\"og:site_name\" content=\"Cultura i Joventut, Santa Eul\u00e0ria des Riu\" \/>\n<meta property=\"article:modified_time\" content=\"2021-11-16T07:20:46+00:00\" \/>\n<meta property=\"og:image\" content=\"https:\/\/santaeulariaculturaijoventut.com\/wp-content\/uploads\/2021\/02\/thumb-do-not-disturb.jpg\" \/>\n<meta name=\"twitter:card\" content=\"summary_large_image\" \/>\n<meta name=\"twitter:label1\" content=\"Tiempo de lectura\" \/>\n\t<meta name=\"twitter:data1\" content=\"2 minutos\" \/>\n<script type=\"application\/ld+json\" class=\"yoast-schema-graph\">{\"@context\":\"https:\/\/schema.org\",\"@graph\":[{\"@type\":\"WebPage\",\"@id\":\"https:\/\/santaeulariaculturaijoventut.com\/es\/fiestas-de-santa-eularia\/muestra-fotografica-escolar-de-carnaval\/\",\"url\":\"https:\/\/santaeulariaculturaijoventut.com\/es\/fiestas-de-santa-eularia\/muestra-fotografica-escolar-de-carnaval\/\",\"name\":\"Muestra fotogr\u00e1fica escolar de carnaval - Cultura i Joventut, Santa Eul\u00e0ria des Riu\",\"isPartOf\":{\"@id\":\"https:\/\/santaeulariaculturaijoventut.com\/ca\/#website\"},\"primaryImageOfPage\":{\"@id\":\"https:\/\/santaeulariaculturaijoventut.com\/es\/fiestas-de-santa-eularia\/muestra-fotografica-escolar-de-carnaval\/#primaryimage\"},\"image\":{\"@id\":\"https:\/\/santaeulariaculturaijoventut.com\/es\/fiestas-de-santa-eularia\/muestra-fotografica-escolar-de-carnaval\/#primaryimage\"},\"thumbnailUrl\":\"https:\/\/santaeulariaculturaijoventut.com\/wp-content\/uploads\/2021\/02\/thumb-do-not-disturb.jpg\",\"datePublished\":\"2021-02-09T11:16:34+00:00\",\"dateModified\":\"2021-11-16T07:20:46+00:00\",\"breadcrumb\":{\"@id\":\"https:\/\/santaeulariaculturaijoventut.com\/es\/fiestas-de-santa-eularia\/muestra-fotografica-escolar-de-carnaval\/#breadcrumb\"},\"inLanguage\":\"es\",\"potentialAction\":[{\"@type\":\"ReadAction\",\"target\":[\"https:\/\/santaeulariaculturaijoventut.com\/es\/fiestas-de-santa-eularia\/muestra-fotografica-escolar-de-carnaval\/\"]}]},{\"@type\":\"ImageObject\",\"inLanguage\":\"es\",\"@id\":\"https:\/\/santaeulariaculturaijoventut.com\/es\/fiestas-de-santa-eularia\/muestra-fotografica-escolar-de-carnaval\/#primaryimage\",\"url\":\"https:\/\/santaeulariaculturaijoventut.com\/wp-content\/uploads\/2021\/02\/thumb-do-not-disturb.jpg\",\"contentUrl\":\"https:\/\/santaeulariaculturaijoventut.com\/wp-content\/uploads\/2021\/02\/thumb-do-not-disturb.jpg\"},{\"@type\":\"BreadcrumbList\",\"@id\":\"https:\/\/santaeulariaculturaijoventut.com\/es\/fiestas-de-santa-eularia\/muestra-fotografica-escolar-de-carnaval\/#breadcrumb\",\"itemListElement\":[{\"@type\":\"ListItem\",\"position\":1,\"name\":\"Inici\",\"item\":\"https:\/\/santaeulariaculturaijoventut.com\/es\/escoles-estiu\/informacio-escoles-destiu\/\"},{\"@type\":\"ListItem\",\"position\":2,\"name\":\"Fiestas de Santa Eul\u00e0ria\",\"item\":\"https:\/\/santaeulariaculturaijoventut.com\/es\/fiestas-de-santa-eularia\/\"},{\"@type\":\"ListItem\",\"position\":3,\"name\":\"Muestra fotogr\u00e1fica escolar de carnaval\"}]},{\"@type\":\"WebSite\",\"@id\":\"https:\/\/santaeulariaculturaijoventut.com\/ca\/#website\",\"url\":\"https:\/\/santaeulariaculturaijoventut.com\/ca\/\",\"name\":\"Cultura i Joventut, Santa Eul\u00e0ria des Riu\",\"description\":\"Cultura i Joventut, Santa Eul\u00e0ria des Riu\",\"potentialAction\":[{\"@type\":\"SearchAction\",\"target\":{\"@type\":\"EntryPoint\",\"urlTemplate\":\"https:\/\/santaeulariaculturaijoventut.com\/ca\/?s={search_term_string}\"},\"query-input\":{\"@type\":\"PropertyValueSpecification\",\"valueRequired\":true,\"valueName\":\"search_term_string\"}}],\"inLanguage\":\"es\"}]}<\/script>\n<!-- \/ Yoast SEO plugin. -->","yoast_head_json":{"title":"Muestra fotogr\u00e1fica escolar de carnaval - Cultura i Joventut, Santa Eul\u00e0ria des Riu","robots":{"index":"index","follow":"follow","max-snippet":"max-snippet:-1","max-image-preview":"max-image-preview:large","max-video-preview":"max-video-preview:-1"},"canonical":"https:\/\/santaeulariaculturaijoventut.com\/es\/fiestas-de-santa-eularia\/muestra-fotografica-escolar-de-carnaval\/","og_locale":"es_ES","og_type":"article","og_title":"Muestra fotogr\u00e1fica escolar de carnaval - Cultura i Joventut, Santa Eul\u00e0ria des Riu","og_description":"Muestra fotogr\u00e1fica escolar de antifaces Santa Eul\u00e0ria des Riu, 05 de febrero de 2021. El alto n\u00famero de casos de coronavirus que se siguen registrando en el municipio y las consiguientes restricciones para la realizaci\u00f3n de actos con p\u00fablico han llevado al Ayuntamiento de Santa Eul\u00e0ria des Riu a anular la tradicional r\u00faa por las&hellip;","og_url":"https:\/\/santaeulariaculturaijoventut.com\/es\/fiestas-de-santa-eularia\/muestra-fotografica-escolar-de-carnaval\/","og_site_name":"Cultura i Joventut, Santa Eul\u00e0ria des Riu","article_modified_time":"2021-11-16T07:20:46+00:00","og_image":[{"url":"https:\/\/santaeulariaculturaijoventut.com\/wp-content\/uploads\/2021\/02\/thumb-do-not-disturb.jpg"}],"twitter_card":"summary_large_image","twitter_misc":{"Tiempo de lectura":"2 minutos"},"schema":{"@context":"https:\/\/schema.org","@graph":[{"@type":"WebPage","@id":"https:\/\/santaeulariaculturaijoventut.com\/es\/fiestas-de-santa-eularia\/muestra-fotografica-escolar-de-carnaval\/","url":"https:\/\/santaeulariaculturaijoventut.com\/es\/fiestas-de-santa-eularia\/muestra-fotografica-escolar-de-carnaval\/","name":"Muestra fotogr\u00e1fica escolar de carnaval - Cultura i Joventut, Santa Eul\u00e0ria des Riu","isPartOf":{"@id":"https:\/\/santaeulariaculturaijoventut.com\/ca\/#website"},"primaryImageOfPage":{"@id":"https:\/\/santaeulariaculturaijoventut.com\/es\/fiestas-de-santa-eularia\/muestra-fotografica-escolar-de-carnaval\/#primaryimage"},"image":{"@id":"https:\/\/santaeulariaculturaijoventut.com\/es\/fiestas-de-santa-eularia\/muestra-fotografica-escolar-de-carnaval\/#primaryimage"},"thumbnailUrl":"https:\/\/santaeulariaculturaijoventut.com\/wp-content\/uploads\/2021\/02\/thumb-do-not-disturb.jpg","datePublished":"2021-02-09T11:16:34+00:00","dateModified":"2021-11-16T07:20:46+00:00","breadcrumb":{"@id":"https:\/\/santaeulariaculturaijoventut.com\/es\/fiestas-de-santa-eularia\/muestra-fotografica-escolar-de-carnaval\/#breadcrumb"},"inLanguage":"es","potentialAction":[{"@type":"ReadAction","target":["https:\/\/santaeulariaculturaijoventut.com\/es\/fiestas-de-santa-eularia\/muestra-fotografica-escolar-de-carnaval\/"]}]},{"@type":"ImageObject","inLanguage":"es","@id":"https:\/\/santaeulariaculturaijoventut.com\/es\/fiestas-de-santa-eularia\/muestra-fotografica-escolar-de-carnaval\/#primaryimage","url":"https:\/\/santaeulariaculturaijoventut.com\/wp-content\/uploads\/2021\/02\/thumb-do-not-disturb.jpg","contentUrl":"https:\/\/santaeulariaculturaijoventut.com\/wp-content\/uploads\/2021\/02\/thumb-do-not-disturb.jpg"},{"@type":"BreadcrumbList","@id":"https:\/\/santaeulariaculturaijoventut.com\/es\/fiestas-de-santa-eularia\/muestra-fotografica-escolar-de-carnaval\/#breadcrumb","itemListElement":[{"@type":"ListItem","position":1,"name":"Inici","item":"https:\/\/santaeulariaculturaijoventut.com\/es\/escoles-estiu\/informacio-escoles-destiu\/"},{"@type":"ListItem","position":2,"name":"Fiestas de Santa Eul\u00e0ria","item":"https:\/\/santaeulariaculturaijoventut.com\/es\/fiestas-de-santa-eularia\/"},{"@type":"ListItem","position":3,"name":"Muestra fotogr\u00e1fica escolar de carnaval"}]},{"@type":"WebSite","@id":"https:\/\/santaeulariaculturaijoventut.com\/ca\/#website","url":"https:\/\/santaeulariaculturaijoventut.com\/ca\/","name":"Cultura i Joventut, Santa Eul\u00e0ria des Riu","description":"Cultura i Joventut, Santa Eul\u00e0ria des Riu","potentialAction":[{"@type":"SearchAction","target":{"@type":"EntryPoint","urlTemplate":"https:\/\/santaeulariaculturaijoventut.com\/ca\/?s={search_term_string}"},"query-input":{"@type":"PropertyValueSpecification","valueRequired":true,"valueName":"search_term_string"}}],"inLanguage":"es"}]}},"_links":{"self":[{"href":"https:\/\/santaeulariaculturaijoventut.com\/es\/wp-json\/wp\/v2\/pages\/1571"}],"collection":[{"href":"https:\/\/santaeulariaculturaijoventut.com\/es\/wp-json\/wp\/v2\/pages"}],"about":[{"href":"https:\/\/santaeulariaculturaijoventut.com\/es\/wp-json\/wp\/v2\/types\/page"}],"author":[{"embeddable":true,"href":"https:\/\/santaeulariaculturaijoventut.com\/es\/wp-json\/wp\/v2\/users\/1"}],"replies":[{"embeddable":true,"href":"https:\/\/santaeulariaculturaijoventut.com\/es\/wp-json\/wp\/v2\/comments?post=1571"}],"version-history":[{"count":1,"href":"https:\/\/santaeulariaculturaijoventut.com\/es\/wp-json\/wp\/v2\/pages\/1571\/revisions"}],"predecessor-version":[{"id":4450,"href":"https:\/\/santaeulariaculturaijoventut.com\/es\/wp-json\/wp\/v2\/pages\/1571\/revisions\/4450"}],"up":[{"embeddable":true,"href":"https:\/\/santaeulariaculturaijoventut.com\/es\/wp-json\/wp\/v2\/pages\/1560"}],"wp:attachment":[{"href":"https:\/\/santaeulariaculturaijoventut.com\/es\/wp-json\/wp\/v2\/media?parent=1571"}],"wp:term":[{"taxonomy":"category","embeddable":true,"href":"https:\/\/santaeulariaculturaijoventut.com\/es\/wp-json\/wp\/v2\/categories?post=1571"},{"taxonomy":"post_tag","embeddable":true,"href":"https:\/\/santaeulariaculturaijoventut.com\/es\/wp-json\/wp\/v2\/tags?post=1571"},{"taxonomy":"folder","embeddable":true,"href":"https:\/\/santaeulariaculturaijoventut.com\/es\/wp-json\/wp\/v2\/folder?post=1571"}],"curies":[{"name":"wp","href":"https:\/\/api.w.org\/{rel}","templated":true}]}}