{"id":1570,"date":"2021-02-09T12:15:51","date_gmt":"2021-02-09T11:15:51","guid":{"rendered":"https:\/\/santaeulariaculturaijoventut.com\/fiestas-de-santa-eularia\/concurso-de-poesia\/"},"modified":"2021-11-16T08:20:41","modified_gmt":"2021-11-16T07:20:41","slug":"concurso-de-poesia","status":"publish","type":"page","link":"https:\/\/santaeulariaculturaijoventut.com\/es\/fiestas-de-santa-eularia\/concurso-de-poesia\/","title":{"rendered":"Concurso de poes\u00eda"},"content":{"rendered":"\n<h4>\n\t\tBases XXIV concurso Puig de Missa de poes\u00eda 2021\n\t<\/h4>\n\t\n\n\t<p>Se establecen dos categor\u00edas de premios en funci\u00f3n de la edad de los participantes y dos modalidades seg\u00fan la lengua en la que las obras sean presentadas al concurso, que ser\u00e1 cualquiera de las dos lenguas oficiales de la Comunidad Aut\u00f3noma de las Islas Baleares.<\/p>\n<strong>CATEGOR\u00cdA A:<\/strong> Participantes a partir de 18 a\u00f1os.<br \/>\nPremios: 1\u00ba (400 \u20ac) y 2\u00ba (200 \u20ac), a los mejores poemas escritos en catal\u00e1n y en castellano.\n\n<strong>Categor\u00eda B1:<\/strong> Participantes de hasta 12 a\u00f1os.<br \/>\nPremios: 1\u00ba (110 \u20ac) y 2\u00ba (90 \u20ac) en vales para material de lectura, a los mejores poemas escritos en catal\u00e1n y en castellano.<br \/>\n<strong>Categor\u00eda B2:<\/strong> Participantes de 13 a 17 a\u00f1os.<br \/>\nPremios: 1\u00ba (150 \u20ac) y 2\u00ba (130 \u20ac), a los mejores poemas escritos en catal\u00e1n y en castellano.\n<p>El jurado estar\u00e1 formado por poetas de las Pitiusas.<\/p>\n<p>La participaci\u00f3n est\u00e1 limitada a los residentes de las islas Pitiusas. Cada participante podr\u00e1 presentar al concurso un m\u00e1ximo de dos poemas y s\u00f3lo se otorgar\u00e1 un premio por concursante. No se otorgar\u00e1 ning\u00fan premio a los ganadores de las \u00faltimas dos ediciones. Los poemas deben ser originales e in\u00e9ditos. Se presentar\u00e1n el original y dos copias. La extensi\u00f3n de los poemas ser\u00e1 libre, as\u00ed como su tem\u00e1tica.<\/p>\n<strong>Presentaci\u00f3n de los poemas<\/strong><br \/>\nLos poemas se enviar\u00e1n por correo electr\u00f3nico a culturaipatrimoni@santaeularia.com. Se adjuntar\u00e1n dos archivos de Word o pdf, uno con el poema o poemas (sin datos personales, solo un seud\u00f3nimo) y el otro con los datos personales (nombre, DNI, direcci\u00f3n, fecha de nacimiento, tel\u00e9fono de contacto, correo electr\u00f3nico, t\u00edtulo del poema, seud\u00f3nimo y categor\u00eda en la que participa). Los colegios participantes pueden presentar todos los poemas juntos y adjuntar una lista del alumnado con nombre, seud\u00f3nimo, t\u00edtulo del poema y curso. Recibir\u00e1n un correo electr\u00f3nico como justificante de recepci\u00f3n.<br \/>\nEl jurado evaluar\u00e1 los trabajos de forma an\u00f3nima y anunciar\u00e1 su decisi\u00f3n el d\u00eda de entrega de premios. Los premios podr\u00e1n ser declarados desiertos y el jurado se reserva el derecho de aplicar el ex aequo. La decisi\u00f3n del jurado ser\u00e1 inapelable.<br \/>\nEl plazo de admisi\u00f3n de los originales se cerrar\u00e1 el d\u00eda 19 de marzo de 2020 a las 14.30 h. La entrega de premios se har\u00e1 el d\u00eda 21 de abril de 2020 a las 19 horas en el Teatro Espa\u00f1a de Santa Eul\u00e0ria.<br \/>\nEl Ayuntamiento de Santa Eul\u00e0ria des Riu se reserva el derecho de publicar los poemas premiados.<br \/>\nPresentarse al concurso implica la aceptaci\u00f3n de todos los puntos de las bases.<br \/>\nLa organizaci\u00f3n se reserva el derecho a introducir, si lo considera conveniente, las modificaciones necesarias para el buen funcionamiento del concurso.\n<p><strong>Informaci\u00f3n sobre protecci\u00f3n de datos:<\/strong> El responsable del tratamiento de los datos es el Ayuntamiento de Santa Eul\u00e0ria des Riu. La finalidad del tratamiento es su participaci\u00f3n en el Concurso Puig de Missa de Poes\u00eda 2021. La legitimaci\u00f3n para el tratamiento se basa en su consentimiento prestado por participar en el citado concurso. Los datos ser\u00e1n conservados durante los plazos previstos en las disposiciones legales aplicables y el tiempo necesario para atender las posibles responsabilidades nacidas del tratamiento. No se comunicar\u00e1n los datos a terceros, excepto obligaci\u00f3n legal. Tiene derecho a solicitar el acceso a sus datos personales, su rectificaci\u00f3n, supresi\u00f3n o portabilidad, la limitaci\u00f3n de su tratamiento ante la Secretar\u00eda de este Ayuntamiento situado en la plaza Espa\u00f1a, n\u00ba 1, 07840 Santa Eul\u00e0ria des Riu, u oponerse al tratamiento, as\u00ed como a presentar una reclamaci\u00f3n ante la autoridad de control.<\/p>\n\t\t\t<img decoding=\"async\" src=\"https:\/\/santaeulariaculturaijoventut.com\/wp-content\/uploads\/2021\/02\/thumb-do-not-disturb.jpg\" title=\"thumb-do-not-disturb\" alt=\"\" \/>\t\t\t\t\t\t\t\n\t\t\t\t\tPlay Video\n\t\t\t<img decoding=\"async\" src=\"https:\/\/santaeulariaculturaijoventut.com\/wp-content\/uploads\/2021\/02\/thumb-somins.jpg\" title=\"thumb-somins\" alt=\"\" \/>\t\t\t\t\t\t\t\n\t\t\t\t\tPlay Video\n\t<div class=\"fl-builder-content fl-builder-content-1624 fl-builder-template fl-builder-module-template fl-builder-global-templates-locked\" data-post-id=\"1624\"><div class=\"fl-module fl-module-pp-image fl-node-6023d0ae2ed44\" data-node=\"6023d0ae2ed44\">\n\t<div class=\"fl-module-content fl-node-content\">\n\t\t<div class=\"pp-photo-container\">\n\t<div class=\"pp-photo pp-photo-align-center pp-photo-align-responsive-default\" itemscope itemtype=\"http:\/\/schema.org\/ImageObject\">\n\t\t<div class=\"pp-photo-content\">\n\t\t\t<div class=\"pp-photo-content-inner\">\n\t\t\t\t\t\t\t\t<a href=\"\/es\/fiestas-de-santa-eularia\/concurso-de-poesia\" target=\"_self\" itemprop=\"url\">\n\t\t\t\t\t\t\t\t\t<img loading=\"lazy\" decoding=\"async\" class=\"pp-photo-img wp-image-1453 size-full\" src=\"https:\/\/santaeulariaculturaijoventut.com\/wp-content\/uploads\/2021\/02\/BANNERS-WEB-DE-POESIA.jpg\" alt=\"BANNERS-WEB-DE-POESIA\" itemprop=\"image\" height=\"394\" width=\"700\" srcset=\"https:\/\/santaeulariaculturaijoventut.com\/wp-content\/uploads\/2021\/02\/BANNERS-WEB-DE-POESIA.jpg 700w, https:\/\/santaeulariaculturaijoventut.com\/wp-content\/uploads\/2021\/02\/BANNERS-WEB-DE-POESIA-300x169.jpg 300w\" sizes=\"(max-width: 700px) 100vw, 700px\" title=\"BANNERS-WEB-DE-POESIA\"  \/>\n\t\t\t\t\t<div class=\"pp-overlay-bg\"><\/div>\n\t\t\t\t\t\t\t\t\t\t\t\t\t<\/a>\n\t\t\t\t\t\t\t<\/div>\n\t\t\t\t\t<\/div>\n\t<\/div>\n<\/div>\n\t<\/div>\n<\/div>\n<\/div><div class=\"uabb-js-breakpoint\" style=\"display: none;\"><\/div>\n\t<div class=\"fl-builder-content fl-builder-content-1622 fl-builder-template fl-builder-module-template fl-builder-global-templates-locked\" data-post-id=\"1622\"><div class=\"fl-module fl-module-pp-image fl-node-6023d0be54886\" data-node=\"6023d0be54886\">\n\t<div class=\"fl-module-content fl-node-content\">\n\t\t<div class=\"pp-photo-container\">\n\t<div class=\"pp-photo pp-photo-align-center pp-photo-align-responsive-default\" itemscope itemtype=\"http:\/\/schema.org\/ImageObject\">\n\t\t<div class=\"pp-photo-content\">\n\t\t\t<div class=\"pp-photo-content-inner\">\n\t\t\t\t\t\t\t\t<a href=\"\/es\/fiestas-de-santa-eularia\/concurso-de-fotografia\" target=\"_self\" itemprop=\"url\">\n\t\t\t\t\t\t\t\t\t<img loading=\"lazy\" decoding=\"async\" class=\"pp-photo-img wp-image-1457 size-full\" src=\"https:\/\/santaeulariaculturaijoventut.com\/wp-content\/uploads\/2021\/02\/BANNERS-WEB-DE-fotografia.jpg\" alt=\"BANNERS-WEB-DE-fotografia\" itemprop=\"image\" height=\"394\" width=\"700\" srcset=\"https:\/\/santaeulariaculturaijoventut.com\/wp-content\/uploads\/2021\/02\/BANNERS-WEB-DE-fotografia.jpg 700w, https:\/\/santaeulariaculturaijoventut.com\/wp-content\/uploads\/2021\/02\/BANNERS-WEB-DE-fotografia-300x169.jpg 300w\" sizes=\"(max-width: 700px) 100vw, 700px\" title=\"BANNERS-WEB-DE-fotografia\"  \/>\n\t\t\t\t\t<div class=\"pp-overlay-bg\"><\/div>\n\t\t\t\t\t\t\t\t\t\t\t\t\t<\/a>\n\t\t\t\t\t\t\t<\/div>\n\t\t\t\t\t<\/div>\n\t<\/div>\n<\/div>\n\t<\/div>\n<\/div>\n<\/div><div class=\"uabb-js-breakpoint\" style=\"display: none;\"><\/div>\n\n","protected":false},"excerpt":{"rendered":"<p>Bases XXIV concurso Puig de Missa de poes\u00eda 2021 Se establecen dos categor\u00edas de premios en funci\u00f3n de la edad de los participantes y dos modalidades seg\u00fan la lengua en la que las obras sean presentadas al concurso, que ser\u00e1 cualquiera de las dos lenguas oficiales de la Comunidad Aut\u00f3noma de las Islas Baleares. CATEGOR\u00cdA&hellip;<\/p>\n","protected":false},"author":1,"featured_media":0,"parent":1560,"menu_order":10,"comment_status":"closed","ping_status":"closed","template":"","meta":{"footnotes":""},"categories":[85],"tags":[],"folder":[33],"yoast_head":"<!-- This site is optimized with the Yoast SEO plugin v23.9 - https:\/\/yoast.com\/wordpress\/plugins\/seo\/ -->\n<title>Concurso de poes\u00eda - Cultura i Joventut, Santa Eul\u00e0ria des Riu<\/title>\n<meta name=\"robots\" content=\"index, follow, max-snippet:-1, max-image-preview:large, max-video-preview:-1\" \/>\n<link rel=\"canonical\" href=\"https:\/\/santaeulariaculturaijoventut.com\/es\/fiestas-de-santa-eularia\/concurso-de-poesia\/\" \/>\n<meta property=\"og:locale\" content=\"es_ES\" \/>\n<meta property=\"og:type\" content=\"article\" \/>\n<meta property=\"og:title\" content=\"Concurso de poes\u00eda - Cultura i Joventut, Santa Eul\u00e0ria des Riu\" \/>\n<meta property=\"og:description\" content=\"Bases XXIV concurso Puig de Missa de poes\u00eda 2021 Se establecen dos categor\u00edas de premios en funci\u00f3n de la edad de los participantes y dos modalidades seg\u00fan la lengua en la que las obras sean presentadas al concurso, que ser\u00e1 cualquiera de las dos lenguas oficiales de la Comunidad Aut\u00f3noma de las Islas Baleares. CATEGOR\u00cdA&hellip;\" \/>\n<meta property=\"og:url\" content=\"https:\/\/santaeulariaculturaijoventut.com\/es\/fiestas-de-santa-eularia\/concurso-de-poesia\/\" \/>\n<meta property=\"og:site_name\" content=\"Cultura i Joventut, Santa Eul\u00e0ria des Riu\" \/>\n<meta property=\"article:modified_time\" content=\"2021-11-16T07:20:41+00:00\" \/>\n<meta property=\"og:image\" content=\"https:\/\/santaeulariaculturaijoventut.com\/wp-content\/uploads\/2021\/02\/thumb-do-not-disturb.jpg\" \/>\n<meta name=\"twitter:card\" content=\"summary_large_image\" \/>\n<meta name=\"twitter:label1\" content=\"Tiempo de lectura\" \/>\n\t<meta name=\"twitter:data1\" content=\"3 minutos\" \/>\n<script type=\"application\/ld+json\" class=\"yoast-schema-graph\">{\"@context\":\"https:\/\/schema.org\",\"@graph\":[{\"@type\":\"WebPage\",\"@id\":\"https:\/\/santaeulariaculturaijoventut.com\/es\/fiestas-de-santa-eularia\/concurso-de-poesia\/\",\"url\":\"https:\/\/santaeulariaculturaijoventut.com\/es\/fiestas-de-santa-eularia\/concurso-de-poesia\/\",\"name\":\"Concurso de poes\u00eda - Cultura i Joventut, Santa Eul\u00e0ria des Riu\",\"isPartOf\":{\"@id\":\"https:\/\/santaeulariaculturaijoventut.com\/ca\/#website\"},\"primaryImageOfPage\":{\"@id\":\"https:\/\/santaeulariaculturaijoventut.com\/es\/fiestas-de-santa-eularia\/concurso-de-poesia\/#primaryimage\"},\"image\":{\"@id\":\"https:\/\/santaeulariaculturaijoventut.com\/es\/fiestas-de-santa-eularia\/concurso-de-poesia\/#primaryimage\"},\"thumbnailUrl\":\"https:\/\/santaeulariaculturaijoventut.com\/wp-content\/uploads\/2021\/02\/thumb-do-not-disturb.jpg\",\"datePublished\":\"2021-02-09T11:15:51+00:00\",\"dateModified\":\"2021-11-16T07:20:41+00:00\",\"breadcrumb\":{\"@id\":\"https:\/\/santaeulariaculturaijoventut.com\/es\/fiestas-de-santa-eularia\/concurso-de-poesia\/#breadcrumb\"},\"inLanguage\":\"es\",\"potentialAction\":[{\"@type\":\"ReadAction\",\"target\":[\"https:\/\/santaeulariaculturaijoventut.com\/es\/fiestas-de-santa-eularia\/concurso-de-poesia\/\"]}]},{\"@type\":\"ImageObject\",\"inLanguage\":\"es\",\"@id\":\"https:\/\/santaeulariaculturaijoventut.com\/es\/fiestas-de-santa-eularia\/concurso-de-poesia\/#primaryimage\",\"url\":\"https:\/\/santaeulariaculturaijoventut.com\/wp-content\/uploads\/2021\/02\/thumb-do-not-disturb.jpg\",\"contentUrl\":\"https:\/\/santaeulariaculturaijoventut.com\/wp-content\/uploads\/2021\/02\/thumb-do-not-disturb.jpg\"},{\"@type\":\"BreadcrumbList\",\"@id\":\"https:\/\/santaeulariaculturaijoventut.com\/es\/fiestas-de-santa-eularia\/concurso-de-poesia\/#breadcrumb\",\"itemListElement\":[{\"@type\":\"ListItem\",\"position\":1,\"name\":\"Inici\",\"item\":\"https:\/\/santaeulariaculturaijoventut.com\/es\/escoles-estiu\/informacio-escoles-destiu\/\"},{\"@type\":\"ListItem\",\"position\":2,\"name\":\"Fiestas de Santa Eul\u00e0ria\",\"item\":\"https:\/\/santaeulariaculturaijoventut.com\/es\/fiestas-de-santa-eularia\/\"},{\"@type\":\"ListItem\",\"position\":3,\"name\":\"Concurso de poes\u00eda\"}]},{\"@type\":\"WebSite\",\"@id\":\"https:\/\/santaeulariaculturaijoventut.com\/ca\/#website\",\"url\":\"https:\/\/santaeulariaculturaijoventut.com\/ca\/\",\"name\":\"Cultura i Joventut, Santa Eul\u00e0ria des Riu\",\"description\":\"Cultura i Joventut, Santa Eul\u00e0ria des Riu\",\"potentialAction\":[{\"@type\":\"SearchAction\",\"target\":{\"@type\":\"EntryPoint\",\"urlTemplate\":\"https:\/\/santaeulariaculturaijoventut.com\/ca\/?s={search_term_string}\"},\"query-input\":{\"@type\":\"PropertyValueSpecification\",\"valueRequired\":true,\"valueName\":\"search_term_string\"}}],\"inLanguage\":\"es\"}]}<\/script>\n<!-- \/ Yoast SEO plugin. -->","yoast_head_json":{"title":"Concurso de poes\u00eda - Cultura i Joventut, Santa Eul\u00e0ria des Riu","robots":{"index":"index","follow":"follow","max-snippet":"max-snippet:-1","max-image-preview":"max-image-preview:large","max-video-preview":"max-video-preview:-1"},"canonical":"https:\/\/santaeulariaculturaijoventut.com\/es\/fiestas-de-santa-eularia\/concurso-de-poesia\/","og_locale":"es_ES","og_type":"article","og_title":"Concurso de poes\u00eda - Cultura i Joventut, Santa Eul\u00e0ria des Riu","og_description":"Bases XXIV concurso Puig de Missa de poes\u00eda 2021 Se establecen dos categor\u00edas de premios en funci\u00f3n de la edad de los participantes y dos modalidades seg\u00fan la lengua en la que las obras sean presentadas al concurso, que ser\u00e1 cualquiera de las dos lenguas oficiales de la Comunidad Aut\u00f3noma de las Islas Baleares. CATEGOR\u00cdA&hellip;","og_url":"https:\/\/santaeulariaculturaijoventut.com\/es\/fiestas-de-santa-eularia\/concurso-de-poesia\/","og_site_name":"Cultura i Joventut, Santa Eul\u00e0ria des Riu","article_modified_time":"2021-11-16T07:20:41+00:00","og_image":[{"url":"https:\/\/santaeulariaculturaijoventut.com\/wp-content\/uploads\/2021\/02\/thumb-do-not-disturb.jpg"}],"twitter_card":"summary_large_image","twitter_misc":{"Tiempo de lectura":"3 minutos"},"schema":{"@context":"https:\/\/schema.org","@graph":[{"@type":"WebPage","@id":"https:\/\/santaeulariaculturaijoventut.com\/es\/fiestas-de-santa-eularia\/concurso-de-poesia\/","url":"https:\/\/santaeulariaculturaijoventut.com\/es\/fiestas-de-santa-eularia\/concurso-de-poesia\/","name":"Concurso de poes\u00eda - Cultura i Joventut, Santa Eul\u00e0ria des Riu","isPartOf":{"@id":"https:\/\/santaeulariaculturaijoventut.com\/ca\/#website"},"primaryImageOfPage":{"@id":"https:\/\/santaeulariaculturaijoventut.com\/es\/fiestas-de-santa-eularia\/concurso-de-poesia\/#primaryimage"},"image":{"@id":"https:\/\/santaeulariaculturaijoventut.com\/es\/fiestas-de-santa-eularia\/concurso-de-poesia\/#primaryimage"},"thumbnailUrl":"https:\/\/santaeulariaculturaijoventut.com\/wp-content\/uploads\/2021\/02\/thumb-do-not-disturb.jpg","datePublished":"2021-02-09T11:15:51+00:00","dateModified":"2021-11-16T07:20:41+00:00","breadcrumb":{"@id":"https:\/\/santaeulariaculturaijoventut.com\/es\/fiestas-de-santa-eularia\/concurso-de-poesia\/#breadcrumb"},"inLanguage":"es","potentialAction":[{"@type":"ReadAction","target":["https:\/\/santaeulariaculturaijoventut.com\/es\/fiestas-de-santa-eularia\/concurso-de-poesia\/"]}]},{"@type":"ImageObject","inLanguage":"es","@id":"https:\/\/santaeulariaculturaijoventut.com\/es\/fiestas-de-santa-eularia\/concurso-de-poesia\/#primaryimage","url":"https:\/\/santaeulariaculturaijoventut.com\/wp-content\/uploads\/2021\/02\/thumb-do-not-disturb.jpg","contentUrl":"https:\/\/santaeulariaculturaijoventut.com\/wp-content\/uploads\/2021\/02\/thumb-do-not-disturb.jpg"},{"@type":"BreadcrumbList","@id":"https:\/\/santaeulariaculturaijoventut.com\/es\/fiestas-de-santa-eularia\/concurso-de-poesia\/#breadcrumb","itemListElement":[{"@type":"ListItem","position":1,"name":"Inici","item":"https:\/\/santaeulariaculturaijoventut.com\/es\/escoles-estiu\/informacio-escoles-destiu\/"},{"@type":"ListItem","position":2,"name":"Fiestas de Santa Eul\u00e0ria","item":"https:\/\/santaeulariaculturaijoventut.com\/es\/fiestas-de-santa-eularia\/"},{"@type":"ListItem","position":3,"name":"Concurso de poes\u00eda"}]},{"@type":"WebSite","@id":"https:\/\/santaeulariaculturaijoventut.com\/ca\/#website","url":"https:\/\/santaeulariaculturaijoventut.com\/ca\/","name":"Cultura i Joventut, Santa Eul\u00e0ria des Riu","description":"Cultura i Joventut, Santa Eul\u00e0ria des Riu","potentialAction":[{"@type":"SearchAction","target":{"@type":"EntryPoint","urlTemplate":"https:\/\/santaeulariaculturaijoventut.com\/ca\/?s={search_term_string}"},"query-input":{"@type":"PropertyValueSpecification","valueRequired":true,"valueName":"search_term_string"}}],"inLanguage":"es"}]}},"_links":{"self":[{"href":"https:\/\/santaeulariaculturaijoventut.com\/es\/wp-json\/wp\/v2\/pages\/1570"}],"collection":[{"href":"https:\/\/santaeulariaculturaijoventut.com\/es\/wp-json\/wp\/v2\/pages"}],"about":[{"href":"https:\/\/santaeulariaculturaijoventut.com\/es\/wp-json\/wp\/v2\/types\/page"}],"author":[{"embeddable":true,"href":"https:\/\/santaeulariaculturaijoventut.com\/es\/wp-json\/wp\/v2\/users\/1"}],"replies":[{"embeddable":true,"href":"https:\/\/santaeulariaculturaijoventut.com\/es\/wp-json\/wp\/v2\/comments?post=1570"}],"version-history":[{"count":1,"href":"https:\/\/santaeulariaculturaijoventut.com\/es\/wp-json\/wp\/v2\/pages\/1570\/revisions"}],"predecessor-version":[{"id":4449,"href":"https:\/\/santaeulariaculturaijoventut.com\/es\/wp-json\/wp\/v2\/pages\/1570\/revisions\/4449"}],"up":[{"embeddable":true,"href":"https:\/\/santaeulariaculturaijoventut.com\/es\/wp-json\/wp\/v2\/pages\/1560"}],"wp:attachment":[{"href":"https:\/\/santaeulariaculturaijoventut.com\/es\/wp-json\/wp\/v2\/media?parent=1570"}],"wp:term":[{"taxonomy":"category","embeddable":true,"href":"https:\/\/santaeulariaculturaijoventut.com\/es\/wp-json\/wp\/v2\/categories?post=1570"},{"taxonomy":"post_tag","embeddable":true,"href":"https:\/\/santaeulariaculturaijoventut.com\/es\/wp-json\/wp\/v2\/tags?post=1570"},{"taxonomy":"folder","embeddable":true,"href":"https:\/\/santaeulariaculturaijoventut.com\/es\/wp-json\/wp\/v2\/folder?post=1570"}],"curies":[{"name":"wp","href":"https:\/\/api.w.org\/{rel}","templated":true}]}}