{"id":1560,"date":"2021-02-09T11:49:22","date_gmt":"2021-02-09T10:49:22","guid":{"rendered":"https:\/\/santaeulariaculturaijoventut.com\/fiestas-de-santa-eularia\/"},"modified":"2021-11-16T08:20:31","modified_gmt":"2021-11-16T07:20:31","slug":"fiestas-de-santa-eularia","status":"publish","type":"page","link":"https:\/\/santaeulariaculturaijoventut.com\/es\/fiestas-de-santa-eularia\/","title":{"rendered":"Fiestas de Santa Eul\u00e0ria"},"content":{"rendered":"\n<h4>\n\t\tPrograma completo de Fiestas de Santa Eul\u00e0ria 2021\n\t<\/h4>\n\t<a href=\"\/es\/fiestas-de-santa-eularia\/concurso-de-fotografia\"><strong>Concurso de Fotograf\u00eda Fiestas de Santa Eul\u00e0ria 2021<\/strong><\/a><br \/>\n<a href=\"\/es\/fiestas-de-santa-eularia\/concurso-de-poesia\"><strong>Concurso Puig de Missa de Poes\u00eda<\/strong><\/a><br \/>\n<a href=\"\/es\/fiestas-de-santa-eularia\/muestra-fotografica-escolar-de-carnaval\"><strong>Muestra Fotogr\u00e1fica Escolar de Carnaval<\/strong><\/a>\n<strong>DEL 8 AL 12 DE FEBRERO<\/strong><br \/>\nTalleres infantiles y juveniles en las redes sociales de Juventud (Facebook: Joventut Santa Eul\u00e0ria \/ Instagram: joventutsantaeularia).\n<strong>12 DE FEBRERO<\/strong><br \/>\nExposici\u00f3n de autorretratos del programa CUIDINFANTS (Actividad 5 \u00abAutorretratos de ni\u00f1os\/as y j\u00f3venes del municipio de Santa Eul\u00e0ria des Riu).<br \/>\nPublicaci\u00f3n de ganadores\/as de los concursos de dibujo y microrrelatos del programa CUIDINFANTS (Actividad 2 \u00abCuentacuentos por el D\u00eda Internacional de la Eliminaci\u00f3n de la Violencia contra la Mujer\u00bb).<br \/>\n<strong>12 h<\/strong> Misa solemne en el Puig de Missa. Aforo limitado y con las medidas sanitarias en vigor en el momento de la celebraci\u00f3n.<br \/>\n<strong>13 h<\/strong> Teatro en l\u00ednea. Video del espect\u00e1culo Do not disturb de Vaiv\u00e9n Circo. Circo. Todos los p\u00fablicos. 55 minutos. Disponible hasta el 14 de febrero. Grabado el 14 de marzo de 2014 en el Palacio de Congresos.<br \/>\n<strong>18 h<\/strong> Teatro en l\u00ednea. Video del espect\u00e1culo Somnis de sorra de la compa\u00f1\u00eda Borjaytuquepintas. Arte con arena, t\u00edteres y m\u00fasica en directo. Todos los p\u00fablicos. 50 minutos. Disponible hasta el 14 de febrero. Grabado el 21 de septiembre de 2014 en el Palacio de Congresos.\n<strong>A PARTIR DEL 16 DE FEBRERO<\/strong><br \/>\nExposici\u00f3n de la Muestra Fotogr\u00e1fica Escolar de Carnaval \u00abEl m\u00f3n darrere un antifa\u00e7\u00bb.\n<strong>A PARTIR DEL 19 DE FEBRERO<\/strong><br \/>\nExposici\u00f3n del Concurso de Fotograf\u00eda Fiestas de Santa Eul\u00e0ria 2021.\n\t\t\t<img decoding=\"async\" src=\"https:\/\/santaeulariaculturaijoventut.com\/wp-content\/uploads\/2021\/02\/thumb-do-not-disturb.jpg\" title=\"thumb-do-not-disturb\" alt=\"\" \/>\t\t\t\t\t\t\t\n\t\t\t\t\tPlay Video\n\t\t\t<img decoding=\"async\" src=\"https:\/\/santaeulariaculturaijoventut.com\/wp-content\/uploads\/2021\/02\/thumb-somins.jpg\" title=\"thumb-somins\" alt=\"\" \/>\t\t\t\t\t\t\t\n\t\t\t\t\tPlay Video\n\t\t\t\t\t\t\t\t\t<a href=\"\/es\/fiestas-de-santa-eularia\/concurso-de-poesia\" target=\"_self\" itemprop=\"url\" rel=\"noopener\">\n\t\t\t\t\t\t\t\t\t\t<img decoding=\"async\" src=\"https:\/\/santaeulariaculturaijoventut.com\/wp-content\/uploads\/2021\/02\/BANNERS-WEB-DE-POESIA.jpg\" alt=\"BANNERS-WEB-DE-POESIA\" itemprop=\"image\"  \/>\n\t\t\t\t\t\t\t\t\t\t\t\t\t\t\t<\/a>\n\t\t\t\t\t\t\t\t\t<a href=\"\/es\/fiestas-de-santa-eularia\/concurso-de-fotografia\" target=\"_self\" itemprop=\"url\" rel=\"noopener\">\n\t\t\t\t\t\t\t\t\t\t<img decoding=\"async\" src=\"https:\/\/santaeulariaculturaijoventut.com\/wp-content\/uploads\/2021\/02\/BANNERS-WEB-DE-fotografia.jpg\" alt=\"BANNERS-WEB-DE-fotografia\" itemprop=\"image\"  \/>\n\t\t\t\t\t\t\t\t\t\t\t\t\t\t\t<\/a>\n\n","protected":false},"excerpt":{"rendered":"<p>Programa completo de Fiestas de Santa Eul\u00e0ria 2021 Concurso de Fotograf\u00eda Fiestas de Santa Eul\u00e0ria 2021 Concurso Puig de Missa de Poes\u00eda Muestra Fotogr\u00e1fica Escolar de Carnaval DEL 8 AL 12 DE FEBRERO Talleres infantiles y juveniles en las redes sociales de Juventud (Facebook: Joventut Santa Eul\u00e0ria \/ Instagram: joventutsantaeularia). 12 DE FEBRERO Exposici\u00f3n de&hellip;<\/p>\n","protected":false},"author":1,"featured_media":0,"parent":0,"menu_order":10,"comment_status":"closed","ping_status":"closed","template":"","meta":{"footnotes":""},"categories":[85],"tags":[],"folder":[33],"yoast_head":"<!-- This site is optimized with the Yoast SEO plugin v23.9 - https:\/\/yoast.com\/wordpress\/plugins\/seo\/ -->\n<title>Fiestas de Santa Eul\u00e0ria - Cultura i Joventut, Santa Eul\u00e0ria des Riu<\/title>\n<meta name=\"robots\" content=\"index, follow, max-snippet:-1, max-image-preview:large, max-video-preview:-1\" \/>\n<link rel=\"canonical\" href=\"https:\/\/santaeulariaculturaijoventut.com\/es\/fiestas-de-santa-eularia\/\" \/>\n<meta property=\"og:locale\" content=\"es_ES\" \/>\n<meta property=\"og:type\" content=\"article\" \/>\n<meta property=\"og:title\" content=\"Fiestas de Santa Eul\u00e0ria - Cultura i Joventut, Santa Eul\u00e0ria des Riu\" \/>\n<meta property=\"og:description\" content=\"Programa completo de Fiestas de Santa Eul\u00e0ria 2021 Concurso de Fotograf\u00eda Fiestas de Santa Eul\u00e0ria 2021 Concurso Puig de Missa de Poes\u00eda Muestra Fotogr\u00e1fica Escolar de Carnaval DEL 8 AL 12 DE FEBRERO Talleres infantiles y juveniles en las redes sociales de Juventud (Facebook: Joventut Santa Eul\u00e0ria \/ Instagram: joventutsantaeularia). 12 DE FEBRERO Exposici\u00f3n de&hellip;\" \/>\n<meta property=\"og:url\" content=\"https:\/\/santaeulariaculturaijoventut.com\/es\/fiestas-de-santa-eularia\/\" \/>\n<meta property=\"og:site_name\" content=\"Cultura i Joventut, Santa Eul\u00e0ria des Riu\" \/>\n<meta property=\"article:modified_time\" content=\"2021-11-16T07:20:31+00:00\" \/>\n<meta property=\"og:image\" content=\"https:\/\/santaeulariaculturaijoventut.com\/wp-content\/uploads\/2021\/02\/thumb-do-not-disturb.jpg\" \/>\n<meta name=\"twitter:card\" content=\"summary_large_image\" \/>\n<meta name=\"twitter:label1\" content=\"Tiempo de lectura\" \/>\n\t<meta name=\"twitter:data1\" content=\"1 minuto\" \/>\n<script type=\"application\/ld+json\" class=\"yoast-schema-graph\">{\"@context\":\"https:\/\/schema.org\",\"@graph\":[{\"@type\":\"WebPage\",\"@id\":\"https:\/\/santaeulariaculturaijoventut.com\/es\/fiestas-de-santa-eularia\/\",\"url\":\"https:\/\/santaeulariaculturaijoventut.com\/es\/fiestas-de-santa-eularia\/\",\"name\":\"Fiestas de Santa Eul\u00e0ria - Cultura i Joventut, Santa Eul\u00e0ria des Riu\",\"isPartOf\":{\"@id\":\"https:\/\/santaeulariaculturaijoventut.com\/ca\/#website\"},\"primaryImageOfPage\":{\"@id\":\"https:\/\/santaeulariaculturaijoventut.com\/es\/fiestas-de-santa-eularia\/#primaryimage\"},\"image\":{\"@id\":\"https:\/\/santaeulariaculturaijoventut.com\/es\/fiestas-de-santa-eularia\/#primaryimage\"},\"thumbnailUrl\":\"https:\/\/santaeulariaculturaijoventut.com\/wp-content\/uploads\/2021\/02\/thumb-do-not-disturb.jpg\",\"datePublished\":\"2021-02-09T10:49:22+00:00\",\"dateModified\":\"2021-11-16T07:20:31+00:00\",\"breadcrumb\":{\"@id\":\"https:\/\/santaeulariaculturaijoventut.com\/es\/fiestas-de-santa-eularia\/#breadcrumb\"},\"inLanguage\":\"es\",\"potentialAction\":[{\"@type\":\"ReadAction\",\"target\":[\"https:\/\/santaeulariaculturaijoventut.com\/es\/fiestas-de-santa-eularia\/\"]}]},{\"@type\":\"ImageObject\",\"inLanguage\":\"es\",\"@id\":\"https:\/\/santaeulariaculturaijoventut.com\/es\/fiestas-de-santa-eularia\/#primaryimage\",\"url\":\"https:\/\/santaeulariaculturaijoventut.com\/wp-content\/uploads\/2021\/02\/thumb-do-not-disturb.jpg\",\"contentUrl\":\"https:\/\/santaeulariaculturaijoventut.com\/wp-content\/uploads\/2021\/02\/thumb-do-not-disturb.jpg\"},{\"@type\":\"BreadcrumbList\",\"@id\":\"https:\/\/santaeulariaculturaijoventut.com\/es\/fiestas-de-santa-eularia\/#breadcrumb\",\"itemListElement\":[{\"@type\":\"ListItem\",\"position\":1,\"name\":\"Inici\",\"item\":\"https:\/\/santaeulariaculturaijoventut.com\/es\/escoles-estiu\/informacio-escoles-destiu\/\"},{\"@type\":\"ListItem\",\"position\":2,\"name\":\"Fiestas de Santa Eul\u00e0ria\"}]},{\"@type\":\"WebSite\",\"@id\":\"https:\/\/santaeulariaculturaijoventut.com\/ca\/#website\",\"url\":\"https:\/\/santaeulariaculturaijoventut.com\/ca\/\",\"name\":\"Cultura i Joventut, Santa Eul\u00e0ria des Riu\",\"description\":\"Cultura i Joventut, Santa Eul\u00e0ria des Riu\",\"potentialAction\":[{\"@type\":\"SearchAction\",\"target\":{\"@type\":\"EntryPoint\",\"urlTemplate\":\"https:\/\/santaeulariaculturaijoventut.com\/ca\/?s={search_term_string}\"},\"query-input\":{\"@type\":\"PropertyValueSpecification\",\"valueRequired\":true,\"valueName\":\"search_term_string\"}}],\"inLanguage\":\"es\"}]}<\/script>\n<!-- \/ Yoast SEO plugin. -->","yoast_head_json":{"title":"Fiestas de Santa Eul\u00e0ria - Cultura i Joventut, Santa Eul\u00e0ria des Riu","robots":{"index":"index","follow":"follow","max-snippet":"max-snippet:-1","max-image-preview":"max-image-preview:large","max-video-preview":"max-video-preview:-1"},"canonical":"https:\/\/santaeulariaculturaijoventut.com\/es\/fiestas-de-santa-eularia\/","og_locale":"es_ES","og_type":"article","og_title":"Fiestas de Santa Eul\u00e0ria - Cultura i Joventut, Santa Eul\u00e0ria des Riu","og_description":"Programa completo de Fiestas de Santa Eul\u00e0ria 2021 Concurso de Fotograf\u00eda Fiestas de Santa Eul\u00e0ria 2021 Concurso Puig de Missa de Poes\u00eda Muestra Fotogr\u00e1fica Escolar de Carnaval DEL 8 AL 12 DE FEBRERO Talleres infantiles y juveniles en las redes sociales de Juventud (Facebook: Joventut Santa Eul\u00e0ria \/ Instagram: joventutsantaeularia). 12 DE FEBRERO Exposici\u00f3n de&hellip;","og_url":"https:\/\/santaeulariaculturaijoventut.com\/es\/fiestas-de-santa-eularia\/","og_site_name":"Cultura i Joventut, Santa Eul\u00e0ria des Riu","article_modified_time":"2021-11-16T07:20:31+00:00","og_image":[{"url":"https:\/\/santaeulariaculturaijoventut.com\/wp-content\/uploads\/2021\/02\/thumb-do-not-disturb.jpg"}],"twitter_card":"summary_large_image","twitter_misc":{"Tiempo de lectura":"1 minuto"},"schema":{"@context":"https:\/\/schema.org","@graph":[{"@type":"WebPage","@id":"https:\/\/santaeulariaculturaijoventut.com\/es\/fiestas-de-santa-eularia\/","url":"https:\/\/santaeulariaculturaijoventut.com\/es\/fiestas-de-santa-eularia\/","name":"Fiestas de Santa Eul\u00e0ria - Cultura i Joventut, Santa Eul\u00e0ria des Riu","isPartOf":{"@id":"https:\/\/santaeulariaculturaijoventut.com\/ca\/#website"},"primaryImageOfPage":{"@id":"https:\/\/santaeulariaculturaijoventut.com\/es\/fiestas-de-santa-eularia\/#primaryimage"},"image":{"@id":"https:\/\/santaeulariaculturaijoventut.com\/es\/fiestas-de-santa-eularia\/#primaryimage"},"thumbnailUrl":"https:\/\/santaeulariaculturaijoventut.com\/wp-content\/uploads\/2021\/02\/thumb-do-not-disturb.jpg","datePublished":"2021-02-09T10:49:22+00:00","dateModified":"2021-11-16T07:20:31+00:00","breadcrumb":{"@id":"https:\/\/santaeulariaculturaijoventut.com\/es\/fiestas-de-santa-eularia\/#breadcrumb"},"inLanguage":"es","potentialAction":[{"@type":"ReadAction","target":["https:\/\/santaeulariaculturaijoventut.com\/es\/fiestas-de-santa-eularia\/"]}]},{"@type":"ImageObject","inLanguage":"es","@id":"https:\/\/santaeulariaculturaijoventut.com\/es\/fiestas-de-santa-eularia\/#primaryimage","url":"https:\/\/santaeulariaculturaijoventut.com\/wp-content\/uploads\/2021\/02\/thumb-do-not-disturb.jpg","contentUrl":"https:\/\/santaeulariaculturaijoventut.com\/wp-content\/uploads\/2021\/02\/thumb-do-not-disturb.jpg"},{"@type":"BreadcrumbList","@id":"https:\/\/santaeulariaculturaijoventut.com\/es\/fiestas-de-santa-eularia\/#breadcrumb","itemListElement":[{"@type":"ListItem","position":1,"name":"Inici","item":"https:\/\/santaeulariaculturaijoventut.com\/es\/escoles-estiu\/informacio-escoles-destiu\/"},{"@type":"ListItem","position":2,"name":"Fiestas de Santa Eul\u00e0ria"}]},{"@type":"WebSite","@id":"https:\/\/santaeulariaculturaijoventut.com\/ca\/#website","url":"https:\/\/santaeulariaculturaijoventut.com\/ca\/","name":"Cultura i Joventut, Santa Eul\u00e0ria des Riu","description":"Cultura i Joventut, Santa Eul\u00e0ria des Riu","potentialAction":[{"@type":"SearchAction","target":{"@type":"EntryPoint","urlTemplate":"https:\/\/santaeulariaculturaijoventut.com\/ca\/?s={search_term_string}"},"query-input":{"@type":"PropertyValueSpecification","valueRequired":true,"valueName":"search_term_string"}}],"inLanguage":"es"}]}},"_links":{"self":[{"href":"https:\/\/santaeulariaculturaijoventut.com\/es\/wp-json\/wp\/v2\/pages\/1560"}],"collection":[{"href":"https:\/\/santaeulariaculturaijoventut.com\/es\/wp-json\/wp\/v2\/pages"}],"about":[{"href":"https:\/\/santaeulariaculturaijoventut.com\/es\/wp-json\/wp\/v2\/types\/page"}],"author":[{"embeddable":true,"href":"https:\/\/santaeulariaculturaijoventut.com\/es\/wp-json\/wp\/v2\/users\/1"}],"replies":[{"embeddable":true,"href":"https:\/\/santaeulariaculturaijoventut.com\/es\/wp-json\/wp\/v2\/comments?post=1560"}],"version-history":[{"count":1,"href":"https:\/\/santaeulariaculturaijoventut.com\/es\/wp-json\/wp\/v2\/pages\/1560\/revisions"}],"predecessor-version":[{"id":4447,"href":"https:\/\/santaeulariaculturaijoventut.com\/es\/wp-json\/wp\/v2\/pages\/1560\/revisions\/4447"}],"wp:attachment":[{"href":"https:\/\/santaeulariaculturaijoventut.com\/es\/wp-json\/wp\/v2\/media?parent=1560"}],"wp:term":[{"taxonomy":"category","embeddable":true,"href":"https:\/\/santaeulariaculturaijoventut.com\/es\/wp-json\/wp\/v2\/categories?post=1560"},{"taxonomy":"post_tag","embeddable":true,"href":"https:\/\/santaeulariaculturaijoventut.com\/es\/wp-json\/wp\/v2\/tags?post=1560"},{"taxonomy":"folder","embeddable":true,"href":"https:\/\/santaeulariaculturaijoventut.com\/es\/wp-json\/wp\/v2\/folder?post=1560"}],"curies":[{"name":"wp","href":"https:\/\/api.w.org\/{rel}","templated":true}]}}