{"id":1172,"date":"2020-12-04T16:17:42","date_gmt":"2020-12-04T15:17:42","guid":{"rendered":"https:\/\/santaeulariaculturaijoventut.com\/cuidinfants\/programa-completo\/actividad-4\/"},"modified":"2021-11-16T12:16:28","modified_gmt":"2021-11-16T11:16:28","slug":"actividad-4","status":"publish","type":"page","link":"https:\/\/santaeulariaculturaijoventut.com\/es\/cuidinfants\/programa-completo\/actividad-4\/","title":{"rendered":"Actividad 4"},"content":{"rendered":"\n<h4>\n\t\tActividad 4 &#8211; Showcooking\n\t<\/h4>\n<h4>\n\t\tBASES DEL CONCURSO DE COCINA MERIENDA NAVIDE\u00d1A SALUDABLE\n\t<\/h4>\n\tLa Concejal\u00eda de Juventud del Ayuntamiento de Santa Eul\u00e0ria des Riu convoca el Concurso de Cocina Merienda Navide\u00f1a Saludable del programa CUIDINFANTS.<br \/>\nEste concurso va dirigido a ni\u00f1os\/as y j\u00f3venes de 3 a 17 a\u00f1os residentes o escolarizados en alg\u00fan centro educativo del municipio de Santa Eul\u00e0ria des Riu.\n<strong>TEM\u00c1TICA, T\u00c9CNICA Y FORMATO<\/strong><br \/>\nPara la celebraci\u00f3n del D\u00eda Universal de la Infancia y con relaci\u00f3n a los derechos fundamentales de los ni\u00f1os, ni\u00f1as y adolescentes, se propone la realizaci\u00f3n de un v\u00eddeo en el que el ni\u00f1o\/a o joven presente una receta dulce o salada de una merienda saludable para las fiestas de Navidad con la finalidad de fomentar entre la infancia y la juventud los buenos h\u00e1bitos de alimentaci\u00f3n saludable.<br \/>\nEn el v\u00eddeo se tendr\u00e1 que explicar brevemente qu\u00e9 receta se ha elaborado, el proceso de elaboraci\u00f3n y los ingredientes utilizados. Las caracter\u00edsticas del v\u00eddeo ser\u00e1n las siguientes:\n<ul>\n<li>El v\u00eddeo tendr\u00e1 una duraci\u00f3n m\u00e1xima de 2 minutos.<\/li>\n<li>La grabaci\u00f3n del v\u00eddeo ser\u00e1 en formato horizontal.<\/li>\n<li>Se admitir\u00e1 la edici\u00f3n del v\u00eddeo con la utilizaci\u00f3n de diferentes t\u00e9cnicas.<\/li>\n<li>La receta tendr\u00e1 que ser de una merienda saludable dulce o salada contextualizada en las fiestas de Navidad.<\/li>\n<\/ul>\n<p>Los premios se conceder\u00e1n atendiendo a la explicaci\u00f3n de la receta, presentaci\u00f3n del plato, originalidad, car\u00e1cter saludable del plato elaborado y decoraci\u00f3n navide\u00f1a.<\/p>\n<strong>CATEGOR\u00cdAS Y PREMIOS<\/strong><br \/>\nSe establecen 4 categor\u00edas:\n<ul>\n<li>Categor\u00eda 1 &#8211; Ni\u00f1os\/as de 3 a 5 a\u00f1os.<\/li>\n<li>Categor\u00eda 2 &#8211; Ni\u00f1os\/as de 6 a 8 a\u00f1os.<\/li>\n<li>Categor\u00eda 3 &#8211; Ni\u00f1os\/as de 9 a 11 a\u00f1os.<\/li>\n<li>Categor\u00eda 4 &#8211; J\u00f3venes de 12 a 17 a\u00f1os.<\/li>\n<\/ul>\n<p>Premios a las categor\u00edas 1 y 2:<\/p>\n<ul>\n<li>1r &#8211; 100 \u20ac<\/li>\n<li>2n &#8211; 75 \u20ac<\/li>\n<li>3r &#8211; 50 \u20ac<\/li>\n<\/ul>\n<p>Premios a las categor\u00edas 3 y 4:<\/p>\n<ul>\n<li>1r &#8211; 150 \u20ac<\/li>\n<li>2n &#8211; 100 \u20ac<\/li>\n<li>3r &#8211; 75 \u20ac<\/li>\n<\/ul>\n<p>Estos premios de entregar\u00e1n en forma de vales canjeables en comercios del municipio de Santa Eul\u00e0ria des Riu.<\/p>\n<strong>PRESENTACI\u00d3N<\/strong><br \/>\nLos v\u00eddeos se deber\u00e1n enviar a <a href=\"mailto:puntjove@santaeularia.com\">puntjove@santaeularia.com<\/a> en archivo MP4. Es recomendable revisar el peso del archivo para garantizar el env\u00edo correctamente. Se enviar\u00e1 un correo electr\u00f3nico como justificante de recepci\u00f3n.<br \/>\nEn el cuerpo del mismo correo se deber\u00e1n indicar los siguientes datos personales de la persona participante:\n<ul>\n<li>Nombre y apellidos<\/li>\n<li>DNI\/NIE<\/li>\n<li>Edad<\/li>\n<li>Direcci\u00f3n<\/li>\n<li>Tel\u00e9fono<\/li>\n<li>Correo electr\u00f3nico<\/li>\n<li>Nombre de la receta<\/li>\n<li>Categor\u00eda en la que participa<\/li>\n<\/ul>\n<p>Documentaci\u00f3n a adjuntar:<\/p>\n<ul>\n<li>Autorizaci\u00f3n de uso de imagen de menores firmado por el padre, madre, tutor o tutora.<\/li>\n<li>Si no es residente del municipio de Santa Eul\u00e0ria des Riu deber\u00e1 presentar un certificado de escolarizaci\u00f3n de un centro escolar del municipio.<\/li>\n<\/ul>\nSe ruega conserven los originales.<br \/>\nEl plazo de presentaci\u00f3n terminar\u00e1 el d\u00eda 10 de enero de 2021.\n<strong>JURADO Y NORMATIVA<\/strong><br \/>\nEl jurado estar\u00e1 formado por cocineros y cocineras de las Islas Piti\u00fcsas. Su decisi\u00f3n ser\u00e1 inapelable y podr\u00e1 declararse desierto o compartido alguno de los premios. La valoraci\u00f3n de los trabajos por parte del jurado se har\u00e1 de forma an\u00f3nima. Su resoluci\u00f3n se anunciar\u00e1 a trav\u00e9s de la web <a href=\"http:\/\/www.santaeulariaculturaijoventut.com\">www.santaeulariaculturaijoventut.com<\/a> del Ayuntamiento de Santa Eul\u00e0ria des Riu y a trav\u00e9s de las redes sociales municipales (por ejemplo <a href=\"https:\/\/www.facebook.com\/joventutsantaeularia\">https:\/\/www.facebook.com\/joventutsantaeularia<\/a>), en el tabl\u00f3n de anuncios del Ayuntamiento y tambi\u00e9n directamente a las persones premiadas. Junto con la resoluci\u00f3n del jurado se indicar\u00e1 la forma de entrega de premios.\n<ul>\n<li>La decisi\u00f3n del jurado se har\u00e1 p\u00fablica la primera semana de febrero de 2021.<\/li>\n<li>Cada concursante podr\u00e1 presentar solo un v\u00eddeo.<\/li>\n<li>Los v\u00eddeos deber\u00e1n ser originales e in\u00e9ditos y no haber sido premiados anteriormente en ning\u00fan otro concurso.<\/li>\n<li>La participaci\u00f3n en este concurso implica la autorizaci\u00f3n al Ayuntamiento de Santa Eul\u00e0ria des Riu a publicar los v\u00eddeos presentados, a trav\u00e9s de soportes digitales, tanto durante el periodo de presentaci\u00f3n como despu\u00e9s del anuncio del veredicto del jurado.<\/li>\n<li>La participaci\u00f3n en este concurso implica la autorizaci\u00f3n al Ayuntamiento de Santa Eul\u00e0ria des Riu a revisar sus datos en el Padr\u00f3n.<\/li>\n<li>Los v\u00eddeos premiados no podr\u00e1n ser publicados en ning\u00fan otro medio ajeno al Ayuntamiento de Santa Eul\u00e0ria des Riu sin autorizaci\u00f3n expresa de este.<\/li>\n<li>El env\u00edo del v\u00eddeo, junto con los datos personales, implica la aceptaci\u00f3n de todos los puntos de las bases.<\/li>\n<li>Cualquier v\u00eddeo que no re\u00fana la totalidad de las condiciones indicadas en las bases ser\u00e1 autom\u00e1ticamente excluido del concurso.<\/li>\n<\/ul>\nLas personas interesadas pueden recibir informaci\u00f3n a trav\u00e9s del tel\u00e9fono 971339669.<br \/>\nLa participaci\u00f3n en este concurso implica la aceptaci\u00f3n de todas las bases. La organizaci\u00f3n se reserva el derecho a introducir, si lo considera conveniente, las modificaciones necesarias para el buen funcionamiento del concurso.\n<p><strong>Informaci\u00f3n sobre protecci\u00f3n de datos:<\/strong> El responsable del tratamiento de los datos es el Ayuntamiento de Santa Eul\u00e0ria des Riu. La finalidad del tratamiento es su participaci\u00f3n en el Concurso de Cocina Merienda Navide\u00f1a Saludable del programa CUIDINFANTS. La legitimaci\u00f3n para el tratamiento se basa en su consentimiento prestado para participar en el Concurso de Cocina Merienda Navide\u00f1a Saludable del programa CUIDINFANTS. Los datos ser\u00e1n conservados durante los plazos previstos en las disposiciones legales aplicables y el tiempo necesario para atender las posibles responsabilidades nacidas del tratamiento. No se comunicar\u00e1n los datos a terceros excepto obligaci\u00f3n legal. Tiene derecho a solicitar el acceso a sus datos personales, su rectificaci\u00f3n, supresi\u00f3n o portabilidad, la limitaci\u00f3n de su tratamiento ante la Secretar\u00eda de este Ayuntamiento situado en la plaza Espa\u00f1a n\u00ba 1, 07840 Santa Eul\u00e0ria des Riu, u oponerse al tratamiento, as\u00ed como a presentar una reclamaci\u00f3n ante la autoridad de control.<\/p>\n\t\t\t<img decoding=\"async\" src=\"https:\/\/santaeulariaculturaijoventut.com\/wp-content\/uploads\/2020\/12\/activitat4.jpg\" title=\"activitat4\" alt=\"\" \/>\t\t\t\t\t\t\t\n\t\t\t\t\tPlay Video\n<h3>\n\t\tActividad 4\n\t<\/h3>\n<h4>\n\t\tS\u00e1bado 12 de diciembre\n\t<\/h4>\n\n","protected":false},"excerpt":{"rendered":"<p>Actividad 4 &#8211; Showcooking BASES DEL CONCURSO DE COCINA MERIENDA NAVIDE\u00d1A SALUDABLE La Concejal\u00eda de Juventud del Ayuntamiento de Santa Eul\u00e0ria des Riu convoca el Concurso de Cocina Merienda Navide\u00f1a Saludable del programa CUIDINFANTS. Este concurso va dirigido a ni\u00f1os\/as y j\u00f3venes de 3 a 17 a\u00f1os residentes o escolarizados en alg\u00fan centro educativo del&hellip;<\/p>\n","protected":false},"author":1,"featured_media":0,"parent":956,"menu_order":40,"comment_status":"closed","ping_status":"closed","template":"","meta":{"footnotes":""},"categories":[75,76],"tags":[],"folder":[72],"yoast_head":"<!-- This site is optimized with the Yoast SEO plugin v23.9 - https:\/\/yoast.com\/wordpress\/plugins\/seo\/ -->\n<title>Actividad 4 - Cultura i Joventut, Santa Eul\u00e0ria des Riu<\/title>\n<meta name=\"robots\" content=\"noindex, nofollow\" \/>\n<meta property=\"og:locale\" content=\"es_ES\" \/>\n<meta property=\"og:type\" content=\"article\" \/>\n<meta property=\"og:title\" content=\"Actividad 4 - Cultura i Joventut, Santa Eul\u00e0ria des Riu\" \/>\n<meta property=\"og:description\" content=\"Actividad 4 &#8211; Showcooking BASES DEL CONCURSO DE COCINA MERIENDA NAVIDE\u00d1A SALUDABLE La Concejal\u00eda de Juventud del Ayuntamiento de Santa Eul\u00e0ria des Riu convoca el Concurso de Cocina Merienda Navide\u00f1a Saludable del programa CUIDINFANTS. Este concurso va dirigido a ni\u00f1os\/as y j\u00f3venes de 3 a 17 a\u00f1os residentes o escolarizados en alg\u00fan centro educativo del&hellip;\" \/>\n<meta property=\"og:url\" content=\"https:\/\/santaeulariaculturaijoventut.com\/es\/cuidinfants\/programa-completo\/actividad-4\/\" \/>\n<meta property=\"og:site_name\" content=\"Cultura i Joventut, Santa Eul\u00e0ria des Riu\" \/>\n<meta property=\"article:modified_time\" content=\"2021-11-16T11:16:28+00:00\" \/>\n<meta property=\"og:image\" content=\"https:\/\/santaeulariaculturaijoventut.com\/wp-content\/uploads\/2020\/12\/activitat4.jpg\" \/>\n<meta name=\"twitter:card\" content=\"summary_large_image\" \/>\n<meta name=\"twitter:label1\" content=\"Tiempo de lectura\" \/>\n\t<meta name=\"twitter:data1\" content=\"5 minutos\" \/>\n<script type=\"application\/ld+json\" class=\"yoast-schema-graph\">{\"@context\":\"https:\/\/schema.org\",\"@graph\":[{\"@type\":\"WebPage\",\"@id\":\"https:\/\/santaeulariaculturaijoventut.com\/es\/cuidinfants\/programa-completo\/actividad-4\/\",\"url\":\"https:\/\/santaeulariaculturaijoventut.com\/es\/cuidinfants\/programa-completo\/actividad-4\/\",\"name\":\"Actividad 4 - Cultura i Joventut, Santa Eul\u00e0ria des Riu\",\"isPartOf\":{\"@id\":\"https:\/\/santaeulariaculturaijoventut.com\/ca\/#website\"},\"primaryImageOfPage\":{\"@id\":\"https:\/\/santaeulariaculturaijoventut.com\/es\/cuidinfants\/programa-completo\/actividad-4\/#primaryimage\"},\"image\":{\"@id\":\"https:\/\/santaeulariaculturaijoventut.com\/es\/cuidinfants\/programa-completo\/actividad-4\/#primaryimage\"},\"thumbnailUrl\":\"https:\/\/santaeulariaculturaijoventut.com\/wp-content\/uploads\/2020\/12\/activitat4.jpg\",\"datePublished\":\"2020-12-04T15:17:42+00:00\",\"dateModified\":\"2021-11-16T11:16:28+00:00\",\"breadcrumb\":{\"@id\":\"https:\/\/santaeulariaculturaijoventut.com\/es\/cuidinfants\/programa-completo\/actividad-4\/#breadcrumb\"},\"inLanguage\":\"es\",\"potentialAction\":[{\"@type\":\"ReadAction\",\"target\":[\"https:\/\/santaeulariaculturaijoventut.com\/es\/cuidinfants\/programa-completo\/actividad-4\/\"]}]},{\"@type\":\"ImageObject\",\"inLanguage\":\"es\",\"@id\":\"https:\/\/santaeulariaculturaijoventut.com\/es\/cuidinfants\/programa-completo\/actividad-4\/#primaryimage\",\"url\":\"https:\/\/santaeulariaculturaijoventut.com\/wp-content\/uploads\/2020\/12\/activitat4.jpg\",\"contentUrl\":\"https:\/\/santaeulariaculturaijoventut.com\/wp-content\/uploads\/2020\/12\/activitat4.jpg\"},{\"@type\":\"BreadcrumbList\",\"@id\":\"https:\/\/santaeulariaculturaijoventut.com\/es\/cuidinfants\/programa-completo\/actividad-4\/#breadcrumb\",\"itemListElement\":[{\"@type\":\"ListItem\",\"position\":1,\"name\":\"Inici\",\"item\":\"https:\/\/santaeulariaculturaijoventut.com\/es\/escola-de-pasqua\/informacio-escola-de-pasqua\/\"},{\"@type\":\"ListItem\",\"position\":2,\"name\":\"Cuidinfants Edici\u00f3n 2020\",\"item\":\"https:\/\/santaeulariaculturaijoventut.com\/es\/cuidinfants\/\"},{\"@type\":\"ListItem\",\"position\":3,\"name\":\"Programa completo\",\"item\":\"https:\/\/santaeulariaculturaijoventut.com\/es\/cuidinfants\/programa-completo\/\"},{\"@type\":\"ListItem\",\"position\":4,\"name\":\"Actividad 4\"}]},{\"@type\":\"WebSite\",\"@id\":\"https:\/\/santaeulariaculturaijoventut.com\/ca\/#website\",\"url\":\"https:\/\/santaeulariaculturaijoventut.com\/ca\/\",\"name\":\"Cultura i Joventut, Santa Eul\u00e0ria des Riu\",\"description\":\"Cultura i Joventut, Santa Eul\u00e0ria des Riu\",\"potentialAction\":[{\"@type\":\"SearchAction\",\"target\":{\"@type\":\"EntryPoint\",\"urlTemplate\":\"https:\/\/santaeulariaculturaijoventut.com\/ca\/?s={search_term_string}\"},\"query-input\":{\"@type\":\"PropertyValueSpecification\",\"valueRequired\":true,\"valueName\":\"search_term_string\"}}],\"inLanguage\":\"es\"}]}<\/script>\n<!-- \/ Yoast SEO plugin. -->","yoast_head_json":{"title":"Actividad 4 - Cultura i Joventut, Santa Eul\u00e0ria des Riu","robots":{"index":"noindex","follow":"nofollow"},"og_locale":"es_ES","og_type":"article","og_title":"Actividad 4 - Cultura i Joventut, Santa Eul\u00e0ria des Riu","og_description":"Actividad 4 &#8211; Showcooking BASES DEL CONCURSO DE COCINA MERIENDA NAVIDE\u00d1A SALUDABLE La Concejal\u00eda de Juventud del Ayuntamiento de Santa Eul\u00e0ria des Riu convoca el Concurso de Cocina Merienda Navide\u00f1a Saludable del programa CUIDINFANTS. Este concurso va dirigido a ni\u00f1os\/as y j\u00f3venes de 3 a 17 a\u00f1os residentes o escolarizados en alg\u00fan centro educativo del&hellip;","og_url":"https:\/\/santaeulariaculturaijoventut.com\/es\/cuidinfants\/programa-completo\/actividad-4\/","og_site_name":"Cultura i Joventut, Santa Eul\u00e0ria des Riu","article_modified_time":"2021-11-16T11:16:28+00:00","og_image":[{"url":"https:\/\/santaeulariaculturaijoventut.com\/wp-content\/uploads\/2020\/12\/activitat4.jpg"}],"twitter_card":"summary_large_image","twitter_misc":{"Tiempo de lectura":"5 minutos"},"schema":{"@context":"https:\/\/schema.org","@graph":[{"@type":"WebPage","@id":"https:\/\/santaeulariaculturaijoventut.com\/es\/cuidinfants\/programa-completo\/actividad-4\/","url":"https:\/\/santaeulariaculturaijoventut.com\/es\/cuidinfants\/programa-completo\/actividad-4\/","name":"Actividad 4 - Cultura i Joventut, Santa Eul\u00e0ria des Riu","isPartOf":{"@id":"https:\/\/santaeulariaculturaijoventut.com\/ca\/#website"},"primaryImageOfPage":{"@id":"https:\/\/santaeulariaculturaijoventut.com\/es\/cuidinfants\/programa-completo\/actividad-4\/#primaryimage"},"image":{"@id":"https:\/\/santaeulariaculturaijoventut.com\/es\/cuidinfants\/programa-completo\/actividad-4\/#primaryimage"},"thumbnailUrl":"https:\/\/santaeulariaculturaijoventut.com\/wp-content\/uploads\/2020\/12\/activitat4.jpg","datePublished":"2020-12-04T15:17:42+00:00","dateModified":"2021-11-16T11:16:28+00:00","breadcrumb":{"@id":"https:\/\/santaeulariaculturaijoventut.com\/es\/cuidinfants\/programa-completo\/actividad-4\/#breadcrumb"},"inLanguage":"es","potentialAction":[{"@type":"ReadAction","target":["https:\/\/santaeulariaculturaijoventut.com\/es\/cuidinfants\/programa-completo\/actividad-4\/"]}]},{"@type":"ImageObject","inLanguage":"es","@id":"https:\/\/santaeulariaculturaijoventut.com\/es\/cuidinfants\/programa-completo\/actividad-4\/#primaryimage","url":"https:\/\/santaeulariaculturaijoventut.com\/wp-content\/uploads\/2020\/12\/activitat4.jpg","contentUrl":"https:\/\/santaeulariaculturaijoventut.com\/wp-content\/uploads\/2020\/12\/activitat4.jpg"},{"@type":"BreadcrumbList","@id":"https:\/\/santaeulariaculturaijoventut.com\/es\/cuidinfants\/programa-completo\/actividad-4\/#breadcrumb","itemListElement":[{"@type":"ListItem","position":1,"name":"Inici","item":"https:\/\/santaeulariaculturaijoventut.com\/es\/escola-de-pasqua\/informacio-escola-de-pasqua\/"},{"@type":"ListItem","position":2,"name":"Cuidinfants Edici\u00f3n 2020","item":"https:\/\/santaeulariaculturaijoventut.com\/es\/cuidinfants\/"},{"@type":"ListItem","position":3,"name":"Programa completo","item":"https:\/\/santaeulariaculturaijoventut.com\/es\/cuidinfants\/programa-completo\/"},{"@type":"ListItem","position":4,"name":"Actividad 4"}]},{"@type":"WebSite","@id":"https:\/\/santaeulariaculturaijoventut.com\/ca\/#website","url":"https:\/\/santaeulariaculturaijoventut.com\/ca\/","name":"Cultura i Joventut, Santa Eul\u00e0ria des Riu","description":"Cultura i Joventut, Santa Eul\u00e0ria des Riu","potentialAction":[{"@type":"SearchAction","target":{"@type":"EntryPoint","urlTemplate":"https:\/\/santaeulariaculturaijoventut.com\/ca\/?s={search_term_string}"},"query-input":{"@type":"PropertyValueSpecification","valueRequired":true,"valueName":"search_term_string"}}],"inLanguage":"es"}]}},"_links":{"self":[{"href":"https:\/\/santaeulariaculturaijoventut.com\/es\/wp-json\/wp\/v2\/pages\/1172"}],"collection":[{"href":"https:\/\/santaeulariaculturaijoventut.com\/es\/wp-json\/wp\/v2\/pages"}],"about":[{"href":"https:\/\/santaeulariaculturaijoventut.com\/es\/wp-json\/wp\/v2\/types\/page"}],"author":[{"embeddable":true,"href":"https:\/\/santaeulariaculturaijoventut.com\/es\/wp-json\/wp\/v2\/users\/1"}],"replies":[{"embeddable":true,"href":"https:\/\/santaeulariaculturaijoventut.com\/es\/wp-json\/wp\/v2\/comments?post=1172"}],"version-history":[{"count":3,"href":"https:\/\/santaeulariaculturaijoventut.com\/es\/wp-json\/wp\/v2\/pages\/1172\/revisions"}],"predecessor-version":[{"id":4526,"href":"https:\/\/santaeulariaculturaijoventut.com\/es\/wp-json\/wp\/v2\/pages\/1172\/revisions\/4526"}],"up":[{"embeddable":true,"href":"https:\/\/santaeulariaculturaijoventut.com\/es\/wp-json\/wp\/v2\/pages\/956"}],"wp:attachment":[{"href":"https:\/\/santaeulariaculturaijoventut.com\/es\/wp-json\/wp\/v2\/media?parent=1172"}],"wp:term":[{"taxonomy":"category","embeddable":true,"href":"https:\/\/santaeulariaculturaijoventut.com\/es\/wp-json\/wp\/v2\/categories?post=1172"},{"taxonomy":"post_tag","embeddable":true,"href":"https:\/\/santaeulariaculturaijoventut.com\/es\/wp-json\/wp\/v2\/tags?post=1172"},{"taxonomy":"folder","embeddable":true,"href":"https:\/\/santaeulariaculturaijoventut.com\/es\/wp-json\/wp\/v2\/folder?post=1172"}],"curies":[{"name":"wp","href":"https:\/\/api.w.org\/{rel}","templated":true}]}}