{"id":1167,"date":"2020-12-04T11:59:41","date_gmt":"2020-12-04T10:59:41","guid":{"rendered":"https:\/\/santaeulariaculturaijoventut.com\/cuidinfants\/programa-completo\/actividad-3\/"},"modified":"2021-11-16T12:15:13","modified_gmt":"2021-11-16T11:15:13","slug":"actividad-3","status":"publish","type":"page","link":"https:\/\/santaeulariaculturaijoventut.com\/es\/cuidinfants\/programa-completo\/actividad-3\/","title":{"rendered":"Actividad 3"},"content":{"rendered":"\n<h4>\n\t\tActividad 3 &#8211; Gymkhana Christmas Race\n\t<\/h4>\n\t<strong>Horario y lugar de la prueba<\/strong><br \/>\nDesembocadura del r\u00edo de Santa Eul\u00e0ria\n<strong>Recogida de dorsal<\/strong><br \/>\nEn el mismo lugar de la prueba situada en la desembocadura del r\u00edo de Santa Eul\u00e0ria.\n<strong>Pol\u00edtica de devoluciones<\/strong><br \/>\nNo existe pol\u00edtica de devoluciones por ser de inscripci\u00f3n gratuita pero te pedimos que te inscribas con responsabilidad.\n<strong>Reglamento<\/strong><br \/>\n<strong>Ibiza Blue Challenge organiza la I GYMKHANA CHRISTMAS RACE con el patrocinio del Ayuntamiento de Santa Eul\u00e0ria des Riu y de su Departamento de Juventud. La prueba se celebra el domingo 20 de diciembre entre las 10:00 y las 17:30 en la poblaci\u00f3n de Santa Eul\u00e0ria y alrededores.<\/strong>\n<strong>\u00bfQu\u00e9 es la Gymkhana Christmas Race?<\/strong><br \/>\nEs una carrera popular, familiar y no federada que consiste en una b\u00fasqueda de pistas al estilo carrera de orientaci\u00f3n utilizando un mapa. La prueba se realiza siempre por parejas y se divide en tres categor\u00edas. El objetivo es completar el recorrido, identificar y resolver las pistas escondidas, que en muchos casos son de tipo cultural y estar\u00e1n relacionadas con el pueblo y su entorno.<br \/>\nLa organizaci\u00f3n te da la salida desde la zona de la desembocadura del r\u00edo y desde all\u00ed tienes que desplazarte corriendo o andando a las zonas donde se han escondido las pistas gui\u00e1ndote por un mapa que te da la organizaci\u00f3n en el mismo momento del inicio de la prueba.<br \/>\nLa duraci\u00f3n para completar el recorrido ser\u00e1 de 40 minutos a dos horas aproximadamente y la prueba es apta para todas las edades ya que cada equipo deber\u00e1 acomodar su ritmo a su nivel y adem\u00e1s proponemos dos circuitos de diferente dificultad para los que vengan con ni\u00f1os m\u00e1s peque\u00f1os. Cada categor\u00eda tendr\u00e1 una edad diferente.<br \/>\nSi al terminar tu recorrido te has dejado un punto se penaliza con 6 minutos tu tiempo y en el caso de fallar la pregunta cultural se penaliza con 1 minuto.\n<strong>Art\u00edculo 1:<\/strong><br \/>\nLas inscripciones se realizar\u00e1n obligatoriamente de forma online a trav\u00e9s de\u00a0<a href=\"http:\/\/www.sportmaniacs.com\/\">www.sportmaniacs.com<\/a>\u00a0y tienen car\u00e1cter gratuito. Al hacer las inscripciones indicas el nombre del adulto en primer lugar y a continuaci\u00f3n el sistema te solicita que indiques el nombre del segundo integrante que forma el equipo y su a\u00f1o de nacimiento.<br \/>\nEn tu inscripci\u00f3n deber\u00e1s elegir si vienes al turno de ma\u00f1ana o al de tarde y no ser\u00e1 posible modificar horarios, por motivos de aforo, una vez realizada la inscripci\u00f3n.<br \/>\n*Tu inscripci\u00f3n incluye seguro de accidentes, dorsal, mapa para hacer tu recorrido, 1 gorro de Pap\u00e1 Noel y 1 medalla Finisher para todos los equipos que completen recorrido.\n\n<ul>\n<li>10:00 Entrega de dorsales e inicio de la competici\u00f3n del turno de ma\u00f1ana.<\/li>\n<li>13:00 h Horario m\u00e1ximo para tomar la salida del turno de ma\u00f1ana.<\/li>\n<li>14:30 Entrega de dorsales e inicio de la competici\u00f3n del turno de tarde.<\/li>\n<li>17:30 Horario m\u00e1ximo para tomar la salida del turno de tarde.<\/li>\n<\/ul>\n<p>*Esta prueba te permite venir a participar cuando quieras entre las 10:00 y las 13:00 h o entre las 14:30 y las 17:30 h pero respetando si te has inscrito al turno de ma\u00f1ana o al turno de tarde. Al llegar a la carpa de organizaci\u00f3n te damos dorsal, mapa, gorro de Pap\u00e1 Noel e inicias tu prueba.<\/p>\n\n<ul>\n<li><strong>CATEGOR\u00cdA A<\/strong> formada por un integrante de 3 a 12 a\u00f1os (nacidos entre 2017 y 2008) y una persona mayor de edad (18 a\u00f1os cumplidos el d\u00eda de la prueba). La distancia a recorrer para esta categor\u00eda ser\u00e1 de 2-3 km y 10 pistas a descubrir.<\/li>\n<li><strong>CATEGOR\u00cdA B<\/strong> formada por un integrante de 13 a\u00f1os en adelante (nacidos a partir del 2007) y una persona adulta (18 a\u00f1os cumplidos el d\u00eda de la prueba). La distancia ser\u00e1 de 4-5 km y 15 pistas.<\/li>\n<li><strong>CATEGOR\u00cdA C<\/strong> formada por un integrante de categor\u00eda especial y una persona adulta. La distancia ser\u00e1 de 1-2 km y 7-8 pistas.<\/li>\n<\/ul>\n\n<ul>\n<li>1 gorro de Pap\u00e1 Noel para todos los participantes.<\/li>\n<li>1 medalla personalizada del evento para todos los equipos que completen el recorrido.<\/li>\n<li>IBIZA BLUE CHALLENGE obsequiar\u00e1 a los tres equipos m\u00e1s r\u00e1pidos en cada una de las tres categor\u00edas con un trofeo artesanal de materiales reciclados que se enviar\u00e1 a tu casa la semana posterior a la prueba.<\/li>\n<\/ul>\n<strong>Art\u00edculo 5: Econormas<\/strong><br \/>\nRecordamos a los participantes que queda totalmente prohibido arrojar cualquier tipo de envoltorio o envase a lo largo del recorrido fuera de las zonas que la organizaci\u00f3n habilita para ello y que coinciden con el avituallamiento.\n<strong>Art\u00edculo 6: Material necesario<\/strong><br \/>\nTodos los participantes deber\u00e1n llevar zapatillas, ropa c\u00f3moda de deporte, agua o el avituallamiento que consideren en su propio envase siendo recomendable llevar una peque\u00f1a mochila por equipo. Es obligatorio llevar un tel\u00e9fono m\u00f3vil y facilitar el n\u00famero de emergencia al realizar tu inscripci\u00f3n.\n<strong>Art\u00edculo 7: Responsabilidad<\/strong><br \/>\nEsta prueba transita por calles, paseos, caminos y sendas forestales con circuito abierto al tr\u00e1fico por lo que debes, en todo momento, seguir la normativa de la v\u00eda y extremar la precauci\u00f3n. La responsabilidad del menor de edad es de la persona adulta que forma parte del equipo y deber\u00e1 mantener una permanente vigilancia para evitar incidentes.\n<strong>Art\u00edculo 8: Normas covid<\/strong><br \/>\nLa organizaci\u00f3n, con el objeto de ofreceros una prueba segura, solicita vuestra colaboraci\u00f3n y os informa de las normas que se aplicar\u00e1n a esta prueba:\n<ul>\n<li>1. En las entregas de dorsales se deber\u00e1 guardar en todo momento la separaci\u00f3n de dos metros entre cada equipo participante.<\/li>\n<li>2. Todos\/as los\/as participantes, padres\/madres y espectadores deben asistir a la prueba con mascarilla.<\/li>\n<li>3. La zona de avituallamiento que se habilitar\u00e1 en zona de meta tendr\u00e1 las bebidas en envases individuales cerrados y no podr\u00e1n compartirse entre corredores.<\/li>\n<li>4. El avituallamiento de meta se reducir\u00e1 a l\u00edquidos embotellados.<\/li>\n<li>5. Las salidas de la prueba se dar\u00e1n al ritmo que vayan llegando a recoger el dorsal para evitar aglomeraci\u00f3n de personas.<\/li>\n<li>6. La organizaci\u00f3n no dispondr\u00e1 de servicio guardarropa.<\/li>\n<li>7. La carrera tendr\u00e1 una limitaci\u00f3n m\u00e1xima de 75 equipos para el turno de ma\u00f1ana y de 75 para el turno de tarde.<\/li>\n<li>8. La organizaci\u00f3n enviar\u00e1 los trofeos a tu casa para evitar aglomeraci\u00f3n y esperas.<\/li>\n<li>9. Todo el personal de la organizaci\u00f3n llevar\u00e1 mascarillas, guantes y elementos de protecci\u00f3n en las zonas como entregas de dorsales, avituallamientos, etc.<\/li>\n<li>10. No se podr\u00e1n realizar inscripciones presenciales en el lugar de la salida para reducir los tiempos de interacci\u00f3n entre deportistas y organizaci\u00f3n.<\/li>\n<li>11. Los deportistas deber\u00e1n utilizar las mascarillas hasta estar ubicados en la zona de salida y volver a pon\u00e9rsela en el momento de finalizar la prueba.<\/li>\n<li>12. La organizaci\u00f3n tomar\u00e1 la temperatura a todos los participantes antes de tomar la salida siendo la temperatura m\u00e1xima permitida la de 37,4\u00baC.<\/li>\n<li>13. Respecto al p\u00fablico y acompa\u00f1antes, deber\u00e1n en todo momento guardar la distancia de seguridad y llevar mascarilla en todo momento.<\/li>\n<li>14. Los participantes deber\u00e1n caminar o correr guardando distancia de seguridad con otros equipos.<\/li>\n<li>15. Todos los equipos deber\u00e1n firmar el CONSENTIMIENTO COVID que hace relaci\u00f3n a la asistencia a la prueba en buen estado de salud, sin sintomatolog\u00eda, fiebre o diagn\u00f3stico positivo de covid. La organizaci\u00f3n se lo enviar\u00e1 por correo electr\u00f3nico.<\/li>\n<\/ul>\n<strong>Art\u00edculo 9:<\/strong><br \/>\nCon tu inscripci\u00f3n autorizas a la publicaci\u00f3n de fotos de tu hijo\/a en las redes sociales de Ibiza blue challenge y del Ayuntamiento de Santa Eul\u00e0ria as\u00ed como a la posible difusi\u00f3n de fotos en medios de comunicaci\u00f3n que puedan captar im\u00e1genes durante el transcurso de la prueba. En caso de no autorizarlo deber\u00e1s dirigir un email por escrito a info@ibizabluechallenge.com indicando nombre y apellidos del menor que no deseas que difundamos su imagen.\n<strong>Art\u00edculo 10:<\/strong><br \/>\nSi deseas tener toda la informaci\u00f3n de esta prueba en tu m\u00f3vil puedes descargarte de forma gratuita la aplicaci\u00f3n de Ibiza Blue Challenge. Lo puedes hacer en playstore del escritorio de tu m\u00f3vil o en estos enlaces:<br \/>\n*M\u00f3vil con tecnolog\u00eda Android:\u00a0<a href=\"https:\/\/cutt.ly\/jgvVFNG\">https:\/\/cutt.ly\/jgvVFNG<\/a><br \/>\n*M\u00f3vil don tecnolog\u00eda Ios:\u00a0<a href=\"https:\/\/cutt.ly\/KgvVC0A\">https:\/\/cutt.ly\/KgvVC0A<\/a>\n<p>El responsable del tratamiento de datos es el Ayuntamiento de Santa Eul\u00e0ria des Riu. El encargado del tratamiento es Juan Jos\u00e9 Serra Boned de la empresa IBIZA BLUE CHALLENGE. La finalidad del tratamiento es la promoci\u00f3n de la actividad I GIMKHANA CHRISTMAS RACE. La legitimaci\u00f3n para el tratamiento se basa en su consentimiento. Los datos ser\u00e1n conservados durante los t\u00e9rminos previstos en las disposiciones legales aplicables y el tiempo necesario para atender posibles responsabilidades nacidas del tratamiento. No se comunicar\u00e1n sus datos a terceros, excepto por obligaci\u00f3n legal. Tiene derecho a solicitarnos el acceso a dichos datos personales, su rectificaci\u00f3n, supresi\u00f3n o portabilidad, la limitaci\u00f3n de su tratamiento, a oponerse al tratamiento ante la Secretar\u00eda de este Ayuntamiento situado en la Plaza de Espa\u00f1a n\u00ba 1, Santa Eul\u00e0ria des Riu 07840, as\u00ed como presentar una reclamaci\u00f3n ante una autoridad de control.<\/p>\n\t\t\t<img decoding=\"async\" src=\"https:\/\/santaeulariaculturaijoventut.com\/wp-content\/uploads\/2020\/12\/activitat3.jpg\" title=\"activitat3\" alt=\"\" \/>\t\t\t\t\t\t\t\n\t\t\t\t\tPlay Video\n<h3>\n\t\tActividad 3\n\t<\/h3>\n<h4>\n\t\tS\u00e1bado 5 de diciembre\n\t<\/h4>\n\n","protected":false},"excerpt":{"rendered":"<p>Actividad 3 &#8211; Gymkhana Christmas Race Horario y lugar de la prueba Desembocadura del r\u00edo de Santa Eul\u00e0ria Recogida de dorsal En el mismo lugar de la prueba situada en la desembocadura del r\u00edo de Santa Eul\u00e0ria. Pol\u00edtica de devoluciones No existe pol\u00edtica de devoluciones por ser de inscripci\u00f3n gratuita pero te pedimos que te&hellip;<\/p>\n","protected":false},"author":1,"featured_media":0,"parent":956,"menu_order":30,"comment_status":"closed","ping_status":"closed","template":"","meta":{"footnotes":""},"categories":[75,76],"tags":[],"folder":[72],"yoast_head":"<!-- This site is optimized with the Yoast SEO plugin v23.9 - https:\/\/yoast.com\/wordpress\/plugins\/seo\/ -->\n<title>Actividad 3 - Cultura i Joventut, Santa Eul\u00e0ria des Riu<\/title>\n<meta name=\"robots\" content=\"noindex, nofollow\" \/>\n<meta property=\"og:locale\" content=\"es_ES\" \/>\n<meta property=\"og:type\" content=\"article\" \/>\n<meta property=\"og:title\" content=\"Actividad 3 - Cultura i Joventut, Santa Eul\u00e0ria des Riu\" \/>\n<meta property=\"og:description\" content=\"Actividad 3 &#8211; Gymkhana Christmas Race Horario y lugar de la prueba Desembocadura del r\u00edo de Santa Eul\u00e0ria Recogida de dorsal En el mismo lugar de la prueba situada en la desembocadura del r\u00edo de Santa Eul\u00e0ria. Pol\u00edtica de devoluciones No existe pol\u00edtica de devoluciones por ser de inscripci\u00f3n gratuita pero te pedimos que te&hellip;\" \/>\n<meta property=\"og:url\" content=\"https:\/\/santaeulariaculturaijoventut.com\/es\/cuidinfants\/programa-completo\/actividad-3\/\" \/>\n<meta property=\"og:site_name\" content=\"Cultura i Joventut, Santa Eul\u00e0ria des Riu\" \/>\n<meta property=\"article:modified_time\" content=\"2021-11-16T11:15:13+00:00\" \/>\n<meta property=\"og:image\" content=\"https:\/\/santaeulariaculturaijoventut.com\/wp-content\/uploads\/2020\/12\/activitat3.jpg\" \/>\n<meta name=\"twitter:card\" content=\"summary_large_image\" \/>\n<meta name=\"twitter:label1\" content=\"Tiempo de lectura\" \/>\n\t<meta name=\"twitter:data1\" content=\"8 minutos\" \/>\n<script type=\"application\/ld+json\" class=\"yoast-schema-graph\">{\"@context\":\"https:\/\/schema.org\",\"@graph\":[{\"@type\":\"WebPage\",\"@id\":\"https:\/\/santaeulariaculturaijoventut.com\/es\/cuidinfants\/programa-completo\/actividad-3\/\",\"url\":\"https:\/\/santaeulariaculturaijoventut.com\/es\/cuidinfants\/programa-completo\/actividad-3\/\",\"name\":\"Actividad 3 - Cultura i Joventut, Santa Eul\u00e0ria des Riu\",\"isPartOf\":{\"@id\":\"https:\/\/santaeulariaculturaijoventut.com\/ca\/#website\"},\"primaryImageOfPage\":{\"@id\":\"https:\/\/santaeulariaculturaijoventut.com\/es\/cuidinfants\/programa-completo\/actividad-3\/#primaryimage\"},\"image\":{\"@id\":\"https:\/\/santaeulariaculturaijoventut.com\/es\/cuidinfants\/programa-completo\/actividad-3\/#primaryimage\"},\"thumbnailUrl\":\"https:\/\/santaeulariaculturaijoventut.com\/wp-content\/uploads\/2020\/12\/activitat3.jpg\",\"datePublished\":\"2020-12-04T10:59:41+00:00\",\"dateModified\":\"2021-11-16T11:15:13+00:00\",\"breadcrumb\":{\"@id\":\"https:\/\/santaeulariaculturaijoventut.com\/es\/cuidinfants\/programa-completo\/actividad-3\/#breadcrumb\"},\"inLanguage\":\"es\",\"potentialAction\":[{\"@type\":\"ReadAction\",\"target\":[\"https:\/\/santaeulariaculturaijoventut.com\/es\/cuidinfants\/programa-completo\/actividad-3\/\"]}]},{\"@type\":\"ImageObject\",\"inLanguage\":\"es\",\"@id\":\"https:\/\/santaeulariaculturaijoventut.com\/es\/cuidinfants\/programa-completo\/actividad-3\/#primaryimage\",\"url\":\"https:\/\/santaeulariaculturaijoventut.com\/wp-content\/uploads\/2020\/12\/activitat3.jpg\",\"contentUrl\":\"https:\/\/santaeulariaculturaijoventut.com\/wp-content\/uploads\/2020\/12\/activitat3.jpg\"},{\"@type\":\"BreadcrumbList\",\"@id\":\"https:\/\/santaeulariaculturaijoventut.com\/es\/cuidinfants\/programa-completo\/actividad-3\/#breadcrumb\",\"itemListElement\":[{\"@type\":\"ListItem\",\"position\":1,\"name\":\"Inici\",\"item\":\"https:\/\/santaeulariaculturaijoventut.com\/es\/escoles-estiu\/informacio-escoles-destiu\/\"},{\"@type\":\"ListItem\",\"position\":2,\"name\":\"Cuidinfants Edici\u00f3n 2020\",\"item\":\"https:\/\/santaeulariaculturaijoventut.com\/es\/cuidinfants\/\"},{\"@type\":\"ListItem\",\"position\":3,\"name\":\"Programa completo\",\"item\":\"https:\/\/santaeulariaculturaijoventut.com\/es\/cuidinfants\/programa-completo\/\"},{\"@type\":\"ListItem\",\"position\":4,\"name\":\"Actividad 3\"}]},{\"@type\":\"WebSite\",\"@id\":\"https:\/\/santaeulariaculturaijoventut.com\/ca\/#website\",\"url\":\"https:\/\/santaeulariaculturaijoventut.com\/ca\/\",\"name\":\"Cultura i Joventut, Santa Eul\u00e0ria des Riu\",\"description\":\"Cultura i Joventut, Santa Eul\u00e0ria des Riu\",\"potentialAction\":[{\"@type\":\"SearchAction\",\"target\":{\"@type\":\"EntryPoint\",\"urlTemplate\":\"https:\/\/santaeulariaculturaijoventut.com\/ca\/?s={search_term_string}\"},\"query-input\":{\"@type\":\"PropertyValueSpecification\",\"valueRequired\":true,\"valueName\":\"search_term_string\"}}],\"inLanguage\":\"es\"}]}<\/script>\n<!-- \/ Yoast SEO plugin. -->","yoast_head_json":{"title":"Actividad 3 - Cultura i Joventut, Santa Eul\u00e0ria des Riu","robots":{"index":"noindex","follow":"nofollow"},"og_locale":"es_ES","og_type":"article","og_title":"Actividad 3 - Cultura i Joventut, Santa Eul\u00e0ria des Riu","og_description":"Actividad 3 &#8211; Gymkhana Christmas Race Horario y lugar de la prueba Desembocadura del r\u00edo de Santa Eul\u00e0ria Recogida de dorsal En el mismo lugar de la prueba situada en la desembocadura del r\u00edo de Santa Eul\u00e0ria. Pol\u00edtica de devoluciones No existe pol\u00edtica de devoluciones por ser de inscripci\u00f3n gratuita pero te pedimos que te&hellip;","og_url":"https:\/\/santaeulariaculturaijoventut.com\/es\/cuidinfants\/programa-completo\/actividad-3\/","og_site_name":"Cultura i Joventut, Santa Eul\u00e0ria des Riu","article_modified_time":"2021-11-16T11:15:13+00:00","og_image":[{"url":"https:\/\/santaeulariaculturaijoventut.com\/wp-content\/uploads\/2020\/12\/activitat3.jpg"}],"twitter_card":"summary_large_image","twitter_misc":{"Tiempo de lectura":"8 minutos"},"schema":{"@context":"https:\/\/schema.org","@graph":[{"@type":"WebPage","@id":"https:\/\/santaeulariaculturaijoventut.com\/es\/cuidinfants\/programa-completo\/actividad-3\/","url":"https:\/\/santaeulariaculturaijoventut.com\/es\/cuidinfants\/programa-completo\/actividad-3\/","name":"Actividad 3 - Cultura i Joventut, Santa Eul\u00e0ria des Riu","isPartOf":{"@id":"https:\/\/santaeulariaculturaijoventut.com\/ca\/#website"},"primaryImageOfPage":{"@id":"https:\/\/santaeulariaculturaijoventut.com\/es\/cuidinfants\/programa-completo\/actividad-3\/#primaryimage"},"image":{"@id":"https:\/\/santaeulariaculturaijoventut.com\/es\/cuidinfants\/programa-completo\/actividad-3\/#primaryimage"},"thumbnailUrl":"https:\/\/santaeulariaculturaijoventut.com\/wp-content\/uploads\/2020\/12\/activitat3.jpg","datePublished":"2020-12-04T10:59:41+00:00","dateModified":"2021-11-16T11:15:13+00:00","breadcrumb":{"@id":"https:\/\/santaeulariaculturaijoventut.com\/es\/cuidinfants\/programa-completo\/actividad-3\/#breadcrumb"},"inLanguage":"es","potentialAction":[{"@type":"ReadAction","target":["https:\/\/santaeulariaculturaijoventut.com\/es\/cuidinfants\/programa-completo\/actividad-3\/"]}]},{"@type":"ImageObject","inLanguage":"es","@id":"https:\/\/santaeulariaculturaijoventut.com\/es\/cuidinfants\/programa-completo\/actividad-3\/#primaryimage","url":"https:\/\/santaeulariaculturaijoventut.com\/wp-content\/uploads\/2020\/12\/activitat3.jpg","contentUrl":"https:\/\/santaeulariaculturaijoventut.com\/wp-content\/uploads\/2020\/12\/activitat3.jpg"},{"@type":"BreadcrumbList","@id":"https:\/\/santaeulariaculturaijoventut.com\/es\/cuidinfants\/programa-completo\/actividad-3\/#breadcrumb","itemListElement":[{"@type":"ListItem","position":1,"name":"Inici","item":"https:\/\/santaeulariaculturaijoventut.com\/es\/escoles-estiu\/informacio-escoles-destiu\/"},{"@type":"ListItem","position":2,"name":"Cuidinfants Edici\u00f3n 2020","item":"https:\/\/santaeulariaculturaijoventut.com\/es\/cuidinfants\/"},{"@type":"ListItem","position":3,"name":"Programa completo","item":"https:\/\/santaeulariaculturaijoventut.com\/es\/cuidinfants\/programa-completo\/"},{"@type":"ListItem","position":4,"name":"Actividad 3"}]},{"@type":"WebSite","@id":"https:\/\/santaeulariaculturaijoventut.com\/ca\/#website","url":"https:\/\/santaeulariaculturaijoventut.com\/ca\/","name":"Cultura i Joventut, Santa Eul\u00e0ria des Riu","description":"Cultura i Joventut, Santa Eul\u00e0ria des Riu","potentialAction":[{"@type":"SearchAction","target":{"@type":"EntryPoint","urlTemplate":"https:\/\/santaeulariaculturaijoventut.com\/ca\/?s={search_term_string}"},"query-input":{"@type":"PropertyValueSpecification","valueRequired":true,"valueName":"search_term_string"}}],"inLanguage":"es"}]}},"_links":{"self":[{"href":"https:\/\/santaeulariaculturaijoventut.com\/es\/wp-json\/wp\/v2\/pages\/1167"}],"collection":[{"href":"https:\/\/santaeulariaculturaijoventut.com\/es\/wp-json\/wp\/v2\/pages"}],"about":[{"href":"https:\/\/santaeulariaculturaijoventut.com\/es\/wp-json\/wp\/v2\/types\/page"}],"author":[{"embeddable":true,"href":"https:\/\/santaeulariaculturaijoventut.com\/es\/wp-json\/wp\/v2\/users\/1"}],"replies":[{"embeddable":true,"href":"https:\/\/santaeulariaculturaijoventut.com\/es\/wp-json\/wp\/v2\/comments?post=1167"}],"version-history":[{"count":2,"href":"https:\/\/santaeulariaculturaijoventut.com\/es\/wp-json\/wp\/v2\/pages\/1167\/revisions"}],"predecessor-version":[{"id":4520,"href":"https:\/\/santaeulariaculturaijoventut.com\/es\/wp-json\/wp\/v2\/pages\/1167\/revisions\/4520"}],"up":[{"embeddable":true,"href":"https:\/\/santaeulariaculturaijoventut.com\/es\/wp-json\/wp\/v2\/pages\/956"}],"wp:attachment":[{"href":"https:\/\/santaeulariaculturaijoventut.com\/es\/wp-json\/wp\/v2\/media?parent=1167"}],"wp:term":[{"taxonomy":"category","embeddable":true,"href":"https:\/\/santaeulariaculturaijoventut.com\/es\/wp-json\/wp\/v2\/categories?post=1167"},{"taxonomy":"post_tag","embeddable":true,"href":"https:\/\/santaeulariaculturaijoventut.com\/es\/wp-json\/wp\/v2\/tags?post=1167"},{"taxonomy":"folder","embeddable":true,"href":"https:\/\/santaeulariaculturaijoventut.com\/es\/wp-json\/wp\/v2\/folder?post=1167"}],"curies":[{"name":"wp","href":"https:\/\/api.w.org\/{rel}","templated":true}]}}