{"id":4068,"date":"2021-06-21T18:35:58","date_gmt":"2021-06-21T16:35:58","guid":{"rendered":"https:\/\/santaeulariaculturaijoventut.com\/?page_id=4068"},"modified":"2021-11-16T08:28:32","modified_gmt":"2021-11-16T07:28:32","slug":"festival-formatiu-de-curtmetratges-de-terror-eivissenc","status":"publish","type":"page","link":"https:\/\/santaeulariaculturaijoventut.com\/ca\/festival-formatiu-de-curtmetratges-de-terror-eivissenc\/","title":{"rendered":"Festival Formatiu de Curtmetratges de Terror Eivissenc"},"content":{"rendered":"<p><span style=\"color: #fe0400;\"><strong>Festival Formatiu de Curtmetratges de Terror Eivissenc fets amb m\u00f2bil per a joves de 12 a 18 anys (nascuts entre 2009 i 2003).<\/strong><\/span><br \/>\nEl Festival Formatiu de Curts de Terror Eivissenc \u00e9s una iniciativa de l&#8217;Ajuntament de Santa Eul\u00e0ria des Riu per impulsar la creaci\u00f3 audiovisual entre els i les joves, donar visibilitat a elements de la nostra cultura, tradici\u00f3 i llegenda, i sobretot, treballar de manera significativa l&#8217;autoconeixement i la intel\u00b7lig\u00e8ncia intrapersonal a trav\u00e9s d&#8217;elements formals audiovisuals de la por.<\/p>\n<p>AQUEST FESTIVAL CONSTA DE DOS PARTS. LA PRIMERA FASE CONSISTEIX EN UN TALLER PREPARATIU I LA SEGONA, EN UN CONCURS DE CURTS.<\/p>\n<p><span style=\"color: #fe0400;\"><strong>FASE FORMACI\u00d3<\/strong><\/span><br \/>\nEn la fase formativa i durant una setmana, totes les persones participants podran assistir a les 5 sessions del taller de creaci\u00f3 audiovisual m\u00f2bil, que tendran lloc al Punt Jove de Santa Eul\u00e0ria al passeig de la Pau s\/n (darrere l\u2019Ajuntament). Hi haur\u00e0 dos setmanes per triar al formulari d\u2019inscripci\u00f3, que treballaran els mateixos continguts: del dilluns 12 al divendres 16 de juliol de 2021 de 10 a 13 h o del dilluns 19 al divendres 23 de juliol de 2021 de 10 a 13 h.<\/p>\n<p>Les sessions del taller formatiu s\u00f3n les seg\u00fcents:<\/p>\n<p><u>DILLUNS 12.07.21 \/ DILLUNS 19.07.21 &gt; INTRODUCCI\u00d3, INSPIRACIONS I ESCENES TERROR\u00cdFIQUES DE SANTA EUL\u00c0RIA<\/u><br \/>\nEs treballaran tots els aspectes del qu\u00e8: Qu\u00e8 ens agrada de la categoria TERROR? Qu\u00e8 \u00e9s un curt de terror fet amb el m\u00f2bil? Qu\u00e8 \u00e9s un \u201chorror sketch\u201d? Qu\u00e8 hem de presentar a concurs?<\/p>\n<p><u>DIMARTS 13.07.21 \/ DIMARTS 20.07.21 &gt; PSICOLOGIA DE LA POR I COM LA PRESENTAM\/PROVOCAM A LA NOSTRA CREACI\u00d3<\/u><br \/>\nEs treballar\u00e0 la psicologia de la por amb l&#8217;objectiu d&#8217;arribar a identificar les pors internes, con\u00e8ixer-les i entendre-les millor.<br \/>\nA m\u00e9s, ens endinsarem en els aspectes narratius i creatius de les hist\u00f2ries, aix\u00ed com els recursos per concretar aquests aspectes en seq\u00fc\u00e8ncies audiovisuals. Identificarem i extraurem el m\u00e0xim d\u2019elements dins les hist\u00f2ries de por i les connectarem amb elements de la nostra cultura. Farem les primeres proves d\u2019enregistrament.<\/p>\n<p><u>DIMECRES 14.07.21 \/ DIMECRES 21.07.21 &gt; GUI\u00d3 &#8211; STORYBOARD &#8211; PRIMERES ESCENES<\/u><br \/>\nDefinirem la hist\u00f2ria, el gui\u00f3 i el gui\u00f3 t\u00e8cnic, aix\u00ed com altres aspectes com m\u00fasica i FX. Aprendrem com fer servir les apps d\u2019edici\u00f3 m\u00f2bil per aconseguir efectes audiovisuals, narratius, etc. Rodatges.<\/p>\n<p><u>DIJOUS 15.07.21 \/ DIJOUS 22.07.21 &gt; ENREGISTRAMENT \u2013 EDICI\u00d3<\/u><br \/>\nEnregistrarem totes les escenes pendents de rodatge i editarem tots els curts i horror sketches amb tots els elements t\u00e8cnics (so, subt\u00edtols, efectes, m\u00fasica, etc.). Preedici\u00f3.<\/p>\n<p><u>DIVENDRES 16.07.21 \/ DIVENDRES 23.07.21 &gt; EDICI\u00d3 \u2013 POSPRODUCCI\u00d3<\/u><br \/>\nFarem una posada en com\u00fa per identificar possibles esmenes en les creacions i per ultimar les versions definitives DIRECTOR\u2019S CUT. Edici\u00f3 final de totes les creacions en la seua versi\u00f3 DIRECTOR\u2019S CUT, enviament telem\u00e0tic i visionat de totes les creacions.<\/p>\n<p><span style=\"color: #fe0400;\"><strong>INSCRIPCI\u00d3 A LA FORMACI\u00d3<\/strong><\/span><\/p>\n<ul style=\"margin-top: -8px;\">\n<li>Inscripci\u00f3 i presentaci\u00f3 de documentaci\u00f3*: del 25 de juny al 4 de juliol de 2021 a trav\u00e9s del formulari online de la web www.santaeulariaculturaijoventut.com. Les places s\u00f3n limitades i s&#8217;adjudicaran per estricte ordre d&#8217;arribada.<\/li>\n<li>Llista provisional d\u2019admesos: el dia 5 de juliol es publicar\u00e0 a la p\u00e0gina web www.santaeulariaculturaijoventut.com.<\/li>\n<li>Per\u00edode de pagament*: del 5 al 7 de juliol de 2021. Realitzaci\u00f3 del pagament mitjan\u00e7ant targeta a trav\u00e9s del formulari d\u2019inscripci\u00f3 de www.santaeulariaculturaijoventut.com.<\/li>\n<li>Llistat definitiu d\u2019admesos: el 8 de juliol es publicar\u00e0 a www.santaeulariaculturaijoventut.com.<\/li>\n<\/ul>\n<p>*Durant el per\u00edode de pagament i presentaci\u00f3 de documentaci\u00f3, s\u2019haur\u00e0 d\u2019annexar una fotoc\u00f2pia del DNI\/NIE de la persona participant i pagar una quota d\u2019inscripci\u00f3 de 20 \u20ac.<br \/>\nLa inscripci\u00f3 al curs de formaci\u00f3 inclou una samarreta oficial del festival, un minitr\u00edpode i una targeta prepagament de Google Play per poder editar les peces audiovisuals en HD alta definici\u00f3.<\/p>\n<p><span style=\"color: #fe0400;\"><strong>CONCURS SANTA EUL\u00c0RIA CURT FEST<\/strong><\/span><\/p>\n<ol style=\"margin-top: -8px;\">\n<li>L&#8217;\u00e0mbit de participaci\u00f3 \u00e9s insular.<\/li>\n<li>Poden participar-hi joves d&#8217;entre 12 i 18 anys (nascuts entre 2009 i 2003).<\/li>\n<li>Es podr\u00e0 participar a t\u00edtol individual o col\u00b7lectiu. S&#8217;acceptar\u00e0 fins a dos obres per autor\/a o autors\/es. No \u00e9s imprescindible haver fet la fase de formaci\u00f3 per inscriure\u2019s al concurs.<\/li>\n<li>Totes les obres hauran de ser gravades amb un o diversos dispositius m\u00f2bils i hauran de combinar formats horitzontal i\/o vertical i\/o quadrat, i podran ser en color i\/o blanc i negre.<\/li>\n<li>La tem\u00e0tica del concurs \u00e9s de terror eivissenc.<\/li>\n<li>\u00c9s obligatori que en l&#8217;obra figuri algun element o escenari de l&#8217;illa d&#8217;Eivissa. Les obres han de contenir elements de la cultura i tradici\u00f3 eivissenca aix\u00ed com de les llegendes i rondalles de l&#8217;illa. Per optar al premi especial \u201cSanta Eul\u00e0ria Terror\u00edfica\u201d ser\u00e0 requisit que tots els escenaris estiguin identificats amb el municipi de Santa Eul\u00e0ria des Riu.<\/li>\n<li>Es podr\u00e0 optar al premi especial \u201cSanta Eul\u00e0ria Terror\u00edfica\u201d independentment de ser premiat\/da en una altra categoria.<\/li>\n<li>Es valorar\u00e0 especialment l&#8217;\u00fas de recursos propis d&#8217;Instagram (filtres, m\u00e0scares digitals, \u00fas de c\u00e0meres frontal, subjectiva, etc.) com a part essencial de la producci\u00f3 audiovisual i edici\u00f3 de la imatge.<\/li>\n<li>L&#8217;organitzaci\u00f3 es reserva el dret de no acceptar els materials, una vegada revisats els formats i la qualitat, que no siguin adequats per projectar per possibles car\u00e8ncies t\u00e8cniques o contingut i\/o llenguatge ofensiu.<\/li>\n<li>Totes les obres presentades podran ser publicades al web de www.santaeulariaculturaijoventut.com i a les xarxes socials del Departament de Joventut de l\u2019Ajuntament de Santa Eul\u00e0ria des Riu (@joventutsantaeularia), despr\u00e9s de la finalitzaci\u00f3 del termini de presentaci\u00f3 de curts per al concurs i abans de la cerim\u00f2nia de projecci\u00f3 i de lliurament de premis que tendr\u00e0 lloc el divendres 13 d\u2019agost de 2021 a les 20.30 h al Teatre Espanya de Santa Eul\u00e0ria.<\/li>\n<li>Les obres hauran de ser en alguna de les lleng\u00fces oficials de la Comunitat Aut\u00f2noma de les Illes Balears (catal\u00e0 o castell\u00e0).<\/li>\n<li>Les obres presentades tendran una durada m\u00ednima d&#8217;1 minut i una durada m\u00e0xima de 7 minuts, cr\u00e8dits inclosos, i la seua data de producci\u00f3 no podr\u00e0 ser anterior al 2021.<\/li>\n<\/ol>\n<p><span style=\"color: #fe0400;\"><strong>INSCRIPCI\u00d3 AL CONCURS<\/strong><\/span><\/p>\n<ol style=\"margin-top: -8px;\">\n<li>La inscripci\u00f3 es realitzar\u00e0 telem\u00e0ticament a trav\u00e9s de la p\u00e0gina web www.santaeulariaculturaijoventut.com.<\/li>\n<li>El termini d\u2019inscripci\u00f3 al concurs \u00e9s del 26 de juliol al 8 d\u2019agost de 2021.<\/li>\n<li>Els curts seleccionats s&#8217;anunciaran a la p\u00e0gina web www.santaeulariaculturaijoventut.com i a les xarxes socials del Departament de Joventut de l\u2019Ajuntament de Santa Eul\u00e0ria des Riu (@joventutsantaeularia), i els autors\/es de les obres seran avisats per email i\/o tel\u00e8fon.<\/li>\n<\/ol>\n<p><span style=\"color: #fe0400;\"><strong>JURAT I PREMIS DEL CONCURS<\/strong><\/span><\/p>\n<ol style=\"margin-top: -8px;\">\n<li>El jurat estar\u00e0 compost per membres de la comunitat educativa i de la creaci\u00f3 audiovisual i cinematogr\u00e0fica de l\u2019illa d\u2019Eivissa.<\/li>\n<li>En cada categoria s\u2019estableix un premi del p\u00fablic i un premi del jurat. Per al premi del p\u00fablic, es far\u00e0 la votaci\u00f3 a trav\u00e9s de l\u2019Instagram del Departament de Joventut de l\u2019Ajuntament de Santa Eul\u00e0ria des Riu (@joventutsantaeularia), des del dilluns 9 al dijous 12 d\u2019agost de 2021.<\/li>\n<li>S&#8217;estableixen els premis seg\u00fcents*:<\/li>\n<\/ol>\n<p><strong><span style=\"padding-left: 40px;\">1\u00aa categoria<\/span><\/strong> (joves de 12-14 anys):<\/p>\n<ul style=\"padding-left: 77px; margin-top: -8px;\">\n<li>1 premi del p\u00fablic per valor de 100 \u20ac.<\/li>\n<li>2 premis del jurat: 1r per valor de 300 \u20ac i 2n per valor de 200 \u20ac.<\/li>\n<\/ul>\n<p><strong><span style=\"padding-left: 40px;\">2\u00aa categoria<\/span><\/strong> (joves de 15-18 anys):<\/p>\n<ul style=\"padding-left: 77px; margin-top: -8px;\">\n<li>1 premi del p\u00fablic per valor de 100 \u20ac.<\/li>\n<li>2 premis del jurat: 1r per valor de 300 \u20ac i 2n per valor de 200 \u20ac.<\/li>\n<\/ul>\n<p><strong><span style=\"padding-left: 40px;\">Categoria especial:<\/span><\/strong><\/p>\n<ul style=\"padding-left: 77px; margin-top: -8px;\">\n<li>1 Premi especial \u201cSanta Eul\u00e0ria Terror\u00edfica\u201d per valor de 300 \u20ac. Premi del jurat.<\/li>\n<\/ul>\n<p><em style=\"padding-left: 40px;\">*Tots els premis consistiran en material relacionat amb la tecnologia i l&#8217;audiovisual.<\/em><\/p>\n<ol start=\"4\">\n<li>La votaci\u00f3 del p\u00fablic i les decisions del jurat s\u00f3n inapel\u00b7lables.<\/li>\n<li>Els premis podran ser declarats deserts i el jurat es reserva el dret d&#8217;aplicar l&#8217;ex aequo.<\/li>\n<li>Els premis es lliuraran durant la cerim\u00f2nia de projecci\u00f3 a l&#8217;equip creatiu de l&#8217;obra o a una persona que el representi.<\/li>\n<li>La inscripci\u00f3 en el concurs implica l&#8217;acceptaci\u00f3 \u00edntegra d&#8217;aquestes bases.<\/li>\n<li>El fet d&#8217;inscriure&#8217;s en aquest concurs suposa l&#8217;autoritzaci\u00f3 a l\u2019Ajuntament a fer les accions promocionals que consideri oportunes i a difondre l&#8217;adre\u00e7a de visualitzaci\u00f3 de les obres als seus canals de difusi\u00f3.<\/li>\n<li>Es desqualificar\u00e0 qualsevol obra que s\u2019hagi exhibit total o parcialment amb anterioritat en un altre mitj\u00e0 ali\u00e8 a aquest concurs i a l\u2019Ajuntament de Santa Eul\u00e0ria des Riu.<\/li>\n<li>L\u2019Ajuntament es reserva el dret a modificar les bases, amb av\u00eds previ a les persones participants, i el dret de cancel\u00b7laci\u00f3 del concurs per causa de baixa participaci\u00f3.<\/li>\n<\/ol>\n<p><span style=\"color: #fe0400;\"><strong>CERIM\u00d2NIA DE PROJECCI\u00d3 I DE LLIURAMENT DE PREMIS<\/strong><\/span><br \/>\nEl divendres 13 d\u2019agost de 2021 a les 20.30 h tendr\u00e0 lloc la cerim\u00f2nia de projecci\u00f3 i lliurament de premis al Teatre Espanya de Santa Eul\u00e0ria. Durant la cerim\u00f2nia es projectaran totes les obres audiovisuals i es lliuraran els premis. Les valoracions del jurat es publicaran en xarxes i al web de l&#8217;Ajuntament de Santa Eul\u00e0ria una vegada finalitzada la cerim\u00f2nia.<\/p>\n<div id=\"gtx-trans\" style=\"position: absolute; left: 66px; top: 1768px;\">\n<div class=\"gtx-trans-icon\"><\/div>\n<\/div>\n","protected":false},"excerpt":{"rendered":"<p>Festival Formatiu de Curtmetratges de Terror Eivissenc fets amb m\u00f2bil per a joves de 12 a 18 anys (nascuts entre 2009 i 2003). El Festival Formatiu de Curts de Terror Eivissenc \u00e9s una iniciativa de l&#8217;Ajuntament de Santa Eul\u00e0ria des Riu per impulsar la creaci\u00f3 audiovisual entre els i les joves, donar visibilitat a elements&hellip;<\/p>\n","protected":false},"author":1,"featured_media":0,"parent":0,"menu_order":0,"comment_status":"closed","ping_status":"closed","template":"","meta":{"footnotes":""},"categories":[83],"tags":[],"folder":[36],"yoast_head":"<!-- This site is optimized with the Yoast SEO plugin v23.9 - https:\/\/yoast.com\/wordpress\/plugins\/seo\/ -->\n<title>Festival Formatiu de Curtmetratges de Terror Eivissenc - Cultura i Joventut, Santa Eul\u00e0ria des Riu<\/title>\n<meta name=\"robots\" content=\"index, follow, max-snippet:-1, max-image-preview:large, max-video-preview:-1\" \/>\n<link rel=\"canonical\" href=\"https:\/\/santaeulariaculturaijoventut.com\/ca\/festival-formatiu-de-curtmetratges-de-terror-eivissenc\/\" \/>\n<meta property=\"og:locale\" content=\"ca_ES\" \/>\n<meta property=\"og:type\" content=\"article\" \/>\n<meta property=\"og:title\" content=\"Festival Formatiu de Curtmetratges de Terror Eivissenc - Cultura i Joventut, Santa Eul\u00e0ria des Riu\" \/>\n<meta property=\"og:description\" content=\"Festival Formatiu de Curtmetratges de Terror Eivissenc fets amb m\u00f2bil per a joves de 12 a 18 anys (nascuts entre 2009 i 2003). El Festival Formatiu de Curts de Terror Eivissenc \u00e9s una iniciativa de l&#8217;Ajuntament de Santa Eul\u00e0ria des Riu per impulsar la creaci\u00f3 audiovisual entre els i les joves, donar visibilitat a elements&hellip;\" \/>\n<meta property=\"og:url\" content=\"https:\/\/santaeulariaculturaijoventut.com\/ca\/festival-formatiu-de-curtmetratges-de-terror-eivissenc\/\" \/>\n<meta property=\"og:site_name\" content=\"Cultura i Joventut, Santa Eul\u00e0ria des Riu\" \/>\n<meta property=\"article:modified_time\" content=\"2021-11-16T07:28:32+00:00\" \/>\n<meta name=\"twitter:card\" content=\"summary_large_image\" \/>\n<meta name=\"twitter:label1\" content=\"Temps estimat de lectura\" \/>\n\t<meta name=\"twitter:data1\" content=\"7 minuts\" \/>\n<script type=\"application\/ld+json\" class=\"yoast-schema-graph\">{\"@context\":\"https:\/\/schema.org\",\"@graph\":[{\"@type\":\"WebPage\",\"@id\":\"https:\/\/santaeulariaculturaijoventut.com\/ca\/festival-formatiu-de-curtmetratges-de-terror-eivissenc\/\",\"url\":\"https:\/\/santaeulariaculturaijoventut.com\/ca\/festival-formatiu-de-curtmetratges-de-terror-eivissenc\/\",\"name\":\"Festival Formatiu de Curtmetratges de Terror Eivissenc - Cultura i Joventut, Santa Eul\u00e0ria des Riu\",\"isPartOf\":{\"@id\":\"https:\/\/santaeulariaculturaijoventut.com\/ca\/#website\"},\"datePublished\":\"2021-06-21T16:35:58+00:00\",\"dateModified\":\"2021-11-16T07:28:32+00:00\",\"breadcrumb\":{\"@id\":\"https:\/\/santaeulariaculturaijoventut.com\/ca\/festival-formatiu-de-curtmetratges-de-terror-eivissenc\/#breadcrumb\"},\"inLanguage\":\"ca\",\"potentialAction\":[{\"@type\":\"ReadAction\",\"target\":[\"https:\/\/santaeulariaculturaijoventut.com\/ca\/festival-formatiu-de-curtmetratges-de-terror-eivissenc\/\"]}]},{\"@type\":\"BreadcrumbList\",\"@id\":\"https:\/\/santaeulariaculturaijoventut.com\/ca\/festival-formatiu-de-curtmetratges-de-terror-eivissenc\/#breadcrumb\",\"itemListElement\":[{\"@type\":\"ListItem\",\"position\":1,\"name\":\"Inici\",\"item\":\"https:\/\/santaeulariaculturaijoventut.com\/ca\/escoles-estiu\/informacio-escoles-destiu\/\"},{\"@type\":\"ListItem\",\"position\":2,\"name\":\"Festival Formatiu de Curtmetratges de Terror Eivissenc\"}]},{\"@type\":\"WebSite\",\"@id\":\"https:\/\/santaeulariaculturaijoventut.com\/ca\/#website\",\"url\":\"https:\/\/santaeulariaculturaijoventut.com\/ca\/\",\"name\":\"Cultura i Joventut, Santa Eul\u00e0ria des Riu\",\"description\":\"Cultura i Joventut, Santa Eul\u00e0ria des Riu\",\"potentialAction\":[{\"@type\":\"SearchAction\",\"target\":{\"@type\":\"EntryPoint\",\"urlTemplate\":\"https:\/\/santaeulariaculturaijoventut.com\/ca\/?s={search_term_string}\"},\"query-input\":{\"@type\":\"PropertyValueSpecification\",\"valueRequired\":true,\"valueName\":\"search_term_string\"}}],\"inLanguage\":\"ca\"}]}<\/script>\n<!-- \/ Yoast SEO plugin. -->","yoast_head_json":{"title":"Festival Formatiu de Curtmetratges de Terror Eivissenc - Cultura i Joventut, Santa Eul\u00e0ria des Riu","robots":{"index":"index","follow":"follow","max-snippet":"max-snippet:-1","max-image-preview":"max-image-preview:large","max-video-preview":"max-video-preview:-1"},"canonical":"https:\/\/santaeulariaculturaijoventut.com\/ca\/festival-formatiu-de-curtmetratges-de-terror-eivissenc\/","og_locale":"ca_ES","og_type":"article","og_title":"Festival Formatiu de Curtmetratges de Terror Eivissenc - Cultura i Joventut, Santa Eul\u00e0ria des Riu","og_description":"Festival Formatiu de Curtmetratges de Terror Eivissenc fets amb m\u00f2bil per a joves de 12 a 18 anys (nascuts entre 2009 i 2003). El Festival Formatiu de Curts de Terror Eivissenc \u00e9s una iniciativa de l&#8217;Ajuntament de Santa Eul\u00e0ria des Riu per impulsar la creaci\u00f3 audiovisual entre els i les joves, donar visibilitat a elements&hellip;","og_url":"https:\/\/santaeulariaculturaijoventut.com\/ca\/festival-formatiu-de-curtmetratges-de-terror-eivissenc\/","og_site_name":"Cultura i Joventut, Santa Eul\u00e0ria des Riu","article_modified_time":"2021-11-16T07:28:32+00:00","twitter_card":"summary_large_image","twitter_misc":{"Temps estimat de lectura":"7 minuts"},"schema":{"@context":"https:\/\/schema.org","@graph":[{"@type":"WebPage","@id":"https:\/\/santaeulariaculturaijoventut.com\/ca\/festival-formatiu-de-curtmetratges-de-terror-eivissenc\/","url":"https:\/\/santaeulariaculturaijoventut.com\/ca\/festival-formatiu-de-curtmetratges-de-terror-eivissenc\/","name":"Festival Formatiu de Curtmetratges de Terror Eivissenc - Cultura i Joventut, Santa Eul\u00e0ria des Riu","isPartOf":{"@id":"https:\/\/santaeulariaculturaijoventut.com\/ca\/#website"},"datePublished":"2021-06-21T16:35:58+00:00","dateModified":"2021-11-16T07:28:32+00:00","breadcrumb":{"@id":"https:\/\/santaeulariaculturaijoventut.com\/ca\/festival-formatiu-de-curtmetratges-de-terror-eivissenc\/#breadcrumb"},"inLanguage":"ca","potentialAction":[{"@type":"ReadAction","target":["https:\/\/santaeulariaculturaijoventut.com\/ca\/festival-formatiu-de-curtmetratges-de-terror-eivissenc\/"]}]},{"@type":"BreadcrumbList","@id":"https:\/\/santaeulariaculturaijoventut.com\/ca\/festival-formatiu-de-curtmetratges-de-terror-eivissenc\/#breadcrumb","itemListElement":[{"@type":"ListItem","position":1,"name":"Inici","item":"https:\/\/santaeulariaculturaijoventut.com\/ca\/escoles-estiu\/informacio-escoles-destiu\/"},{"@type":"ListItem","position":2,"name":"Festival Formatiu de Curtmetratges de Terror Eivissenc"}]},{"@type":"WebSite","@id":"https:\/\/santaeulariaculturaijoventut.com\/ca\/#website","url":"https:\/\/santaeulariaculturaijoventut.com\/ca\/","name":"Cultura i Joventut, Santa Eul\u00e0ria des Riu","description":"Cultura i Joventut, Santa Eul\u00e0ria des Riu","potentialAction":[{"@type":"SearchAction","target":{"@type":"EntryPoint","urlTemplate":"https:\/\/santaeulariaculturaijoventut.com\/ca\/?s={search_term_string}"},"query-input":{"@type":"PropertyValueSpecification","valueRequired":true,"valueName":"search_term_string"}}],"inLanguage":"ca"}]}},"_links":{"self":[{"href":"https:\/\/santaeulariaculturaijoventut.com\/ca\/wp-json\/wp\/v2\/pages\/4068"}],"collection":[{"href":"https:\/\/santaeulariaculturaijoventut.com\/ca\/wp-json\/wp\/v2\/pages"}],"about":[{"href":"https:\/\/santaeulariaculturaijoventut.com\/ca\/wp-json\/wp\/v2\/types\/page"}],"author":[{"embeddable":true,"href":"https:\/\/santaeulariaculturaijoventut.com\/ca\/wp-json\/wp\/v2\/users\/1"}],"replies":[{"embeddable":true,"href":"https:\/\/santaeulariaculturaijoventut.com\/ca\/wp-json\/wp\/v2\/comments?post=4068"}],"version-history":[{"count":17,"href":"https:\/\/santaeulariaculturaijoventut.com\/ca\/wp-json\/wp\/v2\/pages\/4068\/revisions"}],"predecessor-version":[{"id":4106,"href":"https:\/\/santaeulariaculturaijoventut.com\/ca\/wp-json\/wp\/v2\/pages\/4068\/revisions\/4106"}],"wp:attachment":[{"href":"https:\/\/santaeulariaculturaijoventut.com\/ca\/wp-json\/wp\/v2\/media?parent=4068"}],"wp:term":[{"taxonomy":"category","embeddable":true,"href":"https:\/\/santaeulariaculturaijoventut.com\/ca\/wp-json\/wp\/v2\/categories?post=4068"},{"taxonomy":"post_tag","embeddable":true,"href":"https:\/\/santaeulariaculturaijoventut.com\/ca\/wp-json\/wp\/v2\/tags?post=4068"},{"taxonomy":"folder","embeddable":true,"href":"https:\/\/santaeulariaculturaijoventut.com\/ca\/wp-json\/wp\/v2\/folder?post=4068"}],"curies":[{"name":"wp","href":"https:\/\/api.w.org\/{rel}","templated":true}]}}