{"id":1428,"date":"2021-02-06T17:07:22","date_gmt":"2021-02-06T16:07:22","guid":{"rendered":"https:\/\/santaeulariaculturaijoventut.com\/?page_id=1428"},"modified":"2021-11-16T08:19:37","modified_gmt":"2021-11-16T07:19:37","slug":"festes-de-santa-eularia","status":"publish","type":"page","link":"https:\/\/santaeulariaculturaijoventut.com\/ca\/festes-de-santa-eularia\/","title":{"rendered":"Festes de Santa Eul\u00e0ria"},"content":{"rendered":"\n<h4>\n\t\tPrograma complet de Festes de Santa Eul\u00e0ria 2021\n\t<\/h4>\n\t<a href=\"\/ca\/festes-de-santa-eularia\/concurs-de-fotografia\"><strong>Concurs de Fotografia Festes de Santa Eul\u00e0ria 2021<\/strong><\/a><br \/>\n<a href=\"\/ca\/festes-de-santa-eularia\/concurs-de-poesia\"><strong>Concurs Puig de Missa de Poesia<\/strong><\/a><br \/>\n<a href=\"\/ca\/festes-de-santa-eularia\/mostra-fotografica-escolar-de-carnaval\"><strong>Mostra Fotogr\u00e0fica Escolar de Carnaval<\/strong><\/a>\n<strong>DEL 8 AL 12 DE FEBRER<\/strong><br \/>\nTallers infantils i juvenils a les xarxes socials de Joventut (Facebook: Joventut Santa Eul\u00e0ria \/ Instagram: joventutsantaeularia).\n<strong>12 DE FEBRER<\/strong><br \/>\nExposici\u00f3 d&#8217;autoretrats del programa CUIDINFANTS (Activitat 5 &#8220;Autoretrats d&#8217;infants i joves del municipi de Santa Eul\u00e0ria des Riu).<br \/>\nPublicaci\u00f3 de guanyadors\/es dels concursos de dibuix i microrelat del programa CUIDINFANTS (Activitat 2 &#8220;Contacontes pel Dia Internacional de l&#8217;Eliminaci\u00f3 de la Viol\u00e8ncia contra la Dona&#8221;).<br \/>\n<strong>12 h<\/strong> Missa solemne al Puig de Missa. Aforament limitat i amb les mesures sanit\u00e0ries en vigor en el moment de la celebraci\u00f3.<br \/>\n<strong>13 h<\/strong> Teatre en l\u00ednia. V\u00eddeo de l&#8217;espectacle Do not disturb de Vaiv\u00e9n Circo. Circ. Tots els p\u00fablics. 55 minuts. Disponible fins al 14 de febrer. Gravat el 14 de mar\u00e7 de 2014 al Palau de Congressos.<br \/>\n<strong>18 h<\/strong> Teatre en l\u00ednia. V\u00eddeo de l&#8217;espectacle Somnis de sorra de la companyia Borjaytuquepintas. Art amb arena, titelles i m\u00fasica en directe. Tots els p\u00fablics. 50 minuts. Disponible fins al 14 de febrer. Gravat el 21 de setembre de 2014 al Palau de Congressos.\n<strong>A PARTIR DEL 16 DE FEBRER<\/strong><br \/>\nExposici\u00f3 de la Mostra Fotogr\u00e0fica Escolar de Carnaval &#8220;El m\u00f3n darrere un antifa\u00e7&#8221;.\n<strong>A PARTIR DEL 19 DE FEBRER<\/strong><br \/>\nExposici\u00f3 del Concurs de Fotografia Festes de Santa Eul\u00e0ria 2021.\n\t\t\t<img decoding=\"async\" src=\"https:\/\/santaeulariaculturaijoventut.com\/wp-content\/uploads\/2021\/02\/thumb-do-not-disturb.jpg\" title=\"thumb-do-not-disturb\" alt=\"\" \/>\t\t\t\t\t\t\t\n\t\t\t\t\tPlay Video\n\t\t\t<img decoding=\"async\" src=\"https:\/\/santaeulariaculturaijoventut.com\/wp-content\/uploads\/2021\/02\/thumb-somins.jpg\" title=\"thumb-somins\" alt=\"\" \/>\t\t\t\t\t\t\t\n\t\t\t\t\tPlay Video\n\t<div class=\"fl-builder-content fl-builder-content-1611 fl-builder-template fl-builder-module-template fl-builder-global-templates-locked\" data-post-id=\"1611\"><div class=\"fl-module fl-module-pp-image fl-node-6023d0ae2ed44\" data-node=\"6023d0ae2ed44\">\n\t<div class=\"fl-module-content fl-node-content\">\n\t\t<div class=\"pp-photo-container\">\n\t<div class=\"pp-photo pp-photo-align-center pp-photo-align-responsive-default\" itemscope itemtype=\"http:\/\/schema.org\/ImageObject\">\n\t\t<div class=\"pp-photo-content\">\n\t\t\t<div class=\"pp-photo-content-inner\">\n\t\t\t\t\t\t\t\t<a href=\"\/ca\/festes-de-santa-eularia\/concurs-de-poesia\" target=\"_self\" itemprop=\"url\">\n\t\t\t\t\t\t\t\t\t<img loading=\"lazy\" decoding=\"async\" class=\"pp-photo-img wp-image-1453 size-full\" src=\"https:\/\/santaeulariaculturaijoventut.com\/wp-content\/uploads\/2021\/02\/BANNERS-WEB-DE-POESIA.jpg\" alt=\"BANNERS-WEB-DE-POESIA\" itemprop=\"image\" height=\"394\" width=\"700\" srcset=\"https:\/\/santaeulariaculturaijoventut.com\/wp-content\/uploads\/2021\/02\/BANNERS-WEB-DE-POESIA.jpg 700w, https:\/\/santaeulariaculturaijoventut.com\/wp-content\/uploads\/2021\/02\/BANNERS-WEB-DE-POESIA-300x169.jpg 300w\" sizes=\"(max-width: 700px) 100vw, 700px\" title=\"BANNERS-WEB-DE-POESIA\"  \/>\n\t\t\t\t\t<div class=\"pp-overlay-bg\"><\/div>\n\t\t\t\t\t\t\t\t\t\t\t\t\t<\/a>\n\t\t\t\t\t\t\t<\/div>\n\t\t\t\t\t<\/div>\n\t<\/div>\n<\/div>\n\t<\/div>\n<\/div>\n<\/div><div class=\"uabb-js-breakpoint\" style=\"display: none;\"><\/div>\n\t<div class=\"fl-builder-content fl-builder-content-1612 fl-builder-template fl-builder-module-template fl-builder-global-templates-locked\" data-post-id=\"1612\"><div class=\"fl-module fl-module-pp-image fl-node-6023d0be54886\" data-node=\"6023d0be54886\">\n\t<div class=\"fl-module-content fl-node-content\">\n\t\t<div class=\"pp-photo-container\">\n\t<div class=\"pp-photo pp-photo-align-center pp-photo-align-responsive-default\" itemscope itemtype=\"http:\/\/schema.org\/ImageObject\">\n\t\t<div class=\"pp-photo-content\">\n\t\t\t<div class=\"pp-photo-content-inner\">\n\t\t\t\t\t\t\t\t<a href=\"\/ca\/festes-de-santa-eularia\/concurs-de-fotografia\" target=\"_self\" itemprop=\"url\">\n\t\t\t\t\t\t\t\t\t<img loading=\"lazy\" decoding=\"async\" class=\"pp-photo-img wp-image-1457 size-full\" src=\"https:\/\/santaeulariaculturaijoventut.com\/wp-content\/uploads\/2021\/02\/BANNERS-WEB-DE-fotografia.jpg\" alt=\"BANNERS-WEB-DE-fotografia\" itemprop=\"image\" height=\"394\" width=\"700\" srcset=\"https:\/\/santaeulariaculturaijoventut.com\/wp-content\/uploads\/2021\/02\/BANNERS-WEB-DE-fotografia.jpg 700w, https:\/\/santaeulariaculturaijoventut.com\/wp-content\/uploads\/2021\/02\/BANNERS-WEB-DE-fotografia-300x169.jpg 300w\" sizes=\"(max-width: 700px) 100vw, 700px\" title=\"BANNERS-WEB-DE-fotografia\"  \/>\n\t\t\t\t\t<div class=\"pp-overlay-bg\"><\/div>\n\t\t\t\t\t\t\t\t\t\t\t\t\t<\/a>\n\t\t\t\t\t\t\t<\/div>\n\t\t\t\t\t<\/div>\n\t<\/div>\n<\/div>\n\t<\/div>\n<\/div>\n<\/div><div class=\"uabb-js-breakpoint\" style=\"display: none;\"><\/div>\n\n","protected":false},"excerpt":{"rendered":"<p>Programa complet de Festes de Santa Eul\u00e0ria 2021 Concurs de Fotografia Festes de Santa Eul\u00e0ria 2021 Concurs Puig de Missa de Poesia Mostra Fotogr\u00e0fica Escolar de Carnaval DEL 8 AL 12 DE FEBRER Tallers infantils i juvenils a les xarxes socials de Joventut (Facebook: Joventut Santa Eul\u00e0ria \/ Instagram: joventutsantaeularia). 12 DE FEBRER Exposici\u00f3 d&#8217;autoretrats&hellip;<\/p>\n","protected":false},"author":1,"featured_media":0,"parent":0,"menu_order":10,"comment_status":"closed","ping_status":"closed","template":"","meta":{"footnotes":""},"categories":[85],"tags":[],"folder":[33],"yoast_head":"<!-- This site is optimized with the Yoast SEO plugin v23.9 - https:\/\/yoast.com\/wordpress\/plugins\/seo\/ -->\n<title>Festes de Santa Eul\u00e0ria - Cultura i Joventut, Santa Eul\u00e0ria des Riu<\/title>\n<meta name=\"robots\" content=\"index, follow, max-snippet:-1, max-image-preview:large, max-video-preview:-1\" \/>\n<link rel=\"canonical\" href=\"https:\/\/santaeulariaculturaijoventut.com\/ca\/festes-de-santa-eularia\/\" \/>\n<meta property=\"og:locale\" content=\"ca_ES\" \/>\n<meta property=\"og:type\" content=\"article\" \/>\n<meta property=\"og:title\" content=\"Festes de Santa Eul\u00e0ria - Cultura i Joventut, Santa Eul\u00e0ria des Riu\" \/>\n<meta property=\"og:description\" content=\"Programa complet de Festes de Santa Eul\u00e0ria 2021 Concurs de Fotografia Festes de Santa Eul\u00e0ria 2021 Concurs Puig de Missa de Poesia Mostra Fotogr\u00e0fica Escolar de Carnaval DEL 8 AL 12 DE FEBRER Tallers infantils i juvenils a les xarxes socials de Joventut (Facebook: Joventut Santa Eul\u00e0ria \/ Instagram: joventutsantaeularia). 12 DE FEBRER Exposici\u00f3 d&#8217;autoretrats&hellip;\" \/>\n<meta property=\"og:url\" content=\"https:\/\/santaeulariaculturaijoventut.com\/ca\/festes-de-santa-eularia\/\" \/>\n<meta property=\"og:site_name\" content=\"Cultura i Joventut, Santa Eul\u00e0ria des Riu\" \/>\n<meta property=\"article:modified_time\" content=\"2021-11-16T07:19:37+00:00\" \/>\n<meta property=\"og:image\" content=\"https:\/\/santaeulariaculturaijoventut.com\/wp-content\/uploads\/2021\/02\/thumb-do-not-disturb.jpg\" \/>\n<meta name=\"twitter:card\" content=\"summary_large_image\" \/>\n<meta name=\"twitter:label1\" content=\"Temps estimat de lectura\" \/>\n\t<meta name=\"twitter:data1\" content=\"1 minut\" \/>\n<script type=\"application\/ld+json\" class=\"yoast-schema-graph\">{\"@context\":\"https:\/\/schema.org\",\"@graph\":[{\"@type\":\"WebPage\",\"@id\":\"https:\/\/santaeulariaculturaijoventut.com\/ca\/festes-de-santa-eularia\/\",\"url\":\"https:\/\/santaeulariaculturaijoventut.com\/ca\/festes-de-santa-eularia\/\",\"name\":\"Festes de Santa Eul\u00e0ria - Cultura i Joventut, Santa Eul\u00e0ria des Riu\",\"isPartOf\":{\"@id\":\"https:\/\/santaeulariaculturaijoventut.com\/ca\/#website\"},\"primaryImageOfPage\":{\"@id\":\"https:\/\/santaeulariaculturaijoventut.com\/ca\/festes-de-santa-eularia\/#primaryimage\"},\"image\":{\"@id\":\"https:\/\/santaeulariaculturaijoventut.com\/ca\/festes-de-santa-eularia\/#primaryimage\"},\"thumbnailUrl\":\"https:\/\/santaeulariaculturaijoventut.com\/wp-content\/uploads\/2021\/02\/thumb-do-not-disturb.jpg\",\"datePublished\":\"2021-02-06T16:07:22+00:00\",\"dateModified\":\"2021-11-16T07:19:37+00:00\",\"breadcrumb\":{\"@id\":\"https:\/\/santaeulariaculturaijoventut.com\/ca\/festes-de-santa-eularia\/#breadcrumb\"},\"inLanguage\":\"ca\",\"potentialAction\":[{\"@type\":\"ReadAction\",\"target\":[\"https:\/\/santaeulariaculturaijoventut.com\/ca\/festes-de-santa-eularia\/\"]}]},{\"@type\":\"ImageObject\",\"inLanguage\":\"ca\",\"@id\":\"https:\/\/santaeulariaculturaijoventut.com\/ca\/festes-de-santa-eularia\/#primaryimage\",\"url\":\"https:\/\/santaeulariaculturaijoventut.com\/wp-content\/uploads\/2021\/02\/thumb-do-not-disturb.jpg\",\"contentUrl\":\"https:\/\/santaeulariaculturaijoventut.com\/wp-content\/uploads\/2021\/02\/thumb-do-not-disturb.jpg\"},{\"@type\":\"BreadcrumbList\",\"@id\":\"https:\/\/santaeulariaculturaijoventut.com\/ca\/festes-de-santa-eularia\/#breadcrumb\",\"itemListElement\":[{\"@type\":\"ListItem\",\"position\":1,\"name\":\"Inici\",\"item\":\"https:\/\/santaeulariaculturaijoventut.com\/ca\/escoles-estiu\/informacio-escoles-destiu\/\"},{\"@type\":\"ListItem\",\"position\":2,\"name\":\"Festes de Santa Eul\u00e0ria\"}]},{\"@type\":\"WebSite\",\"@id\":\"https:\/\/santaeulariaculturaijoventut.com\/ca\/#website\",\"url\":\"https:\/\/santaeulariaculturaijoventut.com\/ca\/\",\"name\":\"Cultura i Joventut, Santa Eul\u00e0ria des Riu\",\"description\":\"Cultura i Joventut, Santa Eul\u00e0ria des Riu\",\"potentialAction\":[{\"@type\":\"SearchAction\",\"target\":{\"@type\":\"EntryPoint\",\"urlTemplate\":\"https:\/\/santaeulariaculturaijoventut.com\/ca\/?s={search_term_string}\"},\"query-input\":{\"@type\":\"PropertyValueSpecification\",\"valueRequired\":true,\"valueName\":\"search_term_string\"}}],\"inLanguage\":\"ca\"}]}<\/script>\n<!-- \/ Yoast SEO plugin. -->","yoast_head_json":{"title":"Festes de Santa Eul\u00e0ria - Cultura i Joventut, Santa Eul\u00e0ria des Riu","robots":{"index":"index","follow":"follow","max-snippet":"max-snippet:-1","max-image-preview":"max-image-preview:large","max-video-preview":"max-video-preview:-1"},"canonical":"https:\/\/santaeulariaculturaijoventut.com\/ca\/festes-de-santa-eularia\/","og_locale":"ca_ES","og_type":"article","og_title":"Festes de Santa Eul\u00e0ria - Cultura i Joventut, Santa Eul\u00e0ria des Riu","og_description":"Programa complet de Festes de Santa Eul\u00e0ria 2021 Concurs de Fotografia Festes de Santa Eul\u00e0ria 2021 Concurs Puig de Missa de Poesia Mostra Fotogr\u00e0fica Escolar de Carnaval DEL 8 AL 12 DE FEBRER Tallers infantils i juvenils a les xarxes socials de Joventut (Facebook: Joventut Santa Eul\u00e0ria \/ Instagram: joventutsantaeularia). 12 DE FEBRER Exposici\u00f3 d&#8217;autoretrats&hellip;","og_url":"https:\/\/santaeulariaculturaijoventut.com\/ca\/festes-de-santa-eularia\/","og_site_name":"Cultura i Joventut, Santa Eul\u00e0ria des Riu","article_modified_time":"2021-11-16T07:19:37+00:00","og_image":[{"url":"https:\/\/santaeulariaculturaijoventut.com\/wp-content\/uploads\/2021\/02\/thumb-do-not-disturb.jpg"}],"twitter_card":"summary_large_image","twitter_misc":{"Temps estimat de lectura":"1 minut"},"schema":{"@context":"https:\/\/schema.org","@graph":[{"@type":"WebPage","@id":"https:\/\/santaeulariaculturaijoventut.com\/ca\/festes-de-santa-eularia\/","url":"https:\/\/santaeulariaculturaijoventut.com\/ca\/festes-de-santa-eularia\/","name":"Festes de Santa Eul\u00e0ria - Cultura i Joventut, Santa Eul\u00e0ria des Riu","isPartOf":{"@id":"https:\/\/santaeulariaculturaijoventut.com\/ca\/#website"},"primaryImageOfPage":{"@id":"https:\/\/santaeulariaculturaijoventut.com\/ca\/festes-de-santa-eularia\/#primaryimage"},"image":{"@id":"https:\/\/santaeulariaculturaijoventut.com\/ca\/festes-de-santa-eularia\/#primaryimage"},"thumbnailUrl":"https:\/\/santaeulariaculturaijoventut.com\/wp-content\/uploads\/2021\/02\/thumb-do-not-disturb.jpg","datePublished":"2021-02-06T16:07:22+00:00","dateModified":"2021-11-16T07:19:37+00:00","breadcrumb":{"@id":"https:\/\/santaeulariaculturaijoventut.com\/ca\/festes-de-santa-eularia\/#breadcrumb"},"inLanguage":"ca","potentialAction":[{"@type":"ReadAction","target":["https:\/\/santaeulariaculturaijoventut.com\/ca\/festes-de-santa-eularia\/"]}]},{"@type":"ImageObject","inLanguage":"ca","@id":"https:\/\/santaeulariaculturaijoventut.com\/ca\/festes-de-santa-eularia\/#primaryimage","url":"https:\/\/santaeulariaculturaijoventut.com\/wp-content\/uploads\/2021\/02\/thumb-do-not-disturb.jpg","contentUrl":"https:\/\/santaeulariaculturaijoventut.com\/wp-content\/uploads\/2021\/02\/thumb-do-not-disturb.jpg"},{"@type":"BreadcrumbList","@id":"https:\/\/santaeulariaculturaijoventut.com\/ca\/festes-de-santa-eularia\/#breadcrumb","itemListElement":[{"@type":"ListItem","position":1,"name":"Inici","item":"https:\/\/santaeulariaculturaijoventut.com\/ca\/escoles-estiu\/informacio-escoles-destiu\/"},{"@type":"ListItem","position":2,"name":"Festes de Santa Eul\u00e0ria"}]},{"@type":"WebSite","@id":"https:\/\/santaeulariaculturaijoventut.com\/ca\/#website","url":"https:\/\/santaeulariaculturaijoventut.com\/ca\/","name":"Cultura i Joventut, Santa Eul\u00e0ria des Riu","description":"Cultura i Joventut, Santa Eul\u00e0ria des Riu","potentialAction":[{"@type":"SearchAction","target":{"@type":"EntryPoint","urlTemplate":"https:\/\/santaeulariaculturaijoventut.com\/ca\/?s={search_term_string}"},"query-input":{"@type":"PropertyValueSpecification","valueRequired":true,"valueName":"search_term_string"}}],"inLanguage":"ca"}]}},"_links":{"self":[{"href":"https:\/\/santaeulariaculturaijoventut.com\/ca\/wp-json\/wp\/v2\/pages\/1428"}],"collection":[{"href":"https:\/\/santaeulariaculturaijoventut.com\/ca\/wp-json\/wp\/v2\/pages"}],"about":[{"href":"https:\/\/santaeulariaculturaijoventut.com\/ca\/wp-json\/wp\/v2\/types\/page"}],"author":[{"embeddable":true,"href":"https:\/\/santaeulariaculturaijoventut.com\/ca\/wp-json\/wp\/v2\/users\/1"}],"replies":[{"embeddable":true,"href":"https:\/\/santaeulariaculturaijoventut.com\/ca\/wp-json\/wp\/v2\/comments?post=1428"}],"version-history":[{"count":1,"href":"https:\/\/santaeulariaculturaijoventut.com\/ca\/wp-json\/wp\/v2\/pages\/1428\/revisions"}],"predecessor-version":[{"id":4443,"href":"https:\/\/santaeulariaculturaijoventut.com\/ca\/wp-json\/wp\/v2\/pages\/1428\/revisions\/4443"}],"wp:attachment":[{"href":"https:\/\/santaeulariaculturaijoventut.com\/ca\/wp-json\/wp\/v2\/media?parent=1428"}],"wp:term":[{"taxonomy":"category","embeddable":true,"href":"https:\/\/santaeulariaculturaijoventut.com\/ca\/wp-json\/wp\/v2\/categories?post=1428"},{"taxonomy":"post_tag","embeddable":true,"href":"https:\/\/santaeulariaculturaijoventut.com\/ca\/wp-json\/wp\/v2\/tags?post=1428"},{"taxonomy":"folder","embeddable":true,"href":"https:\/\/santaeulariaculturaijoventut.com\/ca\/wp-json\/wp\/v2\/folder?post=1428"}],"curies":[{"name":"wp","href":"https:\/\/api.w.org\/{rel}","templated":true}]}}